{"id":970,"date":"2017-07-23T09:35:14","date_gmt":"2017-07-23T07:35:14","guid":{"rendered":"http:\/\/aikivudao.com\/?page_id=970"},"modified":"2018-08-05T10:12:47","modified_gmt":"2018-08-05T08:12:47","slug":"mentions-legales","status":"publish","type":"page","link":"https:\/\/aikivudao.com\/?page_id=970","title":{"rendered":"MENTIONS LEGALES"},"content":{"rendered":"<div class=\"row\">\n<div class=\"col-xs-7 col-xs-offset-2\">\n<div class=\"cartouche\">\n<h1 class=\"crayon article-titre-1036 surlignable\">Mentions l\u00e9gales<\/h1>\n<\/div>\n<div class=\"crayon article-chapo-1036 chapo surlignable\">\n<p>Le site www.aikivudao.com pr\u00e9sente les activit\u00e9s de l&rsquo;\u00e9cole d&rsquo;aikido dite a\u00efkivudao. Elle regroupe ses actualit\u00e9s, son fonctionnement, des formulaires d&rsquo;inscription, et des acc\u00e8s r\u00e9serv\u00e9s aux enseignants.<\/p>\n<\/div>\n<div class=\"crayon article-texte-1036 texte surlignable clearfix\">\n<div class=\"well nav-sommaire nav-sommaire-6\">\n<p><strong>Sommaire<\/strong><\/p>\n<ul class=\"spip\">\n<li><a id=\"s-Informations-editoriales\"><\/a>Informations \u00e9ditoriales<\/li>\n<li><a id=\"s-Protection-et-traitement-de-donnees-a-caractere-personnel\"><\/a>Protection et traitement de donn\u00e9es \u00e0 caract\u00e8re personnel<\/li>\n<li><a id=\"s-Prestataire-d-hebergement\"><\/a>Prestataire d\u2019h\u00e9bergement<\/li>\n<li><a id=\"s-Droits-d-auteur-et-droits-de-reproduction\"><\/a>Droits d\u2019auteur et droits de reproduction<\/li>\n<li><a id=\"s-Responsabilite-face-aux-liens-vers-d-autres-sites\"><\/a>Responsabilit\u00e9 face aux liens vers d\u2019autres sites<\/li>\n<li><a id=\"s-Aide-et-environnement-technique\"><\/a>Aide et environnement technique<\/li>\n<\/ul>\n<\/div>\n<h2 id=\"Informations-editoriales\" class=\"spip\">Informations \u00e9ditoriales<\/h2>\n<p><strong>\u00c9diteur<\/strong><\/p>\n<p>F\u00e9d\u00e9ration d&rsquo;A\u00efki Vu Dao France<br \/>\n12 boulevard Riquet<br \/>\n13012 MARSEILLE<\/p>\n<p><strong>Contact<\/strong><br class=\"autobr\" \/>La direction vous offre la possibilit\u00e9 de correspondre avec ses services, dans le respect du r\u00e9f\u00e9rentiel Marianne. Cette charte interminist\u00e9rielle vise \u00e0 garantir la qualit\u00e9 de l\u2019accueil et promeut des valeurs telles que la courtoisie, l\u2019accessibilit\u00e9, la rapidit\u00e9, la clart\u00e9 des r\u00e9ponses mais aussi un esprit d\u2019\u00e9coute, de rigueur et de transparence.<br class=\"autobr\" \/>Pour vous aider dans vos \u00e9changes et trouver le bon interlocuteur\u00a0:<br class=\"autobr\" \/><a href=\"https:\/\/aikivudao.com\/?page_id=502\">Nous contacter<\/a><\/p>\n<h2 id=\"Protection-et-traitement-de-donnees-a-caractere-personnel\" class=\"spip\">Protection et traitement de donn\u00e9es \u00e0 caract\u00e8re personnel<\/h2>\n<p><strong>Respect des lois en vigueur<\/strong><br class=\"autobr\" \/>Le site <a class=\"spip_url spip_out auto\" href=\"http:\/\/www.aikivudao.com\" rel=\"nofollow\">www.aikivudao.com<\/a> respecte la vie priv\u00e9e de l\u2019internaute et se conforme strictement aux lois en vigueur sur la protection de la vie priv\u00e9e et des libert\u00e9s individuelles. Aucune information personnelle n\u2019est collect\u00e9e \u00e0 votre insu. Aucune information personnelle n\u2019est c\u00e9d\u00e9e \u00e0 des tiers. Les courriels, les adresses \u00e9lectroniques ou autres informations nominatives dont ce site est destinataire ne font l\u2019objet d\u2019aucune exploitation et ne sont conserv\u00e9s que pour la dur\u00e9e n\u00e9cessaire \u00e0 leur traitement.<\/p>\n<p><strong>Droit des internautes\u00a0: droit d\u2019acc\u00e8s et de rectification<\/strong><br class=\"autobr\" \/>Conform\u00e9ment aux dispositions de la loi n\u00b078-17 du 6 janvier 1978 relative \u00e0 l\u2019informatique, aux fichiers et aux libert\u00e9s, les internautes disposent d\u2019un droit d\u2019acc\u00e8s, de modification, de rectification et de suppression des donn\u00e9es qui les concernent. Ce droit s\u2019exerce par voie postale, en justifiant de son identit\u00e9, \u00e0 l\u2019adresse suivante\u00a0:<\/p>\n<blockquote class=\"spip\"><p><strong>federation.akvd.fr@aikivudao.com<\/strong><\/p><\/blockquote>\n<p>La politique du site <a class=\"spip_url spip_out auto\" href=\"http:\/\/www.aikivudao.com\" rel=\"nofollow\">www.aikivudao.com<\/a> est en conformit\u00e9 avec la loi n\u00b02004-575 du 21 juin 2004 pour la confiance dans l\u2019\u00e9conomie num\u00e9rique.<br class=\"autobr\" \/><a id=\"cookies\" name=\"cookies\"><\/a><br class=\"autobr\" \/><strong>Cookies<\/strong><br class=\"autobr\" \/>Lors de la consultation de notre site aikivudao.com, des cookies sont d\u00e9pos\u00e9s sur votre ordinateur, votre mobile ou votre tablette.<br class=\"autobr\" \/>Les seuls cookies utilis\u00e9s par le site sont ceux destin\u00e9s \u00e0 la mesure d\u2019audience et ne collectent pas de donn\u00e9es personnelles. Les outils de mesures d\u2019audience sont d\u00e9ploy\u00e9s afin d\u2019obtenir des informations sur la navigation des visiteurs. Ils permettent notamment de comprendre comment les utilisateurs arrivent sur un site et de reconstituer leur parcours.<\/p>\n<p>Les donn\u00e9es g\u00e9n\u00e9r\u00e9es par les cookies sont transmises et stock\u00e9es par les prestataires de mesure d\u2019audience (Xiti). Les prestataires de mesure d\u2019audience sont susceptibles de communiquer ces donn\u00e9es \u00e0 des tiers en cas d\u2019obligation l\u00e9gale ou lorsque ces tiers traitent ces donn\u00e9es pour leur compte.<\/p>\n<ul class=\"spip\">\n<li><strong>D\u00e9finition d\u2019un cookie<\/strong><br class=\"autobr\" \/>Un cookie est un fichier texte d\u00e9pos\u00e9 sur votre ordinateur lors de la visite d\u2019un site ou de la consultation d\u2019une publicit\u00e9. Il a pour but de collecter des informations relatives \u00e0 votre navigation et de vous adresser des services adapt\u00e9s \u00e0 votre terminal (ordinateur, mobile ou tablette). Les cookies sont g\u00e9r\u00e9s par votre navigateur internet.<br class=\"autobr\" \/>Nous veillons dans la mesure du possible \u00e0 ce que les prestataires de mesures d\u2019audience respectent strictement la loi informatique et libert\u00e9s du 6 janvier 1978 modifi\u00e9e et s\u2019engagent \u00e0 mettre en \u0153uvre des mesures appropri\u00e9es de s\u00e9curisation et de protection de la confidentialit\u00e9 des donn\u00e9es.<\/li>\n<\/ul>\n<ul class=\"spip\">\n<li><strong>Param\u00e9trer votre navigateur internet<\/strong><br class=\"autobr\" \/>Vous pouvez \u00e0 tout moment choisir de d\u00e9sactiver ces cookies. Votre navigateur peut \u00e9galement \u00eatre param\u00e9tr\u00e9 pour vous signaler les cookies qui sont d\u00e9pos\u00e9s dans votre ordinateur et vous demander de les accepter ou pas. Vous pouvez accepter ou refuser les cookies au cas par cas ou bien les refuser syst\u00e9matiquement.<br class=\"autobr\" \/>En cas de refus de d\u00e9p\u00f4t de cookie, vous ne pourrez pas consulter le site aikivudao.com. Afin de g\u00e9rer les cookies au plus pr\u00e8s de vos attentes nous vous invitons \u00e0 param\u00e9trer votre navigateur en tenant compte de la finalit\u00e9 des cookies.<\/li>\n<\/ul>\n<h2 id=\"Prestataire-d-hebergement\" class=\"spip\">Prestataire d\u2019h\u00e9bergement<\/h2>\n<div class=\"row\">\n<div class=\"col-s-center col-s-12 col-l-8 marginTop40 marginBottom20\">\n<h3>OVH<\/h3>\n<\/div>\n<\/div>\n<div class=\"row\">\n<div class=\"col-s-center col-s-12 col-l-8\">SAS au capital de 10 069 020 \u20ac<br \/>\nRCS Lille M\u00e9tropole 424 761 419 00045<br \/>\nCode APE 2620Z<br \/>\nN\u00b0 TVA : FR 22 424 761 419<br \/>\nSi\u00e8ge social : 2 rue Kellermann &#8211; 59100 Roubaix &#8211; France<br \/>\nDirecteur de la publication : Octave KLABA<\/div>\n<\/div>\n<div class=\"row\">\n<div class=\"col-s-center col-s-12 col-l-8 marginTop20 marginBottom80\">\n<ul>\n<li>Pr\u00e9sident : Henryk KLABA<\/li>\n<li>Directeur g\u00e9n\u00e9ral : Laurent ALLARD<\/li>\n<li>Directeur g\u00e9n\u00e9ral d\u00e9l\u00e9gu\u00e9 : Octave KLABA<\/li>\n<li>Directeur g\u00e9n\u00e9ral d\u00e9l\u00e9gu\u00e9 : Halina KLABA<\/li>\n<li>Directeur g\u00e9n\u00e9ral d\u00e9l\u00e9gu\u00e9 : Miroslaw KLABA<\/li>\n<\/ul>\n<\/div>\n<\/div>\n<p><strong>Gestionnaire des statistiques<\/strong><br class=\"autobr\" \/>Applied Technologies Internet \/ Xiti<br class=\"autobr\" \/>Si\u00e8ge Social<br class=\"autobr\" \/>85, Avenue J.F. Kennedy<br class=\"autobr\" \/>33700 Bordeaux-M\u00e9rignac<br class=\"autobr\" \/>T\u00e9l.\u00a0: 0800 88 18 38<br class=\"autobr\" \/><a class=\"spip_out\" href=\"http:\/\/www.atinternet.com\" target=\"_blank\" rel=\"external noopener\">www.xiti.com<\/a><\/p>\n<h2 id=\"Droits-d-auteur-et-droits-de-reproduction\" class=\"spip\">Droits d\u2019auteur et droits de reproduction<\/h2>\n<p><strong>Droits de reproduction des documents publics ou officiels<\/strong><br class=\"autobr\" \/>Depuis la publication de l\u2019ordonnance n\u00b0\u00a02005-650 du 6 juin 2005 relative \u00e0 la libert\u00e9 d\u2019acc\u00e8s aux documents administratifs et \u00e0 la r\u00e9utilisation des informations publiques, ces informations peuvent \u00eatre r\u00e9utilis\u00e9es \u00e0 d\u2019autres fins que celles pour lesquelles elles ont \u00e9t\u00e9 produites, et particuli\u00e8rement les informations faisant l\u2019objet d\u2019une diffusion publique. Les documents publics ou officiels ne sont couverts par aucun droit d\u2019auteur et peuvent donc \u00eatre reproduits librement. Le graphisme, l\u2019iconographie ainsi que le contenu \u00e9ditorial demeurent la propri\u00e9t\u00e9 de l\u2019\u00c9tat, et, \u00e0 ce titre, font l\u2019objet des protections pr\u00e9vues par le Code de la propri\u00e9t\u00e9 intellectuelle. Si la reprise de ces contenus de fa\u00e7on partielle ou int\u00e9grale est autoris\u00e9e, elle doit \u00eatre obligatoirement assortie de la mention du nom de l\u2019auteur, de la source, et \u00e9ventuellement d\u2019un lien renvoyant vers le document original en ligne sur le site. La mention \u00ab\u00a0\u00a9 <a class=\"spip_url spip_out auto\" href=\"http:\/\/www.aikivudao.com\" rel=\"nofollow\">www.aikivudao.com<\/a> \u00a0\u00bb devra donc \u00eatre indiqu\u00e9e. Tous les autres contenus pr\u00e9sents sur le site sont couverts par le droit d\u2019auteur. Toute reprise est d\u00e8s lors conditionn\u00e9e \u00e0 l\u2019accord de l\u2019auteur en vertu de l\u2019article L.122-4 du Code de la propri\u00e9t\u00e9 Intellectuelle. Les informations utilis\u00e9es ne doivent l\u2019\u00eatre qu\u2019\u00e0 des fins personnelles, associatives ou professionnelles\u00a0; toute diffusion ou utilisation \u00e0 des fins commerciales ou publicitaires \u00e9tant interdites.<\/p>\n<p><strong><a href=\"https:\/\/aikivudao.com\/wp-content\/uploads\/2017\/04\/entete_aikivudao_2-1.jpg\"><img decoding=\"async\" loading=\"lazy\" class=\"alignleft size-thumbnail wp-image-904\" src=\"https:\/\/aikivudao.com\/wp-content\/uploads\/2017\/04\/entete_aikivudao_2-1-150x150.jpg\" alt=\"\" width=\"150\" height=\"150\" srcset=\"https:\/\/aikivudao.com\/wp-content\/uploads\/2017\/04\/entete_aikivudao_2-1-150x150.jpg 150w, https:\/\/aikivudao.com\/wp-content\/uploads\/2017\/04\/entete_aikivudao_2-1-45x45.jpg 45w\" sizes=\"(max-width: 150px) 100vw, 150px\" \/><\/a>Demande d\u2019autorisation de reproduction du logo<\/strong><br class=\"autobr\" \/>Si, dans le cadre d\u2019une communication officielle, vous avez besoin d\u2019utiliser le logotype AIKI VU DAO pour tous supports internes et externes (brochures, publications, sites, etc.), merci d\u2019envoyer votre demande \u00e0 l\u2019adresse suivante\u00a0:<\/p>\n<blockquote class=\"spip\"><p><strong>federation.akvd.fr@aikivudao.com<\/strong><\/p><\/blockquote>\n<p>&nbsp;<\/p>\n<p><strong>Demande d\u2019autorisation de reproduction des contenus<\/strong><br class=\"autobr\" \/>Toute copie partielle ou int\u00e9grale sur support papier ou sous forme \u00e9lectronique de pages du site doit faire l\u2019objet d\u2019une d\u00e9claration aupr\u00e8s du webmaster.<br class=\"autobr\" \/>Les demandes d\u2019autorisation de reproduction d\u2019un contenu doivent \u00eatre adress\u00e9es \u00e0 la r\u00e9daction du site du Minist\u00e8re, en \u00e9crivant \u00e0\u00a0:<\/p>\n<blockquote class=\"spip\"><p><strong>federation.akvd.fr@aikivudao.com<\/strong><\/p><\/blockquote>\n<p>La demande devra pr\u00e9ciser le contenu vis\u00e9 ainsi que la publication ou le site sur lequel ce dernier figurera. Une fois cette autorisation obtenue, la reproduction d\u2019un contenu doit ob\u00e9ir aux principes suivants\u00a0:<\/p>\n<ul class=\"spip\">\n<li>gratuit\u00e9 de la diffusion\u00a0;<\/li>\n<li>respect de l\u2019int\u00e9grit\u00e9 des documents reproduits (aucune modification, ni alt\u00e9ration d\u2019aucune sorte)\u00a0;<\/li>\n<li>mention obligatoire\u00a0: \u00ab\u00a0\u00a9 <a class=\"spip_url spip_out auto\" href=\"http:\/\/www.aikivudao.com\" rel=\"nofollow\">www.aikivudao.com<\/a> &#8211; droits r\u00e9serv\u00e9s\u00a0\u00bb. Cette mention pointera gr\u00e2ce \u00e0 un lien hypertexte directement sur le contenu.<\/li>\n<\/ul>\n<p><strong>Cr\u00e9dits photos et illustrations<\/strong> <br class=\"autobr\" \/>Toutes les photographies du site sont propri\u00e9t\u00e9 de la f\u00e9d\u00e9ration (sauf indication contraire) ou de leurs auteurs et sont utilis\u00e9es avec leur aimable autorisation. Pour les photos utilis\u00e9es en page d\u2019accueil et sur toutes les autres pages (sauf indication contraire)\u00a0:<br class=\"autobr\" \/>\u00a9 www.aikivudao.com<\/p>\n<p><strong>Cr\u00e9ation de liens vers le site<\/strong><br class=\"autobr\" \/>Le site aikivudao.com autorise, sans autorisation pr\u00e9alable, la mise en place de liens hypertextes pointant vers ses pages, sous r\u00e9serve de\u00a0:<\/p>\n<ul class=\"spip\">\n<li>ne pas utiliser la technique du lien profond, c\u2019est-\u00e0-dire que les pages du site aikivudao.com ne doivent pas \u00eatre imbriqu\u00e9es \u00e0 l\u2019int\u00e9rieur des pages d\u2019un autre site, mais visibles par l\u2019ouverture d\u2019une fen\u00eatre ind\u00e9pendante.<\/li>\n<li>mentionner la source qui pointera gr\u00e2ce \u00e0 un lien hypertexte directement sur le contenu vis\u00e9.<\/li>\n<li>ne pas utiliser le logotype de la f\u00e9d\u00e9ration sans autorisation<\/li>\n<\/ul>\n<p>Les sites qui font le choix de pointer vers aikivudao.com engagent leur responsabilit\u00e9 d\u00e8s lors qu\u2019ils porteraient atteinte \u00e0 l\u2019image du site public.<\/p>\n<h2 id=\"Responsabilite-face-aux-liens-vers-d-autres-sites\" class=\"spip\">Responsabilit\u00e9 face aux liens vers d\u2019autres sites<\/h2>\n<p>Le site aikivudao.com peut proposer des liens vers d\u2019autres sites, essentiellement des sites de partenaires associatifs ou autre \u00e9coles d&rsquo;arts martiaux mais aussi vers des sites, fran\u00e7ais ou \u00e9trangers, d\u2019associations, d\u2019organismes professionnels ou d\u2019entreprises partenaires sur des op\u00e9rations ponctuelles.<br class=\"autobr\" \/>Chaque fois, il est syst\u00e9matiquement pr\u00e9cis\u00e9 vers quel site nous vous proposons d\u2019aller. Ces pages, dont les adresses sont r\u00e9guli\u00e8rement v\u00e9rifi\u00e9es, ne font pas partie du site aikivudao.com : elles n\u2019engagent pas la responsabilit\u00e9 de la r\u00e9daction du site qui ne peut \u00eatre tenue pour responsable des contenus vers lesquels ces liens pointent. Ils ne visent qu\u2019\u00e0 permettre \u00e0 l\u2019internaute d\u2019acc\u00e9der plus facilement \u00e0 d\u2019autres ressources documentaires sur le sujet consult\u00e9.<\/p>\n<h2 id=\"Aide-et-environnement-technique\" class=\"spip\">Aide et environnement technique<\/h2>\n<p><strong>Affichage<\/strong><\/p>\n<p>Ce site est optimis\u00e9 pour un affichage en 1024&#215;768. Il est pr\u00e9vu pour les principaux navigateurs Microsoft Internet Explorer 9 (et au-dessus), Google Chrome et Mozilla Firefox.<\/p>\n<p><strong>Aide technique<\/strong><\/p>\n<ul class=\"spip\">\n<li>Format P.D.F. &#8211; Adobe\u00ae Reader\u00ae<br class=\"autobr\" \/>Le site contient de nombreux fichiers au format P.D.F. (portable document format) permettant de consulter et d\u2019imprimer un fichier sur tout type de mat\u00e9riel, plate-forme et \u00e9quipement divers. Pour lire ce format, il faut disposer du <a class=\"spip_out\" href=\"http:\/\/www.adobe.fr\/products\/acrobat\/readstep2.html\" target=\"_blank\" rel=\"external noopener\">logiciel gratuit Adobe\u00ae Reader\u00ae<\/a>.<\/li>\n<\/ul>\n<\/div>\n<\/div>\n<\/div>\n","protected":false},"excerpt":{"rendered":"<p>Mentions l\u00e9gales Le site www.aikivudao.com pr\u00e9sente les activit\u00e9s de l&rsquo;\u00e9cole d&rsquo;aikido dite a\u00efkivudao. Elle regroupe ses actualit\u00e9s, son fonctionnement, des formulaires d&rsquo;inscription, et des acc\u00e8s r\u00e9serv\u00e9s aux enseignants. Sommaire Informations \u00e9ditoriales Protection et traitement de donn\u00e9es \u00e0 caract\u00e8re personnel Prestataire d\u2019h\u00e9bergement Droits d\u2019auteur et droits de reproduction Responsabilit\u00e9 face aux &hellip;<\/p>\n","protected":false},"author":1,"featured_media":0,"parent":0,"menu_order":0,"comment_status":"closed","ping_status":"closed","template":"","meta":[],"yoast_head":"<!-- This site is optimized with the Yoast SEO plugin v21.1 - https:\/\/yoast.com\/wordpress\/plugins\/seo\/ -->\n<title>MENTIONS LEGALES - AIKI VU DAO<\/title>\n<meta name=\"robots\" content=\"index, follow, max-snippet:-1, max-image-preview:large, max-video-preview:-1\" \/>\n<link rel=\"canonical\" href=\"https:\/\/aikivudao.com\/?page_id=970\" \/>\n<meta property=\"og:locale\" content=\"fr_FR\" \/>\n<meta property=\"og:type\" content=\"article\" \/>\n<meta property=\"og:title\" content=\"MENTIONS LEGALES - AIKI VU DAO\" \/>\n<meta property=\"og:description\" content=\"Mentions l\u00e9gales Le site www.aikivudao.com pr\u00e9sente les activit\u00e9s de l&rsquo;\u00e9cole d&rsquo;aikido dite a\u00efkivudao. Elle regroupe ses actualit\u00e9s, son fonctionnement, des formulaires d&rsquo;inscription, et des acc\u00e8s r\u00e9serv\u00e9s aux enseignants. Sommaire Informations \u00e9ditoriales Protection et traitement de donn\u00e9es \u00e0 caract\u00e8re personnel Prestataire d\u2019h\u00e9bergement Droits d\u2019auteur et droits de reproduction Responsabilit\u00e9 face aux &hellip;\" \/>\n<meta property=\"og:url\" content=\"https:\/\/aikivudao.com\/?page_id=970\" \/>\n<meta property=\"og:site_name\" content=\"AIKI VU DAO\" \/>\n<meta property=\"article:modified_time\" content=\"2018-08-05T08:12:47+00:00\" \/>\n<meta property=\"og:image\" content=\"http:\/\/aikivudao.com\/wp-content\/uploads\/2017\/04\/entete_aikivudao_2-1-150x150.jpg\" \/>\n<meta name=\"twitter:card\" content=\"summary_large_image\" \/>\n<script type=\"application\/ld+json\" class=\"yoast-schema-graph\">{\"@context\":\"https:\/\/schema.org\",\"@graph\":[{\"@type\":\"WebPage\",\"@id\":\"https:\/\/aikivudao.com\/?page_id=970\",\"url\":\"https:\/\/aikivudao.com\/?page_id=970\",\"name\":\"MENTIONS LEGALES - AIKI VU DAO\",\"isPartOf\":{\"@id\":\"https:\/\/aikivudao.com\/#website\"},\"datePublished\":\"2017-07-23T07:35:14+00:00\",\"dateModified\":\"2018-08-05T08:12:47+00:00\",\"breadcrumb\":{\"@id\":\"https:\/\/aikivudao.com\/?page_id=970#breadcrumb\"},\"inLanguage\":\"fr-FR\",\"potentialAction\":[{\"@type\":\"ReadAction\",\"target\":[\"https:\/\/aikivudao.com\/?page_id=970\"]}]},{\"@type\":\"BreadcrumbList\",\"@id\":\"https:\/\/aikivudao.com\/?page_id=970#breadcrumb\",\"itemListElement\":[{\"@type\":\"ListItem\",\"position\":1,\"name\":\"Accueil\",\"item\":\"https:\/\/aikivudao.com\/\"},{\"@type\":\"ListItem\",\"position\":2,\"name\":\"MENTIONS LEGALES\"}]},{\"@type\":\"WebSite\",\"@id\":\"https:\/\/aikivudao.com\/#website\",\"url\":\"https:\/\/aikivudao.com\/\",\"name\":\"AIKI VU DAO\",\"description\":\"Ecole d&#039;A\u00efkido - art martial japonais, aikibudoviet\",\"potentialAction\":[{\"@type\":\"SearchAction\",\"target\":{\"@type\":\"EntryPoint\",\"urlTemplate\":\"https:\/\/aikivudao.com\/?s={search_term_string}\"},\"query-input\":\"required name=search_term_string\"}],\"inLanguage\":\"fr-FR\"}]}<\/script>\n<!-- \/ Yoast SEO plugin. -->","yoast_head_json":{"title":"MENTIONS LEGALES - AIKI VU DAO","robots":{"index":"index","follow":"follow","max-snippet":"max-snippet:-1","max-image-preview":"max-image-preview:large","max-video-preview":"max-video-preview:-1"},"canonical":"https:\/\/aikivudao.com\/?page_id=970","og_locale":"fr_FR","og_type":"article","og_title":"MENTIONS LEGALES - AIKI VU DAO","og_description":"Mentions l\u00e9gales Le site www.aikivudao.com pr\u00e9sente les activit\u00e9s de l&rsquo;\u00e9cole d&rsquo;aikido dite a\u00efkivudao. Elle regroupe ses actualit\u00e9s, son fonctionnement, des formulaires d&rsquo;inscription, et des acc\u00e8s r\u00e9serv\u00e9s aux enseignants. Sommaire Informations \u00e9ditoriales Protection et traitement de donn\u00e9es \u00e0 caract\u00e8re personnel Prestataire d\u2019h\u00e9bergement Droits d\u2019auteur et droits de reproduction Responsabilit\u00e9 face aux &hellip;","og_url":"https:\/\/aikivudao.com\/?page_id=970","og_site_name":"AIKI VU DAO","article_modified_time":"2018-08-05T08:12:47+00:00","og_image":[{"url":"http:\/\/aikivudao.com\/wp-content\/uploads\/2017\/04\/entete_aikivudao_2-1-150x150.jpg"}],"twitter_card":"summary_large_image","schema":{"@context":"https:\/\/schema.org","@graph":[{"@type":"WebPage","@id":"https:\/\/aikivudao.com\/?page_id=970","url":"https:\/\/aikivudao.com\/?page_id=970","name":"MENTIONS LEGALES - AIKI VU DAO","isPartOf":{"@id":"https:\/\/aikivudao.com\/#website"},"datePublished":"2017-07-23T07:35:14+00:00","dateModified":"2018-08-05T08:12:47+00:00","breadcrumb":{"@id":"https:\/\/aikivudao.com\/?page_id=970#breadcrumb"},"inLanguage":"fr-FR","potentialAction":[{"@type":"ReadAction","target":["https:\/\/aikivudao.com\/?page_id=970"]}]},{"@type":"BreadcrumbList","@id":"https:\/\/aikivudao.com\/?page_id=970#breadcrumb","itemListElement":[{"@type":"ListItem","position":1,"name":"Accueil","item":"https:\/\/aikivudao.com\/"},{"@type":"ListItem","position":2,"name":"MENTIONS LEGALES"}]},{"@type":"WebSite","@id":"https:\/\/aikivudao.com\/#website","url":"https:\/\/aikivudao.com\/","name":"AIKI VU DAO","description":"Ecole d&#039;A\u00efkido - art martial japonais, aikibudoviet","potentialAction":[{"@type":"SearchAction","target":{"@type":"EntryPoint","urlTemplate":"https:\/\/aikivudao.com\/?s={search_term_string}"},"query-input":"required name=search_term_string"}],"inLanguage":"fr-FR"}]}},"_links":{"self":[{"href":"https:\/\/aikivudao.com\/index.php?rest_route=\/wp\/v2\/pages\/970"}],"collection":[{"href":"https:\/\/aikivudao.com\/index.php?rest_route=\/wp\/v2\/pages"}],"about":[{"href":"https:\/\/aikivudao.com\/index.php?rest_route=\/wp\/v2\/types\/page"}],"author":[{"embeddable":true,"href":"https:\/\/aikivudao.com\/index.php?rest_route=\/wp\/v2\/users\/1"}],"replies":[{"embeddable":true,"href":"https:\/\/aikivudao.com\/index.php?rest_route=%2Fwp%2Fv2%2Fcomments&post=970"}],"version-history":[{"count":2,"href":"https:\/\/aikivudao.com\/index.php?rest_route=\/wp\/v2\/pages\/970\/revisions"}],"predecessor-version":[{"id":1339,"href":"https:\/\/aikivudao.com\/index.php?rest_route=\/wp\/v2\/pages\/970\/revisions\/1339"}],"wp:attachment":[{"href":"https:\/\/aikivudao.com\/index.php?rest_route=%2Fwp%2Fv2%2Fmedia&parent=970"}],"curies":[{"name":"wp","href":"https:\/\/api.w.org\/{rel}","templated":true}]}}