{"id":857,"date":"2017-03-12T08:54:33","date_gmt":"2017-03-12T07:54:33","guid":{"rendered":"http:\/\/aikivudao.com\/?page_id=857"},"modified":"2018-09-25T22:09:34","modified_gmt":"2018-09-25T20:09:34","slug":"cn-1er-dang","status":"publish","type":"page","link":"https:\/\/aikivudao.com\/?page_id=857","title":{"rendered":"CEINTURE 1ER DANG"},"content":{"rendered":"<h3>Ceinture noire 1er Dang<\/h3>\n<p>&nbsp;<\/p>\n<p>En Aiki Vu Dao, la ceinture noire 1er Dang est diff\u00e9renci\u00e9e de la ceinture noire classique. Elle marque le d\u00e9but d&rsquo;un cycle o\u00f9 les techniques acquises durant des ann\u00e9es viennent s&rsquo;associer \u00e0 un travail avec les armes, les randoris et techniques en multi-attaquants.<\/p>\n<p>(un an apr\u00e8s la ceinture noire)<\/p>\n<p><em>t\u00e9l\u00e9chargez la fiche au format PDF :<br \/>\n<\/em><\/p>\n<p><a href=\"https:\/\/aikivudao.com\/wp-content\/uploads\/2018\/09\/Prog_CN1_Aikivudao_2018.pdf\">Prog_CN1_Aikivudao_2018<\/a><\/p>\n","protected":false},"excerpt":{"rendered":"<p>Ceinture noire 1er Dang &nbsp; En Aiki Vu Dao, la ceinture noire 1er Dang est diff\u00e9renci\u00e9e de la ceinture noire classique. Elle marque le d\u00e9but d&rsquo;un cycle o\u00f9 les techniques acquises durant des ann\u00e9es viennent s&rsquo;associer \u00e0 un travail avec les armes, les randoris et techniques en multi-attaquants. (un an &hellip;<\/p>\n","protected":false},"author":1,"featured_media":0,"parent":29,"menu_order":0,"comment_status":"closed","ping_status":"closed","template":"","meta":[],"yoast_head":"<!-- This site is optimized with the Yoast SEO plugin v21.1 - https:\/\/yoast.com\/wordpress\/plugins\/seo\/ -->\n<title>CEINTURE 1ER DANG - AIKI VU DAO<\/title>\n<meta name=\"robots\" content=\"index, follow, max-snippet:-1, max-image-preview:large, max-video-preview:-1\" \/>\n<link rel=\"canonical\" href=\"https:\/\/aikivudao.com\/?page_id=857\" \/>\n<meta property=\"og:locale\" content=\"fr_FR\" \/>\n<meta property=\"og:type\" content=\"article\" \/>\n<meta property=\"og:title\" content=\"CEINTURE 1ER DANG - AIKI VU DAO\" \/>\n<meta property=\"og:description\" content=\"Ceinture noire 1er Dang &nbsp; En Aiki Vu Dao, la ceinture noire 1er Dang est diff\u00e9renci\u00e9e de la ceinture noire classique. Elle marque le d\u00e9but d&rsquo;un cycle o\u00f9 les techniques acquises durant des ann\u00e9es viennent s&rsquo;associer \u00e0 un travail avec les armes, les randoris et techniques en multi-attaquants. (un an &hellip;\" \/>\n<meta property=\"og:url\" content=\"https:\/\/aikivudao.com\/?page_id=857\" \/>\n<meta property=\"og:site_name\" content=\"AIKI VU DAO\" \/>\n<meta property=\"article:modified_time\" content=\"2018-09-25T20:09:34+00:00\" \/>\n<meta name=\"twitter:card\" content=\"summary_large_image\" \/>\n<script type=\"application\/ld+json\" class=\"yoast-schema-graph\">{\"@context\":\"https:\/\/schema.org\",\"@graph\":[{\"@type\":\"WebPage\",\"@id\":\"https:\/\/aikivudao.com\/?page_id=857\",\"url\":\"https:\/\/aikivudao.com\/?page_id=857\",\"name\":\"CEINTURE 1ER DANG - AIKI VU DAO\",\"isPartOf\":{\"@id\":\"https:\/\/aikivudao.com\/#website\"},\"datePublished\":\"2017-03-12T07:54:33+00:00\",\"dateModified\":\"2018-09-25T20:09:34+00:00\",\"breadcrumb\":{\"@id\":\"https:\/\/aikivudao.com\/?page_id=857#breadcrumb\"},\"inLanguage\":\"fr-FR\",\"potentialAction\":[{\"@type\":\"ReadAction\",\"target\":[\"https:\/\/aikivudao.com\/?page_id=857\"]}]},{\"@type\":\"BreadcrumbList\",\"@id\":\"https:\/\/aikivudao.com\/?page_id=857#breadcrumb\",\"itemListElement\":[{\"@type\":\"ListItem\",\"position\":1,\"name\":\"Accueil\",\"item\":\"https:\/\/aikivudao.com\/\"},{\"@type\":\"ListItem\",\"position\":2,\"name\":\"Techniques\",\"item\":\"https:\/\/aikivudao.com\/?page_id=29\"},{\"@type\":\"ListItem\",\"position\":3,\"name\":\"CEINTURE 1ER DANG\"}]},{\"@type\":\"WebSite\",\"@id\":\"https:\/\/aikivudao.com\/#website\",\"url\":\"https:\/\/aikivudao.com\/\",\"name\":\"AIKI VU DAO\",\"description\":\"Ecole d&#039;A\u00efkido - art martial japonais, aikibudoviet\",\"potentialAction\":[{\"@type\":\"SearchAction\",\"target\":{\"@type\":\"EntryPoint\",\"urlTemplate\":\"https:\/\/aikivudao.com\/?s={search_term_string}\"},\"query-input\":\"required name=search_term_string\"}],\"inLanguage\":\"fr-FR\"}]}<\/script>\n<!-- \/ Yoast SEO plugin. -->","yoast_head_json":{"title":"CEINTURE 1ER DANG - AIKI VU DAO","robots":{"index":"index","follow":"follow","max-snippet":"max-snippet:-1","max-image-preview":"max-image-preview:large","max-video-preview":"max-video-preview:-1"},"canonical":"https:\/\/aikivudao.com\/?page_id=857","og_locale":"fr_FR","og_type":"article","og_title":"CEINTURE 1ER DANG - AIKI VU DAO","og_description":"Ceinture noire 1er Dang &nbsp; En Aiki Vu Dao, la ceinture noire 1er Dang est diff\u00e9renci\u00e9e de la ceinture noire classique. Elle marque le d\u00e9but d&rsquo;un cycle o\u00f9 les techniques acquises durant des ann\u00e9es viennent s&rsquo;associer \u00e0 un travail avec les armes, les randoris et techniques en multi-attaquants. (un an &hellip;","og_url":"https:\/\/aikivudao.com\/?page_id=857","og_site_name":"AIKI VU DAO","article_modified_time":"2018-09-25T20:09:34+00:00","twitter_card":"summary_large_image","schema":{"@context":"https:\/\/schema.org","@graph":[{"@type":"WebPage","@id":"https:\/\/aikivudao.com\/?page_id=857","url":"https:\/\/aikivudao.com\/?page_id=857","name":"CEINTURE 1ER DANG - AIKI VU DAO","isPartOf":{"@id":"https:\/\/aikivudao.com\/#website"},"datePublished":"2017-03-12T07:54:33+00:00","dateModified":"2018-09-25T20:09:34+00:00","breadcrumb":{"@id":"https:\/\/aikivudao.com\/?page_id=857#breadcrumb"},"inLanguage":"fr-FR","potentialAction":[{"@type":"ReadAction","target":["https:\/\/aikivudao.com\/?page_id=857"]}]},{"@type":"BreadcrumbList","@id":"https:\/\/aikivudao.com\/?page_id=857#breadcrumb","itemListElement":[{"@type":"ListItem","position":1,"name":"Accueil","item":"https:\/\/aikivudao.com\/"},{"@type":"ListItem","position":2,"name":"Techniques","item":"https:\/\/aikivudao.com\/?page_id=29"},{"@type":"ListItem","position":3,"name":"CEINTURE 1ER DANG"}]},{"@type":"WebSite","@id":"https:\/\/aikivudao.com\/#website","url":"https:\/\/aikivudao.com\/","name":"AIKI VU DAO","description":"Ecole d&#039;A\u00efkido - art martial japonais, aikibudoviet","potentialAction":[{"@type":"SearchAction","target":{"@type":"EntryPoint","urlTemplate":"https:\/\/aikivudao.com\/?s={search_term_string}"},"query-input":"required name=search_term_string"}],"inLanguage":"fr-FR"}]}},"_links":{"self":[{"href":"https:\/\/aikivudao.com\/index.php?rest_route=\/wp\/v2\/pages\/857"}],"collection":[{"href":"https:\/\/aikivudao.com\/index.php?rest_route=\/wp\/v2\/pages"}],"about":[{"href":"https:\/\/aikivudao.com\/index.php?rest_route=\/wp\/v2\/types\/page"}],"author":[{"embeddable":true,"href":"https:\/\/aikivudao.com\/index.php?rest_route=\/wp\/v2\/users\/1"}],"replies":[{"embeddable":true,"href":"https:\/\/aikivudao.com\/index.php?rest_route=%2Fwp%2Fv2%2Fcomments&post=857"}],"version-history":[{"count":10,"href":"https:\/\/aikivudao.com\/index.php?rest_route=\/wp\/v2\/pages\/857\/revisions"}],"predecessor-version":[{"id":1382,"href":"https:\/\/aikivudao.com\/index.php?rest_route=\/wp\/v2\/pages\/857\/revisions\/1382"}],"up":[{"embeddable":true,"href":"https:\/\/aikivudao.com\/index.php?rest_route=\/wp\/v2\/pages\/29"}],"wp:attachment":[{"href":"https:\/\/aikivudao.com\/index.php?rest_route=%2Fwp%2Fv2%2Fmedia&parent=857"}],"curies":[{"name":"wp","href":"https:\/\/api.w.org\/{rel}","templated":true}]}}