{"id":764,"date":"2016-11-20T22:01:24","date_gmt":"2016-11-20T21:01:24","guid":{"rendered":"http:\/\/aikivudao.com\/?page_id=764"},"modified":"2016-12-18T09:45:49","modified_gmt":"2016-12-18T08:45:49","slug":"les-armes-en-aikivudao","status":"publish","type":"page","link":"https:\/\/aikivudao.com\/?page_id=764","title":{"rendered":"Les armes en AIKIVUDAO"},"content":{"rendered":"<h2>Les armes en AIKIVUDAO<\/h2>\n<p>&nbsp;<\/p>\n<p>En Aikivudao les armes utilis\u00e9es sont celles de l&rsquo;aikido :<br \/>\nLe jyo (baton en bois), le tanto (couteau en bois), le bokken (sabre en bois) et le katana (ou plut\u00f4t Ia\u00efto, sabre d&rsquo;entrainement)<\/p>\n<p>Et aussi celles du viet vu dao avec notamment les quyens baton.<\/p>\n<p><iframe loading=\"lazy\" title=\"aikivudao rouviere Aikido FAKVDF \u00e9cole Aikivudao\" width=\"1505\" height=\"847\" src=\"https:\/\/www.youtube.com\/embed\/yHsS5zj2qKk?feature=oembed\" frameborder=\"0\" allow=\"accelerometer; autoplay; clipboard-write; encrypted-media; gyroscope; picture-in-picture\" allowfullscreen><\/iframe><\/p>\n<h3>SABRE<\/h3>\n<p>Le travail du sabre en Aikivudao a une origine particuli\u00e8re.<\/p>\n<p>Comme la grande majorit\u00e9 des \u00e9coles d&rsquo;aikido, le travail du sabre ne fait se fait au travers d&rsquo;une \u00e9cole de r\u00e9f\u00e9rence ou d&rsquo;un ma\u00eetre d&rsquo;armes.<\/p>\n<p>L&rsquo;origine des katas de Ia\u00efdo enseign\u00e9s ici provient du Yoseikan Budo et du travail propos\u00e9 par le maitre Hiroo Mochizuki au travers de l&rsquo;un de ses disciples : Georges RAMEL.<\/p>\n<p>Georges RAMEL \u00e9tait un pratiquant d&rsquo;aikido, de karat\u00e9 et de yoseikan budo. Dans les ann\u00e9es 80, il s&rsquo;est rapproch\u00e9 du maitre Hiroo Mochizuki pour devenir rapidement un expert de cet art martial. Il y a \u00e9tudi\u00e9 les formes de comp\u00e9tition, le Ia\u00efdo. Cavalier \u00e9m\u00e9rite, il pratiquait \u00e9galement le bajutsu (tir \u00e0 l&rsquo;arc \u00e0 cheval).<\/p>\n<p>Sa pratique du sabre \u00e9tait vraiment diff\u00e9rente de toutes celles habituelles. Outre la fluidit\u00e9, on y retrouvait un esprit combattif, et un rituel particuli\u00e8rement saisissant. Il n&rsquo;en fallait pas plus pour que Jean-Pierre Rouvi\u00e8re et quelques uns de ses \u00e9l\u00e8ves d\u00e9cident de s&rsquo;initier \u00e0 cette pratique. L&rsquo;art du sabre selon l&rsquo;\u00e9cole Mochizuki se pratique aussi bien sous forme de kata que face \u00e0 face dans un combat imaginaire. Cette pratique permet de d\u00e9velopper la concentration et de r\u00e9ellement de lib\u00e9rer son esprit du quotidien.<\/p>\n<p>Les 6 katas qui composent la pratique sont compos\u00e9s d&rsquo;un rituel de pr\u00e9sentation du sabre, d&rsquo;un salut, de la coupe. Ils sont pratiqu\u00e9s seul ou \u00e0 deux.<\/p>\n<p>&nbsp;<\/p>\n","protected":false},"excerpt":{"rendered":"<p>Les armes en AIKIVUDAO &nbsp; En Aikivudao les armes utilis\u00e9es sont celles de l&rsquo;aikido : Le jyo (baton en bois), le tanto (couteau en bois), le bokken (sabre en bois) et le katana (ou plut\u00f4t Ia\u00efto, sabre d&rsquo;entrainement) Et aussi celles du viet vu dao avec notamment les quyens baton. &hellip;<\/p>\n","protected":false},"author":1,"featured_media":0,"parent":29,"menu_order":0,"comment_status":"closed","ping_status":"closed","template":"","meta":[],"yoast_head":"<!-- This site is optimized with the Yoast SEO plugin v21.1 - https:\/\/yoast.com\/wordpress\/plugins\/seo\/ -->\n<title>Les armes en AIKIVUDAO - AIKI VU DAO<\/title>\n<meta name=\"robots\" content=\"index, follow, max-snippet:-1, max-image-preview:large, max-video-preview:-1\" \/>\n<link rel=\"canonical\" href=\"https:\/\/aikivudao.com\/?page_id=764\" \/>\n<meta property=\"og:locale\" content=\"fr_FR\" \/>\n<meta property=\"og:type\" content=\"article\" \/>\n<meta property=\"og:title\" content=\"Les armes en AIKIVUDAO - AIKI VU DAO\" \/>\n<meta property=\"og:description\" content=\"Les armes en AIKIVUDAO &nbsp; En Aikivudao les armes utilis\u00e9es sont celles de l&rsquo;aikido : Le jyo (baton en bois), le tanto (couteau en bois), le bokken (sabre en bois) et le katana (ou plut\u00f4t Ia\u00efto, sabre d&rsquo;entrainement) Et aussi celles du viet vu dao avec notamment les quyens baton. &hellip;\" \/>\n<meta property=\"og:url\" content=\"https:\/\/aikivudao.com\/?page_id=764\" \/>\n<meta property=\"og:site_name\" content=\"AIKI VU DAO\" \/>\n<meta property=\"article:modified_time\" content=\"2016-12-18T08:45:49+00:00\" \/>\n<meta name=\"twitter:card\" content=\"summary_large_image\" \/>\n<script type=\"application\/ld+json\" class=\"yoast-schema-graph\">{\"@context\":\"https:\/\/schema.org\",\"@graph\":[{\"@type\":\"WebPage\",\"@id\":\"https:\/\/aikivudao.com\/?page_id=764\",\"url\":\"https:\/\/aikivudao.com\/?page_id=764\",\"name\":\"Les armes en AIKIVUDAO - AIKI VU DAO\",\"isPartOf\":{\"@id\":\"https:\/\/aikivudao.com\/#website\"},\"datePublished\":\"2016-11-20T21:01:24+00:00\",\"dateModified\":\"2016-12-18T08:45:49+00:00\",\"breadcrumb\":{\"@id\":\"https:\/\/aikivudao.com\/?page_id=764#breadcrumb\"},\"inLanguage\":\"fr-FR\",\"potentialAction\":[{\"@type\":\"ReadAction\",\"target\":[\"https:\/\/aikivudao.com\/?page_id=764\"]}]},{\"@type\":\"BreadcrumbList\",\"@id\":\"https:\/\/aikivudao.com\/?page_id=764#breadcrumb\",\"itemListElement\":[{\"@type\":\"ListItem\",\"position\":1,\"name\":\"Accueil\",\"item\":\"https:\/\/aikivudao.com\/\"},{\"@type\":\"ListItem\",\"position\":2,\"name\":\"Techniques\",\"item\":\"https:\/\/aikivudao.com\/?page_id=29\"},{\"@type\":\"ListItem\",\"position\":3,\"name\":\"Les armes en AIKIVUDAO\"}]},{\"@type\":\"WebSite\",\"@id\":\"https:\/\/aikivudao.com\/#website\",\"url\":\"https:\/\/aikivudao.com\/\",\"name\":\"AIKI VU DAO\",\"description\":\"Ecole d&#039;A\u00efkido - art martial japonais, aikibudoviet\",\"potentialAction\":[{\"@type\":\"SearchAction\",\"target\":{\"@type\":\"EntryPoint\",\"urlTemplate\":\"https:\/\/aikivudao.com\/?s={search_term_string}\"},\"query-input\":\"required name=search_term_string\"}],\"inLanguage\":\"fr-FR\"}]}<\/script>\n<!-- \/ Yoast SEO plugin. -->","yoast_head_json":{"title":"Les armes en AIKIVUDAO - AIKI VU DAO","robots":{"index":"index","follow":"follow","max-snippet":"max-snippet:-1","max-image-preview":"max-image-preview:large","max-video-preview":"max-video-preview:-1"},"canonical":"https:\/\/aikivudao.com\/?page_id=764","og_locale":"fr_FR","og_type":"article","og_title":"Les armes en AIKIVUDAO - AIKI VU DAO","og_description":"Les armes en AIKIVUDAO &nbsp; En Aikivudao les armes utilis\u00e9es sont celles de l&rsquo;aikido : Le jyo (baton en bois), le tanto (couteau en bois), le bokken (sabre en bois) et le katana (ou plut\u00f4t Ia\u00efto, sabre d&rsquo;entrainement) Et aussi celles du viet vu dao avec notamment les quyens baton. &hellip;","og_url":"https:\/\/aikivudao.com\/?page_id=764","og_site_name":"AIKI VU DAO","article_modified_time":"2016-12-18T08:45:49+00:00","twitter_card":"summary_large_image","schema":{"@context":"https:\/\/schema.org","@graph":[{"@type":"WebPage","@id":"https:\/\/aikivudao.com\/?page_id=764","url":"https:\/\/aikivudao.com\/?page_id=764","name":"Les armes en AIKIVUDAO - AIKI VU DAO","isPartOf":{"@id":"https:\/\/aikivudao.com\/#website"},"datePublished":"2016-11-20T21:01:24+00:00","dateModified":"2016-12-18T08:45:49+00:00","breadcrumb":{"@id":"https:\/\/aikivudao.com\/?page_id=764#breadcrumb"},"inLanguage":"fr-FR","potentialAction":[{"@type":"ReadAction","target":["https:\/\/aikivudao.com\/?page_id=764"]}]},{"@type":"BreadcrumbList","@id":"https:\/\/aikivudao.com\/?page_id=764#breadcrumb","itemListElement":[{"@type":"ListItem","position":1,"name":"Accueil","item":"https:\/\/aikivudao.com\/"},{"@type":"ListItem","position":2,"name":"Techniques","item":"https:\/\/aikivudao.com\/?page_id=29"},{"@type":"ListItem","position":3,"name":"Les armes en AIKIVUDAO"}]},{"@type":"WebSite","@id":"https:\/\/aikivudao.com\/#website","url":"https:\/\/aikivudao.com\/","name":"AIKI VU DAO","description":"Ecole d&#039;A\u00efkido - art martial japonais, aikibudoviet","potentialAction":[{"@type":"SearchAction","target":{"@type":"EntryPoint","urlTemplate":"https:\/\/aikivudao.com\/?s={search_term_string}"},"query-input":"required name=search_term_string"}],"inLanguage":"fr-FR"}]}},"_links":{"self":[{"href":"https:\/\/aikivudao.com\/index.php?rest_route=\/wp\/v2\/pages\/764"}],"collection":[{"href":"https:\/\/aikivudao.com\/index.php?rest_route=\/wp\/v2\/pages"}],"about":[{"href":"https:\/\/aikivudao.com\/index.php?rest_route=\/wp\/v2\/types\/page"}],"author":[{"embeddable":true,"href":"https:\/\/aikivudao.com\/index.php?rest_route=\/wp\/v2\/users\/1"}],"replies":[{"embeddable":true,"href":"https:\/\/aikivudao.com\/index.php?rest_route=%2Fwp%2Fv2%2Fcomments&post=764"}],"version-history":[{"count":3,"href":"https:\/\/aikivudao.com\/index.php?rest_route=\/wp\/v2\/pages\/764\/revisions"}],"predecessor-version":[{"id":796,"href":"https:\/\/aikivudao.com\/index.php?rest_route=\/wp\/v2\/pages\/764\/revisions\/796"}],"up":[{"embeddable":true,"href":"https:\/\/aikivudao.com\/index.php?rest_route=\/wp\/v2\/pages\/29"}],"wp:attachment":[{"href":"https:\/\/aikivudao.com\/index.php?rest_route=%2Fwp%2Fv2%2Fmedia&parent=764"}],"curies":[{"name":"wp","href":"https:\/\/api.w.org\/{rel}","templated":true}]}}