{"id":637,"date":"2016-01-16T13:40:00","date_gmt":"2016-01-16T12:40:00","guid":{"rendered":"http:\/\/aikivudao.com\/?page_id=637"},"modified":"2021-05-22T18:09:23","modified_gmt":"2021-05-22T16:09:23","slug":"tenue","status":"publish","type":"page","link":"https:\/\/aikivudao.com\/?page_id=637","title":{"rendered":"Tenue"},"content":{"rendered":"<h3><em>Ou se procurer les tenues ?<\/em><\/h3>\n<p>Renseignez vous aupr\u00e8s de votre enseignant qui vous guidera vers les magasins qui proposent les meilleurs tarifs.<\/p>\n<p>Le magasin TAO Distribution propose la tenue de r\u00e9f\u00e9rence pour les d\u00e9butants A\u00efkivudao \u00e0 des prix tr\u00e8s abordables. Des commandes en groupe peuvent \u00eatre r\u00e9alis\u00e9es par votre club.<\/p>\n<p><a href=\"https:\/\/www.tao-distribution.com\/\">https:\/\/www.tao-distribution.com\/<\/a><\/p>\n<h3><em><em>La tenue d&rsquo;Aiki Vu Dao<br \/>\n<\/em><\/em><\/h3>\n<p>Kimono, Keikogi ou Vo Phuc ?<\/p>\n<p><em>Kimono (ou Keikogi) est le nom donn\u00e9 \u00e0 la tenue au Japon. <\/em><br \/>\n<em>Vo Phuc est le nom donn\u00e9 \u00e0 la tenue au Vietnam.<\/em><br \/>\n<em>Notre \u00e9cole partageant ces deux origines, on peut employer l&rsquo;un ou l&rsquo;autre des termes lors de la pratique quotidienne.<br \/>\n<\/em><\/p>\n<p><strong>Pourquoi une tenue officielle f\u00e9d\u00e9rale ?<\/strong> La tenue repr\u00e9sente l&rsquo;\u00e9galit\u00e9, le respect et la fraternit\u00e9.<\/p>\n<p>Avoir une m\u00eame tenue indique que les pratiquants se reconnaissent comme pratiquant le m\u00eame art martial dans le m\u00eame esprit. M\u00eame si les origines de chacun sont diff\u00e9rentes, celles ci disparaissent gr\u00e2ce au m\u00eame kimono. il n&rsquo;y a plus de classe sociale, il n&rsquo;y a plus de quartier, de ville, de riche ou pauvre, de nationalit\u00e9s, de clubs. Il n&rsquo;y a que des pratiquants, qui laissent tout cela sur le seuil du tatami. La diff\u00e9rence sur le tatami n&rsquo;est qu&rsquo;une diff\u00e9rence de pratique.<br \/>\nLa tenue repr\u00e9sente ainsi l&rsquo;\u00e9galit\u00e9 des pratiquants.<\/p>\n<p><em>Ne pas mettre la tenue f\u00e9d\u00e9rale indique donc que le pratiquant, en affichant sa diff\u00e9rence, refuse cette \u00e9galit\u00e9 sur le tatami, refuse cette fraternit\u00e9 qui lui est pourtant offerte au sein de la communaut\u00e9 de l&rsquo;Aiki Vu Dao.<\/em><\/p>\n<ul>\n<li><strong>Qu&rsquo;elle est la tenue officielle f\u00e9d\u00e9rale?<\/strong><br \/>\nil existe 3 tenues officielles en fonction des grades et dipl\u00f4mes:<\/li>\n<\/ul>\n<p>-&gt; <strong>pour les ceintures de couleur<\/strong>, de la blanche \u00e0 la marron inclue,<br \/>\nla veste est une veste crois\u00e9e l\u00e9g\u00e8re (type karat\u00e9 ou judo) \u00e0 manches courtes et larges, de couleur BLANCHE<br \/>\nle pantalon est un pantalon l\u00e9ger (type karat\u00e9) \u00e0 jambes courtes et larges, de couleur NOIRE<a href=\"https:\/\/aikivudao.com\/wp-content\/uploads\/2016\/10\/vophuc.jpg\"><img decoding=\"async\" loading=\"lazy\" class=\"aligncenter size-medium wp-image-730\" src=\"https:\/\/aikivudao.com\/wp-content\/uploads\/2016\/10\/vophuc-169x300.jpg\" alt=\"vophuc\" width=\"169\" height=\"300\" srcset=\"https:\/\/aikivudao.com\/wp-content\/uploads\/2016\/10\/vophuc-169x300.jpg 169w, https:\/\/aikivudao.com\/wp-content\/uploads\/2016\/10\/vophuc.jpg 298w\" sizes=\"(max-width: 169px) 100vw, 169px\" \/><\/a><\/p>\n<p>-&gt; <strong>pour les ceintures noires et au del\u00e0<\/strong>,<br \/>\nla veste est identique, de couleur BLANCHE, un hakama (pantalon large) se passe sur le pantalon, hakama de couleur NOIRE<br \/>\nla ceinture noire se porte sous l&rsquo;hakama (elle tient la veste).<a href=\"https:\/\/aikivudao.com\/wp-content\/uploads\/2016\/01\/tenue_CN.jpg\"><img decoding=\"async\" loading=\"lazy\" class=\"aligncenter size-medium wp-image-731\" src=\"https:\/\/aikivudao.com\/wp-content\/uploads\/2016\/01\/tenue_CN-135x300.jpg\" alt=\"tenue_cn\" width=\"135\" height=\"300\" srcset=\"https:\/\/aikivudao.com\/wp-content\/uploads\/2016\/01\/tenue_CN-135x300.jpg 135w, https:\/\/aikivudao.com\/wp-content\/uploads\/2016\/01\/tenue_CN.jpg 400w\" sizes=\"(max-width: 135px) 100vw, 135px\" \/><\/a><\/p>\n<p>n\u00e9anmoins, le pantalon NOIR est tol\u00e9r\u00e9 lors des cours.<br \/>\nsi le pratiquant porte un hakama NOIR, la couleur du pantalon (cach\u00e9) n&rsquo;importe pas.<\/p>\n<ul>\n<li><strong>L&rsquo;\u00e9cusson<\/strong> est port\u00e9 sur la veste (revers ou manche). Il s&rsquo;agit du seul \u00e9l\u00e9ment tol\u00e9r\u00e9 (hormis certaines marques de kimono parfois \u00ab\u00a0envahissantes\u00a0\u00bb&#8230;)\u00a0 Aucune annotation compl\u00e9mentaire n&rsquo;est autoris\u00e9e (exemple : nom du pratiquant, nom du club ou publicit\u00e9) <a href=\"https:\/\/aikivudao.com\/wp-content\/uploads\/2016\/01\/ecusson_akvd.jpg\"><img decoding=\"async\" loading=\"lazy\" class=\"aligncenter size-medium wp-image-733\" src=\"https:\/\/aikivudao.com\/wp-content\/uploads\/2016\/01\/ecusson_akvd.jpg\" alt=\"ecusson_akvd\" width=\"200\" height=\"268\" \/><\/a><\/li>\n<li><strong>Qu&rsquo;elle est la signification traditionnelle de la tenue officielle?<\/strong><br \/>\nTout d&rsquo;abord, les couleurs ont une signification bien pr\u00e9cise.<br \/>\nDans les arts vietnamiens, le pantalon noir repr\u00e9sente la terre, la poussi\u00e8re. Tout pratiquant a les pieds sur terre. C&rsquo;est \u00e9galement le symbole du labeur, du travail sans rel\u00e2che.\u00a0 Le blanc repr\u00e9sente la lumi\u00e8re, le ciel. Tout pratiquant souhaite s&rsquo;\u00e9lever, \u00e0 force de travail, vers la lumi\u00e8re.<\/li>\n<\/ul>\n<ul>\n<li>Pourquoi un Hakama ? A partir de la ceinture noire la tenue officielle comporte un hakama. cela repr\u00e9sente l&rsquo;origine japonaise de l&rsquo;aiki vu dao.<\/li>\n<li>Pourquoi mettre la ceinture noire sous l&rsquo;hakama? Celui qui affiche une grosse ceinture noire sur l&rsquo;hakama (souvent en y ajoutant des signes particuliers) affiche ainsi son orgueil d\u00e9mesur\u00e9. Mettre la ceinture noire sous l&rsquo;hakama: il s&rsquo;agit d&rsquo;un geste d&rsquo;humilit\u00e9.<\/li>\n<\/ul>\n","protected":false},"excerpt":{"rendered":"<p>Ou se procurer les tenues ? Renseignez vous aupr\u00e8s de votre enseignant qui vous guidera vers les magasins qui proposent les meilleurs tarifs. Le magasin TAO Distribution propose la tenue de r\u00e9f\u00e9rence pour les d\u00e9butants A\u00efkivudao \u00e0 des prix tr\u00e8s abordables. Des commandes en groupe peuvent \u00eatre r\u00e9alis\u00e9es par votre &hellip;<\/p>\n","protected":false},"author":1,"featured_media":731,"parent":0,"menu_order":0,"comment_status":"closed","ping_status":"closed","template":"","meta":[],"yoast_head":"<!-- This site is optimized with the Yoast SEO plugin v21.1 - https:\/\/yoast.com\/wordpress\/plugins\/seo\/ -->\n<title>Tenue - AIKI VU DAO<\/title>\n<meta name=\"robots\" content=\"index, follow, max-snippet:-1, max-image-preview:large, max-video-preview:-1\" \/>\n<link rel=\"canonical\" href=\"https:\/\/aikivudao.com\/?page_id=637\" \/>\n<meta property=\"og:locale\" content=\"fr_FR\" \/>\n<meta property=\"og:type\" content=\"article\" \/>\n<meta property=\"og:title\" content=\"Tenue - AIKI VU DAO\" \/>\n<meta property=\"og:description\" content=\"Ou se procurer les tenues ? Renseignez vous aupr\u00e8s de votre enseignant qui vous guidera vers les magasins qui proposent les meilleurs tarifs. Le magasin TAO Distribution propose la tenue de r\u00e9f\u00e9rence pour les d\u00e9butants A\u00efkivudao \u00e0 des prix tr\u00e8s abordables. Des commandes en groupe peuvent \u00eatre r\u00e9alis\u00e9es par votre &hellip;\" \/>\n<meta property=\"og:url\" content=\"https:\/\/aikivudao.com\/?page_id=637\" \/>\n<meta property=\"og:site_name\" content=\"AIKI VU DAO\" \/>\n<meta property=\"article:modified_time\" content=\"2021-05-22T16:09:23+00:00\" \/>\n<meta property=\"og:image\" content=\"https:\/\/aikivudao.com\/wp-content\/uploads\/2016\/01\/tenue_CN.jpg\" \/>\n\t<meta property=\"og:image:width\" content=\"400\" \/>\n\t<meta property=\"og:image:height\" content=\"888\" \/>\n\t<meta property=\"og:image:type\" content=\"image\/jpeg\" \/>\n<meta name=\"twitter:card\" content=\"summary_large_image\" \/>\n<script type=\"application\/ld+json\" class=\"yoast-schema-graph\">{\"@context\":\"https:\/\/schema.org\",\"@graph\":[{\"@type\":\"WebPage\",\"@id\":\"https:\/\/aikivudao.com\/?page_id=637\",\"url\":\"https:\/\/aikivudao.com\/?page_id=637\",\"name\":\"Tenue - AIKI VU DAO\",\"isPartOf\":{\"@id\":\"https:\/\/aikivudao.com\/#website\"},\"datePublished\":\"2016-01-16T12:40:00+00:00\",\"dateModified\":\"2021-05-22T16:09:23+00:00\",\"breadcrumb\":{\"@id\":\"https:\/\/aikivudao.com\/?page_id=637#breadcrumb\"},\"inLanguage\":\"fr-FR\",\"potentialAction\":[{\"@type\":\"ReadAction\",\"target\":[\"https:\/\/aikivudao.com\/?page_id=637\"]}]},{\"@type\":\"BreadcrumbList\",\"@id\":\"https:\/\/aikivudao.com\/?page_id=637#breadcrumb\",\"itemListElement\":[{\"@type\":\"ListItem\",\"position\":1,\"name\":\"Accueil\",\"item\":\"https:\/\/aikivudao.com\/\"},{\"@type\":\"ListItem\",\"position\":2,\"name\":\"Tenue\"}]},{\"@type\":\"WebSite\",\"@id\":\"https:\/\/aikivudao.com\/#website\",\"url\":\"https:\/\/aikivudao.com\/\",\"name\":\"AIKI VU DAO\",\"description\":\"Ecole d&#039;A\u00efkido - art martial japonais, aikibudoviet\",\"potentialAction\":[{\"@type\":\"SearchAction\",\"target\":{\"@type\":\"EntryPoint\",\"urlTemplate\":\"https:\/\/aikivudao.com\/?s={search_term_string}\"},\"query-input\":\"required name=search_term_string\"}],\"inLanguage\":\"fr-FR\"}]}<\/script>\n<!-- \/ Yoast SEO plugin. -->","yoast_head_json":{"title":"Tenue - AIKI VU DAO","robots":{"index":"index","follow":"follow","max-snippet":"max-snippet:-1","max-image-preview":"max-image-preview:large","max-video-preview":"max-video-preview:-1"},"canonical":"https:\/\/aikivudao.com\/?page_id=637","og_locale":"fr_FR","og_type":"article","og_title":"Tenue - AIKI VU DAO","og_description":"Ou se procurer les tenues ? Renseignez vous aupr\u00e8s de votre enseignant qui vous guidera vers les magasins qui proposent les meilleurs tarifs. Le magasin TAO Distribution propose la tenue de r\u00e9f\u00e9rence pour les d\u00e9butants A\u00efkivudao \u00e0 des prix tr\u00e8s abordables. Des commandes en groupe peuvent \u00eatre r\u00e9alis\u00e9es par votre &hellip;","og_url":"https:\/\/aikivudao.com\/?page_id=637","og_site_name":"AIKI VU DAO","article_modified_time":"2021-05-22T16:09:23+00:00","og_image":[{"width":400,"height":888,"url":"https:\/\/aikivudao.com\/wp-content\/uploads\/2016\/01\/tenue_CN.jpg","type":"image\/jpeg"}],"twitter_card":"summary_large_image","schema":{"@context":"https:\/\/schema.org","@graph":[{"@type":"WebPage","@id":"https:\/\/aikivudao.com\/?page_id=637","url":"https:\/\/aikivudao.com\/?page_id=637","name":"Tenue - AIKI VU DAO","isPartOf":{"@id":"https:\/\/aikivudao.com\/#website"},"datePublished":"2016-01-16T12:40:00+00:00","dateModified":"2021-05-22T16:09:23+00:00","breadcrumb":{"@id":"https:\/\/aikivudao.com\/?page_id=637#breadcrumb"},"inLanguage":"fr-FR","potentialAction":[{"@type":"ReadAction","target":["https:\/\/aikivudao.com\/?page_id=637"]}]},{"@type":"BreadcrumbList","@id":"https:\/\/aikivudao.com\/?page_id=637#breadcrumb","itemListElement":[{"@type":"ListItem","position":1,"name":"Accueil","item":"https:\/\/aikivudao.com\/"},{"@type":"ListItem","position":2,"name":"Tenue"}]},{"@type":"WebSite","@id":"https:\/\/aikivudao.com\/#website","url":"https:\/\/aikivudao.com\/","name":"AIKI VU DAO","description":"Ecole d&#039;A\u00efkido - art martial japonais, aikibudoviet","potentialAction":[{"@type":"SearchAction","target":{"@type":"EntryPoint","urlTemplate":"https:\/\/aikivudao.com\/?s={search_term_string}"},"query-input":"required name=search_term_string"}],"inLanguage":"fr-FR"}]}},"_links":{"self":[{"href":"https:\/\/aikivudao.com\/index.php?rest_route=\/wp\/v2\/pages\/637"}],"collection":[{"href":"https:\/\/aikivudao.com\/index.php?rest_route=\/wp\/v2\/pages"}],"about":[{"href":"https:\/\/aikivudao.com\/index.php?rest_route=\/wp\/v2\/types\/page"}],"author":[{"embeddable":true,"href":"https:\/\/aikivudao.com\/index.php?rest_route=\/wp\/v2\/users\/1"}],"replies":[{"embeddable":true,"href":"https:\/\/aikivudao.com\/index.php?rest_route=%2Fwp%2Fv2%2Fcomments&post=637"}],"version-history":[{"count":11,"href":"https:\/\/aikivudao.com\/index.php?rest_route=\/wp\/v2\/pages\/637\/revisions"}],"predecessor-version":[{"id":2490,"href":"https:\/\/aikivudao.com\/index.php?rest_route=\/wp\/v2\/pages\/637\/revisions\/2490"}],"wp:featuredmedia":[{"embeddable":true,"href":"https:\/\/aikivudao.com\/index.php?rest_route=\/wp\/v2\/media\/731"}],"wp:attachment":[{"href":"https:\/\/aikivudao.com\/index.php?rest_route=%2Fwp%2Fv2%2Fmedia&parent=637"}],"curies":[{"name":"wp","href":"https:\/\/api.w.org\/{rel}","templated":true}]}}