{"id":598,"date":"2015-12-23T00:45:38","date_gmt":"2015-12-22T23:45:38","guid":{"rendered":"http:\/\/aikivudao.com\/?page_id=598"},"modified":"2022-03-06T17:13:50","modified_gmt":"2022-03-06T16:13:50","slug":"bamako","status":"publish","type":"page","link":"https:\/\/aikivudao.com\/?page_id=598","title":{"rendered":"BAMAKO"},"content":{"rendered":"\n<p>L&rsquo;aikivudao s&rsquo;exporte tout doucement \u00e0 l&rsquo;international. Une \u00e9quipe de pratiquants se d\u00e9veloppe \u00e0 Bamako (Mali) sous la direction de Oumar NDOYE CN 3\u00e8me DANG.<\/p>\n\n\n\n<div class=\"wp-block-image\"><figure class=\"aligncenter\"><a href=\"https:\/\/aikivudao.com\/wp-content\/uploads\/2015\/09\/110_2044-.jpg\" rel=\"attachment wp-att-514\"><img decoding=\"async\" loading=\"lazy\" width=\"300\" height=\"225\" src=\"https:\/\/aikivudao.com\/wp-content\/uploads\/2015\/09\/110_2044--300x225.jpg\" alt=\"AKVD Mali\" class=\"wp-image-514\" srcset=\"https:\/\/aikivudao.com\/wp-content\/uploads\/2015\/09\/110_2044--300x225.jpg 300w, https:\/\/aikivudao.com\/wp-content\/uploads\/2015\/09\/110_2044--1024x768.jpg 1024w, https:\/\/aikivudao.com\/wp-content\/uploads\/2015\/09\/110_2044-.jpg 2048w\" sizes=\"(max-width: 300px) 100vw, 300px\" \/><\/a><figcaption>AKVD Mali<\/figcaption><\/figure><\/div>\n","protected":false},"excerpt":{"rendered":"<p>L&rsquo;aikivudao s&rsquo;exporte tout doucement \u00e0 l&rsquo;international. Une \u00e9quipe de pratiquants se d\u00e9veloppe \u00e0 Bamako (Mali) sous la direction de Oumar NDOYE CN 3\u00e8me DANG.<\/p>\n","protected":false},"author":1,"featured_media":0,"parent":0,"menu_order":0,"comment_status":"closed","ping_status":"closed","template":"","meta":[],"yoast_head":"<!-- This site is optimized with the Yoast SEO plugin v21.1 - https:\/\/yoast.com\/wordpress\/plugins\/seo\/ -->\n<title>BAMAKO - AIKI VU DAO<\/title>\n<meta name=\"robots\" content=\"index, follow, max-snippet:-1, max-image-preview:large, max-video-preview:-1\" \/>\n<link rel=\"canonical\" href=\"https:\/\/aikivudao.com\/?page_id=598\" \/>\n<meta property=\"og:locale\" content=\"fr_FR\" \/>\n<meta property=\"og:type\" content=\"article\" \/>\n<meta property=\"og:title\" content=\"BAMAKO - AIKI VU DAO\" \/>\n<meta property=\"og:description\" content=\"L&rsquo;aikivudao s&rsquo;exporte tout doucement \u00e0 l&rsquo;international. Une \u00e9quipe de pratiquants se d\u00e9veloppe \u00e0 Bamako (Mali) sous la direction de Oumar NDOYE CN 3\u00e8me DANG.\" \/>\n<meta property=\"og:url\" content=\"https:\/\/aikivudao.com\/?page_id=598\" \/>\n<meta property=\"og:site_name\" content=\"AIKI VU DAO\" \/>\n<meta property=\"article:modified_time\" content=\"2022-03-06T16:13:50+00:00\" \/>\n<meta property=\"og:image\" content=\"http:\/\/aikivudao.com\/wp-content\/uploads\/2015\/09\/110_2044--300x225.jpg\" \/>\n<meta name=\"twitter:card\" content=\"summary_large_image\" \/>\n<script type=\"application\/ld+json\" class=\"yoast-schema-graph\">{\"@context\":\"https:\/\/schema.org\",\"@graph\":[{\"@type\":\"WebPage\",\"@id\":\"https:\/\/aikivudao.com\/?page_id=598\",\"url\":\"https:\/\/aikivudao.com\/?page_id=598\",\"name\":\"BAMAKO - AIKI VU DAO\",\"isPartOf\":{\"@id\":\"https:\/\/aikivudao.com\/#website\"},\"datePublished\":\"2015-12-22T23:45:38+00:00\",\"dateModified\":\"2022-03-06T16:13:50+00:00\",\"breadcrumb\":{\"@id\":\"https:\/\/aikivudao.com\/?page_id=598#breadcrumb\"},\"inLanguage\":\"fr-FR\",\"potentialAction\":[{\"@type\":\"ReadAction\",\"target\":[\"https:\/\/aikivudao.com\/?page_id=598\"]}]},{\"@type\":\"BreadcrumbList\",\"@id\":\"https:\/\/aikivudao.com\/?page_id=598#breadcrumb\",\"itemListElement\":[{\"@type\":\"ListItem\",\"position\":1,\"name\":\"Accueil\",\"item\":\"https:\/\/aikivudao.com\/\"},{\"@type\":\"ListItem\",\"position\":2,\"name\":\"BAMAKO\"}]},{\"@type\":\"WebSite\",\"@id\":\"https:\/\/aikivudao.com\/#website\",\"url\":\"https:\/\/aikivudao.com\/\",\"name\":\"AIKI VU DAO\",\"description\":\"Ecole d&#039;A\u00efkido - art martial japonais, aikibudoviet\",\"potentialAction\":[{\"@type\":\"SearchAction\",\"target\":{\"@type\":\"EntryPoint\",\"urlTemplate\":\"https:\/\/aikivudao.com\/?s={search_term_string}\"},\"query-input\":\"required name=search_term_string\"}],\"inLanguage\":\"fr-FR\"}]}<\/script>\n<!-- \/ Yoast SEO plugin. -->","yoast_head_json":{"title":"BAMAKO - AIKI VU DAO","robots":{"index":"index","follow":"follow","max-snippet":"max-snippet:-1","max-image-preview":"max-image-preview:large","max-video-preview":"max-video-preview:-1"},"canonical":"https:\/\/aikivudao.com\/?page_id=598","og_locale":"fr_FR","og_type":"article","og_title":"BAMAKO - AIKI VU DAO","og_description":"L&rsquo;aikivudao s&rsquo;exporte tout doucement \u00e0 l&rsquo;international. Une \u00e9quipe de pratiquants se d\u00e9veloppe \u00e0 Bamako (Mali) sous la direction de Oumar NDOYE CN 3\u00e8me DANG.","og_url":"https:\/\/aikivudao.com\/?page_id=598","og_site_name":"AIKI VU DAO","article_modified_time":"2022-03-06T16:13:50+00:00","og_image":[{"url":"http:\/\/aikivudao.com\/wp-content\/uploads\/2015\/09\/110_2044--300x225.jpg"}],"twitter_card":"summary_large_image","schema":{"@context":"https:\/\/schema.org","@graph":[{"@type":"WebPage","@id":"https:\/\/aikivudao.com\/?page_id=598","url":"https:\/\/aikivudao.com\/?page_id=598","name":"BAMAKO - AIKI VU DAO","isPartOf":{"@id":"https:\/\/aikivudao.com\/#website"},"datePublished":"2015-12-22T23:45:38+00:00","dateModified":"2022-03-06T16:13:50+00:00","breadcrumb":{"@id":"https:\/\/aikivudao.com\/?page_id=598#breadcrumb"},"inLanguage":"fr-FR","potentialAction":[{"@type":"ReadAction","target":["https:\/\/aikivudao.com\/?page_id=598"]}]},{"@type":"BreadcrumbList","@id":"https:\/\/aikivudao.com\/?page_id=598#breadcrumb","itemListElement":[{"@type":"ListItem","position":1,"name":"Accueil","item":"https:\/\/aikivudao.com\/"},{"@type":"ListItem","position":2,"name":"BAMAKO"}]},{"@type":"WebSite","@id":"https:\/\/aikivudao.com\/#website","url":"https:\/\/aikivudao.com\/","name":"AIKI VU DAO","description":"Ecole d&#039;A\u00efkido - art martial japonais, aikibudoviet","potentialAction":[{"@type":"SearchAction","target":{"@type":"EntryPoint","urlTemplate":"https:\/\/aikivudao.com\/?s={search_term_string}"},"query-input":"required name=search_term_string"}],"inLanguage":"fr-FR"}]}},"_links":{"self":[{"href":"https:\/\/aikivudao.com\/index.php?rest_route=\/wp\/v2\/pages\/598"}],"collection":[{"href":"https:\/\/aikivudao.com\/index.php?rest_route=\/wp\/v2\/pages"}],"about":[{"href":"https:\/\/aikivudao.com\/index.php?rest_route=\/wp\/v2\/types\/page"}],"author":[{"embeddable":true,"href":"https:\/\/aikivudao.com\/index.php?rest_route=\/wp\/v2\/users\/1"}],"replies":[{"embeddable":true,"href":"https:\/\/aikivudao.com\/index.php?rest_route=%2Fwp%2Fv2%2Fcomments&post=598"}],"version-history":[{"count":2,"href":"https:\/\/aikivudao.com\/index.php?rest_route=\/wp\/v2\/pages\/598\/revisions"}],"predecessor-version":[{"id":2725,"href":"https:\/\/aikivudao.com\/index.php?rest_route=\/wp\/v2\/pages\/598\/revisions\/2725"}],"wp:attachment":[{"href":"https:\/\/aikivudao.com\/index.php?rest_route=%2Fwp%2Fv2%2Fmedia&parent=598"}],"curies":[{"name":"wp","href":"https:\/\/api.w.org\/{rel}","templated":true}]}}