{"id":50,"date":"2015-03-03T00:23:25","date_gmt":"2015-03-02T23:23:25","guid":{"rendered":"http:\/\/aikivudao.com\/?page_id=50"},"modified":"2023-07-29T11:33:26","modified_gmt":"2023-07-29T09:33:26","slug":"jean-pierre-rouviere","status":"publish","type":"page","link":"https:\/\/aikivudao.com\/?page_id=50","title":{"rendered":"Jean-Pierre ROUVIERE"},"content":{"rendered":"\n<p>L&rsquo;histoire de l&rsquo;A\u00efki Vu Dao est li\u00e9e \u00e0 celle de Jean-Pierre Rouvi\u00e8re qui en reste l&rsquo;un des fondateurs. En voici le d\u00e9tail :<\/p>\n\n\n\n<figure class=\"is-layout-flex wp-block-gallery-1 wp-block-gallery has-nested-images columns-default is-cropped\">\n<figure class=\"wp-block-image size-large\"><a href=\"https:\/\/aikivudao.com\/wp-content\/uploads\/2023\/07\/20220405_193415-01-scaled.jpeg\"><img decoding=\"async\" loading=\"lazy\" width=\"1024\" height=\"768\" data-id=\"2955\"  src=\"https:\/\/aikivudao.com\/wp-content\/uploads\/2023\/07\/20220405_193415-01-1024x768.jpeg\" alt=\"\" class=\"wp-image-2955\" srcset=\"https:\/\/aikivudao.com\/wp-content\/uploads\/2023\/07\/20220405_193415-01-1024x768.jpeg 1024w, https:\/\/aikivudao.com\/wp-content\/uploads\/2023\/07\/20220405_193415-01-300x225.jpeg 300w, https:\/\/aikivudao.com\/wp-content\/uploads\/2023\/07\/20220405_193415-01-768x576.jpeg 768w, https:\/\/aikivudao.com\/wp-content\/uploads\/2023\/07\/20220405_193415-01-1536x1152.jpeg 1536w, https:\/\/aikivudao.com\/wp-content\/uploads\/2023\/07\/20220405_193415-01-2048x1536.jpeg 2048w, https:\/\/aikivudao.com\/wp-content\/uploads\/2023\/07\/20220405_193415-01-333x250.jpeg 333w, https:\/\/aikivudao.com\/wp-content\/uploads\/2023\/07\/20220405_193415-01-1920x1440.jpeg 1920w, https:\/\/aikivudao.com\/wp-content\/uploads\/2023\/07\/20220405_193415-01-1320x990.jpeg 1320w\" sizes=\"(max-width: 1024px) 100vw, 1024px\" \/><\/a><\/figure>\n\n\n\n<figure class=\"wp-block-image size-large\"><a href=\"https:\/\/aikivudao.com\/wp-content\/uploads\/2020\/05\/remise-m\u00e9daille-de-bronze-jeuness-et-sports-2-02-13-scaled.jpg\"><img decoding=\"async\" loading=\"lazy\" width=\"765\" height=\"1024\" data-id=\"2075\"  src=\"https:\/\/aikivudao.com\/wp-content\/uploads\/2020\/05\/remise-m\u00e9daille-de-bronze-jeuness-et-sports-2-02-13-765x1024.jpg\" alt=\"\" class=\"wp-image-2075\" srcset=\"https:\/\/aikivudao.com\/wp-content\/uploads\/2020\/05\/remise-m\u00e9daille-de-bronze-jeuness-et-sports-2-02-13-765x1024.jpg 765w, https:\/\/aikivudao.com\/wp-content\/uploads\/2020\/05\/remise-m\u00e9daille-de-bronze-jeuness-et-sports-2-02-13-224x300.jpg 224w, https:\/\/aikivudao.com\/wp-content\/uploads\/2020\/05\/remise-m\u00e9daille-de-bronze-jeuness-et-sports-2-02-13-768x1028.jpg 768w, https:\/\/aikivudao.com\/wp-content\/uploads\/2020\/05\/remise-m\u00e9daille-de-bronze-jeuness-et-sports-2-02-13-1147x1536.jpg 1147w, https:\/\/aikivudao.com\/wp-content\/uploads\/2020\/05\/remise-m\u00e9daille-de-bronze-jeuness-et-sports-2-02-13-1530x2048.jpg 1530w, https:\/\/aikivudao.com\/wp-content\/uploads\/2020\/05\/remise-m\u00e9daille-de-bronze-jeuness-et-sports-2-02-13-149x200.jpg 149w, https:\/\/aikivudao.com\/wp-content\/uploads\/2020\/05\/remise-m\u00e9daille-de-bronze-jeuness-et-sports-2-02-13-scaled.jpg 1912w\" sizes=\"(max-width: 765px) 100vw, 765px\" \/><\/a><\/figure>\n\n\n\n<figure class=\"wp-block-image size-large\"><a href=\"https:\/\/aikivudao.com\/wp-content\/uploads\/2020\/05\/soiree_des_sportifs_2012_146_4781.jpg\"><img decoding=\"async\" loading=\"lazy\" width=\"800\" height=\"536\" data-id=\"2073\"  src=\"https:\/\/aikivudao.com\/wp-content\/uploads\/2020\/05\/soiree_des_sportifs_2012_146_4781.jpg\" alt=\"\" class=\"wp-image-2073\" srcset=\"https:\/\/aikivudao.com\/wp-content\/uploads\/2020\/05\/soiree_des_sportifs_2012_146_4781.jpg 800w, https:\/\/aikivudao.com\/wp-content\/uploads\/2020\/05\/soiree_des_sportifs_2012_146_4781-300x201.jpg 300w, https:\/\/aikivudao.com\/wp-content\/uploads\/2020\/05\/soiree_des_sportifs_2012_146_4781-768x515.jpg 768w, https:\/\/aikivudao.com\/wp-content\/uploads\/2020\/05\/soiree_des_sportifs_2012_146_4781-299x200.jpg 299w\" sizes=\"(max-width: 800px) 100vw, 800px\" \/><\/a><figcaption class=\"wp-element-caption\">remise de r\u00e9compenses marseille 13-14<\/figcaption><\/figure>\n\n\n\n<figure class=\"wp-block-image size-large\"><a href=\"https:\/\/aikivudao.com\/wp-content\/uploads\/2018\/12\/PICT3780.jpg\"><img decoding=\"async\" loading=\"lazy\" width=\"1024\" height=\"768\" data-id=\"1514\"  src=\"https:\/\/aikivudao.com\/wp-content\/uploads\/2018\/12\/PICT3780-1024x768.jpg\" alt=\"\" class=\"wp-image-1514\" srcset=\"https:\/\/aikivudao.com\/wp-content\/uploads\/2018\/12\/PICT3780-1024x768.jpg 1024w, https:\/\/aikivudao.com\/wp-content\/uploads\/2018\/12\/PICT3780-300x225.jpg 300w, https:\/\/aikivudao.com\/wp-content\/uploads\/2018\/12\/PICT3780-768x576.jpg 768w, https:\/\/aikivudao.com\/wp-content\/uploads\/2018\/12\/PICT3780-267x200.jpg 267w, https:\/\/aikivudao.com\/wp-content\/uploads\/2018\/12\/PICT3780.jpg 1600w\" sizes=\"(max-width: 1024px) 100vw, 1024px\" \/><\/a><\/figure>\n\n\n\n<figure class=\"wp-block-image size-large\"><a href=\"https:\/\/aikivudao.com\/wp-content\/uploads\/2018\/12\/DSC_0518.jpg\"><img decoding=\"async\" loading=\"lazy\" width=\"1024\" height=\"680\" data-id=\"1503\"  src=\"https:\/\/aikivudao.com\/wp-content\/uploads\/2018\/12\/DSC_0518-1024x680.jpg\" alt=\"\" class=\"wp-image-1503\" srcset=\"https:\/\/aikivudao.com\/wp-content\/uploads\/2018\/12\/DSC_0518.jpg 1024w, https:\/\/aikivudao.com\/wp-content\/uploads\/2018\/12\/DSC_0518-300x199.jpg 300w, https:\/\/aikivudao.com\/wp-content\/uploads\/2018\/12\/DSC_0518-768x510.jpg 768w, https:\/\/aikivudao.com\/wp-content\/uploads\/2018\/12\/DSC_0518-301x200.jpg 301w\" sizes=\"(max-width: 1024px) 100vw, 1024px\" \/><\/a><figcaption class=\"wp-element-caption\">Jean-Pierre<\/figcaption><\/figure>\n\n\n\n<figure class=\"wp-block-image size-large\"><a href=\"https:\/\/aikivudao.com\/wp-content\/uploads\/2018\/12\/DSC00507.jpg\"><img decoding=\"async\" loading=\"lazy\" width=\"1024\" height=\"768\" data-id=\"1499\"  src=\"https:\/\/aikivudao.com\/wp-content\/uploads\/2018\/12\/DSC00507-1024x768.jpg\" alt=\"\" class=\"wp-image-1499\" srcset=\"https:\/\/aikivudao.com\/wp-content\/uploads\/2018\/12\/DSC00507.jpg 1024w, https:\/\/aikivudao.com\/wp-content\/uploads\/2018\/12\/DSC00507-300x225.jpg 300w, https:\/\/aikivudao.com\/wp-content\/uploads\/2018\/12\/DSC00507-768x576.jpg 768w, https:\/\/aikivudao.com\/wp-content\/uploads\/2018\/12\/DSC00507-267x200.jpg 267w\" sizes=\"(max-width: 1024px) 100vw, 1024px\" \/><\/a><\/figure>\n\n\n\n<figure class=\"wp-block-image size-large\"><a href=\"https:\/\/aikivudao.com\/wp-content\/uploads\/2018\/08\/Nguyen_JP.jpg\"><img decoding=\"async\" loading=\"lazy\" width=\"332\" height=\"464\" data-id=\"1311\"  src=\"https:\/\/aikivudao.com\/wp-content\/uploads\/2018\/08\/Nguyen_JP.jpg\" alt=\"\" class=\"wp-image-1311\" srcset=\"https:\/\/aikivudao.com\/wp-content\/uploads\/2018\/08\/Nguyen_JP.jpg 332w, https:\/\/aikivudao.com\/wp-content\/uploads\/2018\/08\/Nguyen_JP-215x300.jpg 215w, https:\/\/aikivudao.com\/wp-content\/uploads\/2018\/08\/Nguyen_JP-143x200.jpg 143w\" sizes=\"(max-width: 332px) 100vw, 332px\" \/><\/a><\/figure>\n\n\n\n<figure class=\"wp-block-image size-large\"><a href=\"https:\/\/aikivudao.com\/wp-content\/uploads\/2015\/12\/koshinage1.jpg\"><img decoding=\"async\" loading=\"lazy\" width=\"720\" height=\"576\" data-id=\"616\"  src=\"https:\/\/aikivudao.com\/wp-content\/uploads\/2015\/12\/koshinage1.jpg\" alt=\"\" class=\"wp-image-616\" srcset=\"https:\/\/aikivudao.com\/wp-content\/uploads\/2015\/12\/koshinage1.jpg 720w, https:\/\/aikivudao.com\/wp-content\/uploads\/2015\/12\/koshinage1-300x240.jpg 300w\" sizes=\"(max-width: 720px) 100vw, 720px\" \/><\/a><\/figure>\n\n\n\n<figure class=\"wp-block-image size-large\"><a href=\"https:\/\/aikivudao.com\/wp-content\/uploads\/2015\/03\/demo1WEB.jpg\"><img decoding=\"async\" loading=\"lazy\" width=\"1024\" height=\"696\" data-id=\"13\"  src=\"https:\/\/aikivudao.com\/wp-content\/uploads\/2015\/03\/demo1WEB-1024x696.jpg\" alt=\"\" class=\"wp-image-13\" srcset=\"https:\/\/aikivudao.com\/wp-content\/uploads\/2015\/03\/demo1WEB-1024x696.jpg 1024w, https:\/\/aikivudao.com\/wp-content\/uploads\/2015\/03\/demo1WEB-300x204.jpg 300w, https:\/\/aikivudao.com\/wp-content\/uploads\/2015\/03\/demo1WEB.jpg 1111w\" sizes=\"(max-width: 1024px) 100vw, 1024px\" \/><\/a><\/figure>\n\n\n\n<figure class=\"wp-block-image size-large\"><a href=\"https:\/\/aikivudao.com\/wp-content\/uploads\/2015\/06\/DSC04116.jpg\"><img decoding=\"async\" loading=\"lazy\" width=\"1024\" height=\"685\" data-id=\"330\"  src=\"https:\/\/aikivudao.com\/wp-content\/uploads\/2015\/06\/DSC04116-1024x685.jpg\" alt=\"\" class=\"wp-image-330\" srcset=\"https:\/\/aikivudao.com\/wp-content\/uploads\/2015\/06\/DSC04116-1024x685.jpg 1024w, https:\/\/aikivudao.com\/wp-content\/uploads\/2015\/06\/DSC04116-300x201.jpg 300w, https:\/\/aikivudao.com\/wp-content\/uploads\/2015\/06\/DSC04116.jpg 1500w\" sizes=\"(max-width: 1024px) 100vw, 1024px\" \/><\/a><figcaption class=\"wp-element-caption\">SONY DSC<\/figcaption><\/figure>\n\n\n\n<figure class=\"wp-block-image size-large\"><a href=\"https:\/\/aikivudao.com\/wp-content\/uploads\/2015\/03\/DSCF0052.jpg\"><img decoding=\"async\" loading=\"lazy\" width=\"800\" height=\"601\" data-id=\"7\"  src=\"https:\/\/aikivudao.com\/wp-content\/uploads\/2015\/03\/DSCF0052.jpg\" alt=\"\" class=\"wp-image-7\" srcset=\"https:\/\/aikivudao.com\/wp-content\/uploads\/2015\/03\/DSCF0052.jpg 800w, https:\/\/aikivudao.com\/wp-content\/uploads\/2015\/03\/DSCF0052-300x225.jpg 300w\" sizes=\"(max-width: 800px) 100vw, 800px\" \/><\/a><\/figure>\n<\/figure>\n\n\n\n<p><em>Jean-Pierre ROUVIERE est 7\u00e8me DANG WFVV<br>M\u00e9daill\u00e9 jeunesse et sports<\/em><\/p>\n\n\n\n<p>Il a commenc\u00e9 l\u2019a\u00efkido en 1963 et a pass\u00e9 son <strong>1er Dan 1968<\/strong>.<br><strong>Dipl\u00f4me d&rsquo;Etat A\u00efkido <\/strong>d\u00e9livr\u00e9 en 1976 par le comit\u00e9 sup\u00e9rieur d\u2019a\u00efkido (Union nationale d\u2019a\u00efkido &#8211; UNA). Il est l&rsquo;\u00e9l\u00e8ve direct de Ma\u00eetre BENHAIM Jacques (disciple de Ma\u00eetre Mutsuro Nakazono).<\/p>\n\n\n\n<p>Il a travaill\u00e9 avec ceux qui ont marqu\u00e9 l\u2019histoire de cet art martial en France :\u00a0 Mutsuro Nakazono, Masamichi Noro, Nobuyoshi Tamura, Hiroo Mochizuki, Andr\u00e9 Nocquet.<\/p>\n\n\n\n<figure class=\"wp-block-image size-full\"><a href=\"https:\/\/aikivudao.com\/wp-content\/uploads\/2015\/03\/old2WEB.jpg\"><img decoding=\"async\" loading=\"lazy\" width=\"1037\" height=\"717\" src=\"https:\/\/aikivudao.com\/wp-content\/uploads\/2015\/03\/old2WEB.jpg\" alt=\"old2WEB\" class=\"wp-image-8\" srcset=\"https:\/\/aikivudao.com\/wp-content\/uploads\/2015\/03\/old2WEB.jpg 1037w, https:\/\/aikivudao.com\/wp-content\/uploads\/2015\/03\/old2WEB-300x207.jpg 300w, https:\/\/aikivudao.com\/wp-content\/uploads\/2015\/03\/old2WEB-1024x708.jpg 1024w\" sizes=\"(max-width: 1037px) 100vw, 1037px\" \/><\/a><\/figure>\n\n\n\n<p>Il aussi re\u00e7u en parall\u00e8le, une formation de Karat\u00e9 durant 12 ann\u00e9es dont il a pratiqu\u00e9 diff\u00e9rents styles. Principalement le Shotokan et le Wado Ryu au DOJO de Montpellier (Cours Saint Louis) en 1962 avec Ma\u00eetre CAUDRELIER. Puis \u00e0 Marseille \u00e0 partir de 1966 avec le Ma\u00eetre de Kempo GUYETAND Georges.<br>Enfin, il a pratiqu\u00e9 le Ia\u00efdo et le Kobudo et a observ\u00e9 tous les arts de combats, en particulier la boxe am\u00e9ricaine, la boxe anglaise, avec beaucoup d\u2019int\u00e9r\u00eat.<\/p>\n\n\n\n<p><span style=\"font-family: Calibri,sans-serif;\"><span style=\"font-size: small;\"><\/span><\/span><\/p>\n\n\n\n<figure class=\"is-layout-flex wp-block-gallery-3 wp-block-gallery has-nested-images columns-3 is-cropped\">\n<figure class=\"wp-block-image size-large\"><img decoding=\"async\" loading=\"lazy\" width=\"492\" height=\"350\" data-id=\"59\"  src=\"https:\/\/aikivudao.com\/wp-content\/uploads\/2015\/03\/old15WEB.jpg\" alt=\"\" class=\"wp-image-59\" srcset=\"https:\/\/aikivudao.com\/wp-content\/uploads\/2015\/03\/old15WEB.jpg 492w, https:\/\/aikivudao.com\/wp-content\/uploads\/2015\/03\/old15WEB-300x213.jpg 300w\" sizes=\"(max-width: 492px) 100vw, 492px\" \/><\/figure>\n\n\n\n<figure class=\"wp-block-image size-large\"><img decoding=\"async\" loading=\"lazy\" width=\"578\" height=\"350\" data-id=\"58\"  src=\"https:\/\/aikivudao.com\/wp-content\/uploads\/2015\/03\/old12WEB.jpg\" alt=\"\" class=\"wp-image-58\" srcset=\"https:\/\/aikivudao.com\/wp-content\/uploads\/2015\/03\/old12WEB.jpg 578w, https:\/\/aikivudao.com\/wp-content\/uploads\/2015\/03\/old12WEB-300x181.jpg 300w\" sizes=\"(max-width: 578px) 100vw, 578px\" \/><figcaption class=\"wp-element-caption\">stage<\/figcaption><\/figure>\n\n\n\n<figure class=\"wp-block-image size-large\"><img decoding=\"async\" loading=\"lazy\" width=\"569\" height=\"350\" data-id=\"57\"  src=\"https:\/\/aikivudao.com\/wp-content\/uploads\/2015\/03\/old10WEB.jpg\" alt=\"\" class=\"wp-image-57\" srcset=\"https:\/\/aikivudao.com\/wp-content\/uploads\/2015\/03\/old10WEB.jpg 569w, https:\/\/aikivudao.com\/wp-content\/uploads\/2015\/03\/old10WEB-300x184.jpg 300w\" sizes=\"(max-width: 569px) 100vw, 569px\" \/><figcaption class=\"wp-element-caption\">stage<\/figcaption><\/figure>\n\n\n\n<figure class=\"wp-block-image size-large\"><img decoding=\"async\" loading=\"lazy\" width=\"504\" height=\"350\" data-id=\"56\"  src=\"https:\/\/aikivudao.com\/wp-content\/uploads\/2015\/03\/old5WEB.jpg\" alt=\"\" class=\"wp-image-56\" srcset=\"https:\/\/aikivudao.com\/wp-content\/uploads\/2015\/03\/old5WEB.jpg 504w, https:\/\/aikivudao.com\/wp-content\/uploads\/2015\/03\/old5WEB-300x208.jpg 300w\" sizes=\"(max-width: 504px) 100vw, 504px\" \/><figcaption class=\"wp-element-caption\">D\u00e9monstration<\/figcaption><\/figure>\n\n\n\n<figure class=\"wp-block-image size-large\"><img decoding=\"async\" loading=\"lazy\" width=\"502\" height=\"350\" data-id=\"54\"  src=\"https:\/\/aikivudao.com\/wp-content\/uploads\/2015\/03\/old3WEB.jpg\" alt=\"\" class=\"wp-image-54\" srcset=\"https:\/\/aikivudao.com\/wp-content\/uploads\/2015\/03\/old3WEB.jpg 502w, https:\/\/aikivudao.com\/wp-content\/uploads\/2015\/03\/old3WEB-300x209.jpg 300w\" sizes=\"(max-width: 502px) 100vw, 502px\" \/><\/figure>\n\n\n\n<figure class=\"wp-block-image size-large\"><img decoding=\"async\" loading=\"lazy\" width=\"505\" height=\"350\" data-id=\"55\"  src=\"https:\/\/aikivudao.com\/wp-content\/uploads\/2015\/03\/old4WEB.jpg\" alt=\"\" class=\"wp-image-55\" srcset=\"https:\/\/aikivudao.com\/wp-content\/uploads\/2015\/03\/old4WEB.jpg 505w, https:\/\/aikivudao.com\/wp-content\/uploads\/2015\/03\/old4WEB-300x207.jpg 300w\" sizes=\"(max-width: 505px) 100vw, 505px\" \/><\/figure>\n<\/figure>\n\n\n\n<p>En 1986, et \u00e0 la demande de ses \u00e9l\u00e8ves il cr\u00e9e sa propre m\u00e9thode d\u2019arts martiaux. D\u2019abord nomm\u00e9e <strong>Aiki Budo<\/strong>. Il l\u2019appellera ensuite <strong>A\u00efki Budo Viet<\/strong> car l&rsquo;<strong>A\u00efkibudo<\/strong> est d\u00e9sormais la propri\u00e9t\u00e9 intellectuelle de l&rsquo;\u00e9cole FLOQUET. (C&rsquo;\u00e9tait \u00e9galement le nom donn\u00e9 par Morihei Ueshiba \u00e0 son art martial lorsqu&rsquo;il commen\u00e7a \u00e0 l&rsquo;enseigner). <strong>A\u00efkibudoviet <\/strong>conservait le terme japonais en y ajoutant la particule \u00ab\u00a0<strong>Viet<\/strong>\u00ab\u00a0, en hommage \u00e0 l\u2019accueil de notre discipline au sein de la F\u00e9d\u00e9ration d&rsquo;arts martiaux vietnamiens &#8211; Viet Vu Dao (International Vietnamese Traditional Martial) cr\u00e9e par Ma\u00eetre N\u2019Guyen Cong Tot en 1975.<br>En 2015, et une nouvelle fois pour des raisons de propri\u00e9t\u00e9 intellectuelle, le terme AIKI VU DAO a \u00e9t\u00e9 choisi et cette fois d\u00e9pos\u00e9 pour permettre une pratique sereine loin des guerres administratives et f\u00e9d\u00e9rales, qui polluent parfois la pratique&#8230;<\/p>\n\n\n\n<p class=\"has-normal-font-size\"><span style=\"font-family: Calibri,sans-serif;\"><span style=\"font-size: small;\"><\/span><\/span><\/p>\n\n\n\n<p class=\"has-normal-font-size\"><span style=\"font-family: Calibri,sans-serif;\"><span style=\"font-size: small;\"><\/span><\/span><\/p>\n","protected":false},"excerpt":{"rendered":"<p>L&rsquo;histoire de l&rsquo;A\u00efki Vu Dao est li\u00e9e \u00e0 celle de Jean-Pierre Rouvi\u00e8re qui en reste l&rsquo;un des fondateurs. En voici le d\u00e9tail : Jean-Pierre ROUVIERE est 7\u00e8me DANG WFVVM\u00e9daill\u00e9 jeunesse et sports Il a commenc\u00e9 l\u2019a\u00efkido en 1963 et a pass\u00e9 son 1er Dan 1968.Dipl\u00f4me d&rsquo;Etat A\u00efkido d\u00e9livr\u00e9 en 1976 &hellip;<\/p>\n","protected":false},"author":1,"featured_media":0,"parent":0,"menu_order":1,"comment_status":"closed","ping_status":"closed","template":"","meta":[],"yoast_head":"<!-- This site is optimized with the Yoast SEO plugin v21.1 - https:\/\/yoast.com\/wordpress\/plugins\/seo\/ -->\n<title>Jean-Pierre ROUVIERE - AIKI VU DAO<\/title>\n<meta name=\"robots\" content=\"index, follow, max-snippet:-1, max-image-preview:large, max-video-preview:-1\" \/>\n<link rel=\"canonical\" href=\"https:\/\/aikivudao.com\/?page_id=50\" \/>\n<meta property=\"og:locale\" content=\"fr_FR\" \/>\n<meta property=\"og:type\" content=\"article\" \/>\n<meta property=\"og:title\" content=\"Jean-Pierre ROUVIERE - AIKI VU DAO\" \/>\n<meta property=\"og:description\" content=\"L&rsquo;histoire de l&rsquo;A\u00efki Vu Dao est li\u00e9e \u00e0 celle de Jean-Pierre Rouvi\u00e8re qui en reste l&rsquo;un des fondateurs. En voici le d\u00e9tail : Jean-Pierre ROUVIERE est 7\u00e8me DANG WFVVM\u00e9daill\u00e9 jeunesse et sports Il a commenc\u00e9 l\u2019a\u00efkido en 1963 et a pass\u00e9 son 1er Dan 1968.Dipl\u00f4me d&rsquo;Etat A\u00efkido d\u00e9livr\u00e9 en 1976 &hellip;\" \/>\n<meta property=\"og:url\" content=\"https:\/\/aikivudao.com\/?page_id=50\" \/>\n<meta property=\"og:site_name\" content=\"AIKI VU DAO\" \/>\n<meta property=\"article:modified_time\" content=\"2023-07-29T09:33:26+00:00\" \/>\n<meta property=\"og:image\" content=\"https:\/\/aikivudao.com\/wp-content\/uploads\/2023\/07\/20220405_193415-01-1024x768.jpeg\" \/>\n<meta name=\"twitter:card\" content=\"summary_large_image\" \/>\n<script type=\"application\/ld+json\" class=\"yoast-schema-graph\">{\"@context\":\"https:\/\/schema.org\",\"@graph\":[{\"@type\":\"WebPage\",\"@id\":\"https:\/\/aikivudao.com\/?page_id=50\",\"url\":\"https:\/\/aikivudao.com\/?page_id=50\",\"name\":\"Jean-Pierre ROUVIERE - AIKI VU DAO\",\"isPartOf\":{\"@id\":\"https:\/\/aikivudao.com\/#website\"},\"datePublished\":\"2015-03-02T23:23:25+00:00\",\"dateModified\":\"2023-07-29T09:33:26+00:00\",\"breadcrumb\":{\"@id\":\"https:\/\/aikivudao.com\/?page_id=50#breadcrumb\"},\"inLanguage\":\"fr-FR\",\"potentialAction\":[{\"@type\":\"ReadAction\",\"target\":[\"https:\/\/aikivudao.com\/?page_id=50\"]}]},{\"@type\":\"BreadcrumbList\",\"@id\":\"https:\/\/aikivudao.com\/?page_id=50#breadcrumb\",\"itemListElement\":[{\"@type\":\"ListItem\",\"position\":1,\"name\":\"Accueil\",\"item\":\"https:\/\/aikivudao.com\/\"},{\"@type\":\"ListItem\",\"position\":2,\"name\":\"Jean-Pierre ROUVIERE\"}]},{\"@type\":\"WebSite\",\"@id\":\"https:\/\/aikivudao.com\/#website\",\"url\":\"https:\/\/aikivudao.com\/\",\"name\":\"AIKI VU DAO\",\"description\":\"Ecole d&#039;A\u00efkido - art martial japonais, aikibudoviet\",\"potentialAction\":[{\"@type\":\"SearchAction\",\"target\":{\"@type\":\"EntryPoint\",\"urlTemplate\":\"https:\/\/aikivudao.com\/?s={search_term_string}\"},\"query-input\":\"required name=search_term_string\"}],\"inLanguage\":\"fr-FR\"}]}<\/script>\n<!-- \/ Yoast SEO plugin. -->","yoast_head_json":{"title":"Jean-Pierre ROUVIERE - AIKI VU DAO","robots":{"index":"index","follow":"follow","max-snippet":"max-snippet:-1","max-image-preview":"max-image-preview:large","max-video-preview":"max-video-preview:-1"},"canonical":"https:\/\/aikivudao.com\/?page_id=50","og_locale":"fr_FR","og_type":"article","og_title":"Jean-Pierre ROUVIERE - AIKI VU DAO","og_description":"L&rsquo;histoire de l&rsquo;A\u00efki Vu Dao est li\u00e9e \u00e0 celle de Jean-Pierre Rouvi\u00e8re qui en reste l&rsquo;un des fondateurs. En voici le d\u00e9tail : Jean-Pierre ROUVIERE est 7\u00e8me DANG WFVVM\u00e9daill\u00e9 jeunesse et sports Il a commenc\u00e9 l\u2019a\u00efkido en 1963 et a pass\u00e9 son 1er Dan 1968.Dipl\u00f4me d&rsquo;Etat A\u00efkido d\u00e9livr\u00e9 en 1976 &hellip;","og_url":"https:\/\/aikivudao.com\/?page_id=50","og_site_name":"AIKI VU DAO","article_modified_time":"2023-07-29T09:33:26+00:00","og_image":[{"url":"https:\/\/aikivudao.com\/wp-content\/uploads\/2023\/07\/20220405_193415-01-1024x768.jpeg"}],"twitter_card":"summary_large_image","schema":{"@context":"https:\/\/schema.org","@graph":[{"@type":"WebPage","@id":"https:\/\/aikivudao.com\/?page_id=50","url":"https:\/\/aikivudao.com\/?page_id=50","name":"Jean-Pierre ROUVIERE - AIKI VU DAO","isPartOf":{"@id":"https:\/\/aikivudao.com\/#website"},"datePublished":"2015-03-02T23:23:25+00:00","dateModified":"2023-07-29T09:33:26+00:00","breadcrumb":{"@id":"https:\/\/aikivudao.com\/?page_id=50#breadcrumb"},"inLanguage":"fr-FR","potentialAction":[{"@type":"ReadAction","target":["https:\/\/aikivudao.com\/?page_id=50"]}]},{"@type":"BreadcrumbList","@id":"https:\/\/aikivudao.com\/?page_id=50#breadcrumb","itemListElement":[{"@type":"ListItem","position":1,"name":"Accueil","item":"https:\/\/aikivudao.com\/"},{"@type":"ListItem","position":2,"name":"Jean-Pierre ROUVIERE"}]},{"@type":"WebSite","@id":"https:\/\/aikivudao.com\/#website","url":"https:\/\/aikivudao.com\/","name":"AIKI VU DAO","description":"Ecole d&#039;A\u00efkido - art martial japonais, aikibudoviet","potentialAction":[{"@type":"SearchAction","target":{"@type":"EntryPoint","urlTemplate":"https:\/\/aikivudao.com\/?s={search_term_string}"},"query-input":"required name=search_term_string"}],"inLanguage":"fr-FR"}]}},"_links":{"self":[{"href":"https:\/\/aikivudao.com\/index.php?rest_route=\/wp\/v2\/pages\/50"}],"collection":[{"href":"https:\/\/aikivudao.com\/index.php?rest_route=\/wp\/v2\/pages"}],"about":[{"href":"https:\/\/aikivudao.com\/index.php?rest_route=\/wp\/v2\/types\/page"}],"author":[{"embeddable":true,"href":"https:\/\/aikivudao.com\/index.php?rest_route=\/wp\/v2\/users\/1"}],"replies":[{"embeddable":true,"href":"https:\/\/aikivudao.com\/index.php?rest_route=%2Fwp%2Fv2%2Fcomments&post=50"}],"version-history":[{"count":18,"href":"https:\/\/aikivudao.com\/index.php?rest_route=\/wp\/v2\/pages\/50\/revisions"}],"predecessor-version":[{"id":2957,"href":"https:\/\/aikivudao.com\/index.php?rest_route=\/wp\/v2\/pages\/50\/revisions\/2957"}],"wp:attachment":[{"href":"https:\/\/aikivudao.com\/index.php?rest_route=%2Fwp%2Fv2%2Fmedia&parent=50"}],"curies":[{"name":"wp","href":"https:\/\/api.w.org\/{rel}","templated":true}]}}