{"id":466,"date":"2015-08-15T15:20:29","date_gmt":"2015-08-15T13:20:29","guid":{"rendered":"http:\/\/aikivudao.com\/?page_id=466"},"modified":"2018-10-29T08:29:19","modified_gmt":"2018-10-29T07:29:19","slug":"wfvv","status":"publish","type":"page","link":"https:\/\/aikivudao.com\/?page_id=466","title":{"rendered":"WFVV"},"content":{"rendered":"<h4>World Federation of Vietnam VOCOTRUYEN (WFVV)<\/h4>\n<p><a href=\"https:\/\/aikivudao.com\/wp-content\/uploads\/2015\/03\/WFVVCT.jpg\"><img decoding=\"async\" loading=\"lazy\" class=\"aligncenter size-thumbnail wp-image-460\" src=\"https:\/\/aikivudao.com\/wp-content\/uploads\/2015\/03\/WFVVCT-150x150.jpg\" alt=\"WFVVCT\" width=\"150\" height=\"150\" srcset=\"https:\/\/aikivudao.com\/wp-content\/uploads\/2015\/03\/WFVVCT-150x150.jpg 150w, https:\/\/aikivudao.com\/wp-content\/uploads\/2015\/03\/WFVVCT-300x300.jpg 300w, https:\/\/aikivudao.com\/wp-content\/uploads\/2015\/03\/WFVVCT.jpg 720w\" sizes=\"(max-width: 150px) 100vw, 150px\" \/><\/a>La WFVV est li\u00e9e avec l&rsquo;a\u00efkivudao depuis sa cr\u00e9ation au travers du grand maitre Nguyen Cong Tot ami de Jean-Pierre ROUVIERE.<\/p>\n<p>Elle accueille les clubs A\u00efkivudao qui souhaite orienter leur pratique vers les instances internationales vietnamiennes. Soit par la richesse de la culture de ce pays, soit par sa vision des arts martiaux.<\/p>\n<p>Le Vietnam dispose d&rsquo;une multitude d&rsquo;\u00e9cole d&rsquo;arts martiaux. Il se sont r\u00e9unis autour de cette f\u00e9d\u00e9ration internationale, et proposent des passage de grades internationaux, des d\u00e9monstrations, des comp\u00e9titions (championnat du monde en 2020 \u00e0 Marseille)<\/p>\n<p>L&rsquo;affiliation d&rsquo;un club aikivudao vers la WFVV se fait aujourd&rsquo;hui par la F\u00e9d\u00e9ration des Arts Martiaux Traditionnels Vietnamiens FAMTV.<\/p>\n<p>&nbsp;<\/p>\n<blockquote><p><em><strong>NOTE Direction technique A\u00efkivudao &#8211; 2018 :<\/strong> \u00c9tant donn\u00e9 les diff\u00e9rences notables entre les arts martiaux traditionnels vietnamiens et l&rsquo;a\u00efkido japonais (sans remettre en cause leur efficacit\u00e9), la direction technique de l&rsquo;A\u00efkivudao a d\u00e9cid\u00e9 de laisser aux clubs la possibilit\u00e9 de rejoindre ou non cette voie. Forcer les clubs \u00e0 travailler des techniques diff\u00e9rentes, \u00e0 participer \u00e0 des championnats ou comp\u00e9titions qui sont en d\u00e9saccord avec l&rsquo;esprit de l&rsquo;a\u00efkido, ou s&rsquo;investir dans des passages de grades ou \u00e9quivalents souvent chers, nous semble aujourd&rsquo;hui difficile. Mais nous ne rejetons pas ceux qui ont aid\u00e9 \u00e0 b\u00e2tir notre \u00e9cole. Nous garderons la m\u00eame amiti\u00e9 \u00e0 leur \u00e9gard.Le monde du sport est en pleine mutation en France, nous nous devons d&rsquo;assurer \u00e0 nos \u00e9l\u00e8ves un socle de reconnaissance nationale de leur discipline avant d&rsquo;envisager un investissement ext\u00e9rieur.<br \/>\n<\/em><\/p><\/blockquote>\n<p>&nbsp;<\/p>\n<div id='gallery-1' class='gallery galleryid-466 gallery-columns-3 gallery-size-thumbnail'><figure class='gallery-item'>\n\t\t\t<div class='gallery-icon landscape'>\n\t\t\t\t<a href='https:\/\/aikivudao.com\/?attachment_id=470'><img width=\"150\" height=\"150\" src=\"https:\/\/aikivudao.com\/wp-content\/uploads\/2015\/08\/P1090698-150x150.jpg\" class=\"attachment-thumbnail size-thumbnail\" alt=\"\" decoding=\"async\" loading=\"lazy\" aria-describedby=\"gallery-1-470\" \/><\/a>\n\t\t\t<\/div>\n\t\t\t\t<figcaption class='wp-caption-text gallery-caption' id='gallery-1-470'>\n\t\t\t\tAKVD Hanoi\n\t\t\t\t<\/figcaption><\/figure><figure class='gallery-item'>\n\t\t\t<div class='gallery-icon landscape'>\n\t\t\t\t<a href='https:\/\/aikivudao.com\/?attachment_id=471'><img width=\"150\" height=\"150\" src=\"https:\/\/aikivudao.com\/wp-content\/uploads\/2015\/08\/P1090710-150x150.jpg\" class=\"attachment-thumbnail size-thumbnail\" alt=\"\" decoding=\"async\" loading=\"lazy\" \/><\/a>\n\t\t\t<\/div><\/figure><figure class='gallery-item'>\n\t\t\t<div class='gallery-icon portrait'>\n\t\t\t\t<a href='https:\/\/aikivudao.com\/?attachment_id=473'><img width=\"150\" height=\"150\" src=\"https:\/\/aikivudao.com\/wp-content\/uploads\/2015\/08\/P1090195-150x150.jpg\" class=\"attachment-thumbnail size-thumbnail\" alt=\"\" decoding=\"async\" loading=\"lazy\" \/><\/a>\n\t\t\t<\/div><\/figure>\n\t\t<\/div>\n\n","protected":false},"excerpt":{"rendered":"<p>World Federation of Vietnam VOCOTRUYEN (WFVV) La WFVV est li\u00e9e avec l&rsquo;a\u00efkivudao depuis sa cr\u00e9ation au travers du grand maitre Nguyen Cong Tot ami de Jean-Pierre ROUVIERE. Elle accueille les clubs A\u00efkivudao qui souhaite orienter leur pratique vers les instances internationales vietnamiennes. Soit par la richesse de la culture de &hellip;<\/p>\n","protected":false},"author":1,"featured_media":0,"parent":0,"menu_order":0,"comment_status":"closed","ping_status":"closed","template":"","meta":[],"yoast_head":"<!-- This site is optimized with the Yoast SEO plugin v21.1 - https:\/\/yoast.com\/wordpress\/plugins\/seo\/ -->\n<title>WFVV - AIKI VU DAO<\/title>\n<meta name=\"robots\" content=\"index, follow, max-snippet:-1, max-image-preview:large, max-video-preview:-1\" \/>\n<link rel=\"canonical\" href=\"https:\/\/aikivudao.com\/?page_id=466\" \/>\n<meta property=\"og:locale\" content=\"fr_FR\" \/>\n<meta property=\"og:type\" content=\"article\" \/>\n<meta property=\"og:title\" content=\"WFVV - AIKI VU DAO\" \/>\n<meta property=\"og:description\" content=\"World Federation of Vietnam VOCOTRUYEN (WFVV) La WFVV est li\u00e9e avec l&rsquo;a\u00efkivudao depuis sa cr\u00e9ation au travers du grand maitre Nguyen Cong Tot ami de Jean-Pierre ROUVIERE. Elle accueille les clubs A\u00efkivudao qui souhaite orienter leur pratique vers les instances internationales vietnamiennes. Soit par la richesse de la culture de &hellip;\" \/>\n<meta property=\"og:url\" content=\"https:\/\/aikivudao.com\/?page_id=466\" \/>\n<meta property=\"og:site_name\" content=\"AIKI VU DAO\" \/>\n<meta property=\"article:modified_time\" content=\"2018-10-29T07:29:19+00:00\" \/>\n<meta property=\"og:image\" content=\"https:\/\/aikivudao.com\/wp-content\/uploads\/2015\/08\/P1090698-150x150.jpg\" \/>\n<meta name=\"twitter:card\" content=\"summary_large_image\" \/>\n<script type=\"application\/ld+json\" class=\"yoast-schema-graph\">{\"@context\":\"https:\/\/schema.org\",\"@graph\":[{\"@type\":\"WebPage\",\"@id\":\"https:\/\/aikivudao.com\/?page_id=466\",\"url\":\"https:\/\/aikivudao.com\/?page_id=466\",\"name\":\"WFVV - AIKI VU DAO\",\"isPartOf\":{\"@id\":\"https:\/\/aikivudao.com\/#website\"},\"datePublished\":\"2015-08-15T13:20:29+00:00\",\"dateModified\":\"2018-10-29T07:29:19+00:00\",\"breadcrumb\":{\"@id\":\"https:\/\/aikivudao.com\/?page_id=466#breadcrumb\"},\"inLanguage\":\"fr-FR\",\"potentialAction\":[{\"@type\":\"ReadAction\",\"target\":[\"https:\/\/aikivudao.com\/?page_id=466\"]}]},{\"@type\":\"BreadcrumbList\",\"@id\":\"https:\/\/aikivudao.com\/?page_id=466#breadcrumb\",\"itemListElement\":[{\"@type\":\"ListItem\",\"position\":1,\"name\":\"Accueil\",\"item\":\"https:\/\/aikivudao.com\/\"},{\"@type\":\"ListItem\",\"position\":2,\"name\":\"WFVV\"}]},{\"@type\":\"WebSite\",\"@id\":\"https:\/\/aikivudao.com\/#website\",\"url\":\"https:\/\/aikivudao.com\/\",\"name\":\"AIKI VU DAO\",\"description\":\"Ecole d&#039;A\u00efkido - art martial japonais, aikibudoviet\",\"potentialAction\":[{\"@type\":\"SearchAction\",\"target\":{\"@type\":\"EntryPoint\",\"urlTemplate\":\"https:\/\/aikivudao.com\/?s={search_term_string}\"},\"query-input\":\"required name=search_term_string\"}],\"inLanguage\":\"fr-FR\"}]}<\/script>\n<!-- \/ Yoast SEO plugin. -->","yoast_head_json":{"title":"WFVV - AIKI VU DAO","robots":{"index":"index","follow":"follow","max-snippet":"max-snippet:-1","max-image-preview":"max-image-preview:large","max-video-preview":"max-video-preview:-1"},"canonical":"https:\/\/aikivudao.com\/?page_id=466","og_locale":"fr_FR","og_type":"article","og_title":"WFVV - AIKI VU DAO","og_description":"World Federation of Vietnam VOCOTRUYEN (WFVV) La WFVV est li\u00e9e avec l&rsquo;a\u00efkivudao depuis sa cr\u00e9ation au travers du grand maitre Nguyen Cong Tot ami de Jean-Pierre ROUVIERE. Elle accueille les clubs A\u00efkivudao qui souhaite orienter leur pratique vers les instances internationales vietnamiennes. Soit par la richesse de la culture de &hellip;","og_url":"https:\/\/aikivudao.com\/?page_id=466","og_site_name":"AIKI VU DAO","article_modified_time":"2018-10-29T07:29:19+00:00","og_image":[{"url":"https:\/\/aikivudao.com\/wp-content\/uploads\/2015\/08\/P1090698-150x150.jpg"}],"twitter_card":"summary_large_image","schema":{"@context":"https:\/\/schema.org","@graph":[{"@type":"WebPage","@id":"https:\/\/aikivudao.com\/?page_id=466","url":"https:\/\/aikivudao.com\/?page_id=466","name":"WFVV - AIKI VU DAO","isPartOf":{"@id":"https:\/\/aikivudao.com\/#website"},"datePublished":"2015-08-15T13:20:29+00:00","dateModified":"2018-10-29T07:29:19+00:00","breadcrumb":{"@id":"https:\/\/aikivudao.com\/?page_id=466#breadcrumb"},"inLanguage":"fr-FR","potentialAction":[{"@type":"ReadAction","target":["https:\/\/aikivudao.com\/?page_id=466"]}]},{"@type":"BreadcrumbList","@id":"https:\/\/aikivudao.com\/?page_id=466#breadcrumb","itemListElement":[{"@type":"ListItem","position":1,"name":"Accueil","item":"https:\/\/aikivudao.com\/"},{"@type":"ListItem","position":2,"name":"WFVV"}]},{"@type":"WebSite","@id":"https:\/\/aikivudao.com\/#website","url":"https:\/\/aikivudao.com\/","name":"AIKI VU DAO","description":"Ecole d&#039;A\u00efkido - art martial japonais, aikibudoviet","potentialAction":[{"@type":"SearchAction","target":{"@type":"EntryPoint","urlTemplate":"https:\/\/aikivudao.com\/?s={search_term_string}"},"query-input":"required name=search_term_string"}],"inLanguage":"fr-FR"}]}},"_links":{"self":[{"href":"https:\/\/aikivudao.com\/index.php?rest_route=\/wp\/v2\/pages\/466"}],"collection":[{"href":"https:\/\/aikivudao.com\/index.php?rest_route=\/wp\/v2\/pages"}],"about":[{"href":"https:\/\/aikivudao.com\/index.php?rest_route=\/wp\/v2\/types\/page"}],"author":[{"embeddable":true,"href":"https:\/\/aikivudao.com\/index.php?rest_route=\/wp\/v2\/users\/1"}],"replies":[{"embeddable":true,"href":"https:\/\/aikivudao.com\/index.php?rest_route=%2Fwp%2Fv2%2Fcomments&post=466"}],"version-history":[{"count":8,"href":"https:\/\/aikivudao.com\/index.php?rest_route=\/wp\/v2\/pages\/466\/revisions"}],"predecessor-version":[{"id":1435,"href":"https:\/\/aikivudao.com\/index.php?rest_route=\/wp\/v2\/pages\/466\/revisions\/1435"}],"wp:attachment":[{"href":"https:\/\/aikivudao.com\/index.php?rest_route=%2Fwp%2Fv2%2Fmedia&parent=466"}],"curies":[{"name":"wp","href":"https:\/\/api.w.org\/{rel}","templated":true}]}}