{"id":3370,"date":"2026-02-20T11:03:45","date_gmt":"2026-02-20T10:03:45","guid":{"rendered":"https:\/\/aikivudao.com\/?page_id=3370"},"modified":"2026-02-21T22:24:34","modified_gmt":"2026-02-21T21:24:34","slug":"journee-internationale-des-droits-de-la-femme-dimanche-08-mars-2026","status":"publish","type":"page","link":"https:\/\/aikivudao.com\/?page_id=3370","title":{"rendered":"Journ\u00e9e internationale des droits de la femme dimanche 08 mars 2026"},"content":{"rendered":"\n<h1 class=\"has-large-font-size\">Dans le cadre de la <strong>journ\u00e9e internationale des droits de la femmes le dimanche 08 mars 2026<\/strong>, <br>l&rsquo;\u00e9cole d&rsquo;arts martiaux A\u00efkivudao vous propose des s\u00e9ances d&rsquo;initiation adapt\u00e9es toute la journ\u00e9e de 10h00 \u00e0 17h00. <\/h1>\n\n\n\n<p class=\"has-accent-1-color has-text-color has-large-font-size\" id=\"block-78a4adc5-09d7-4ef2-8200-4cf48a4799d7\">Ouvert \u00e0 tous les \u00e2ges.<\/p>\n\n\n\n<p id=\"block-3da31954-42a6-43a9-a17c-70a5c13d8488\"><strong>Arriv\u00e9e \u00e0 09h30 pour la premi\u00e8re session, caf\u00e9 \u00e0 disposition.<\/strong><\/p>\n\n\n\n<p class=\"has-accent-2-color has-text-color\" id=\"block-20f053bc-d657-490c-9ffa-7fe897d53f2e\">Choisissez votre cr\u00e9neau sur le calendrier ci-dessous, remplissez param\u00e8tres et cliquez sur r\u00e9servez.<\/p>\n\n\n\n<p id=\"block-e8d6e703-dff0-491e-b68f-36a467a5b3b9\"><em>Acc\u00e8s : gymnase all\u00e9e des pins, 17 bis chemin de la colline Saint-Joseph 13009 Marseille. <\/em><\/p>\n\n\n\n<p id=\"block-e8d6e703-dff0-491e-b68f-36a467a5b3b9\"><em>Bus et Tramway T3 \u00e0 proximit\u00e9.<\/em><\/p>\n\n\n\n<p id=\"block-31ea8fa7-ba74-4c2c-a133-3fce33009afc\">Toilettes, vestiaires \u00e0 disposition<\/p>\n\n\n\n<p id=\"block-775640db-8e99-4432-aba9-38d19ee4c76c\">Pr\u00e9voir tenue de sport ou kimono<\/p>\n\n\n\n<p id=\"block-d684d09e-572f-4a98-b65d-744a7d9fb02d\">Inscription souhait\u00e9e.<\/p>\n\n\n\t\t<form id=\"bookacti-form-5-1436253547\" class=\"bookacti-booking-form bookacti-booking-form-5 \" autocomplete=\"off\" >\n\t\t\t\t<input type='hidden' name='form_id' value='5'\/>\n\t\t\t<input type='hidden' name='action' value='bookactiSubmitBookingForm'\/>\n\t\t\t<div class='bookacti-form-field-container bookacti-form-field-name-calendar bookacti-form-field-type-calendar bookacti-form-field-id-26' id='bookacti-form-field-calendar-26-form-5-1436253547' data-field-name=\"calendar\" data-field-type=\"calendar\" data-field-id=\"26\">\n\t\t\t<div class='bookacti-form-field-content' >\n\t\t\r\n\t<div class='bookacti-booking-system-container' id='bookacti-booking-system-form-5-1436253547-container' >\r\n\t\t<script>\r\n\t\t\t\/\/ Compatibility with Optimization plugins\r\n\t\t\tif( typeof bookacti === 'undefined' ) { var bookacti = { booking_system:[] }; }\r\n\t\t\tbookacti.booking_system[ 'bookacti-booking-system-form-5-1436253547' ] = {\"events\":[],\"events_data\":[],\"events_interval\":{\"start\":\"2026-04-08 14:57:47\",\"end\":\"2026-04-08 14:57:47\"},\"events_min_interval\":[],\"bookings\":[],\"groups_bookings\":[],\"booking_lists\":[],\"activities_data\":[],\"groups_events\":[],\"groups_data\":[],\"group_categories_data\":[],\"no_events\":0,\"id\":\"bookacti-booking-system-form-5-1436253547\",\"class\":\"\",\"hide_availability\":100,\"calendars\":[3],\"activities\":[6],\"group_categories\":[\"none\"],\"groups_only\":0,\"groups_single_events\":0,\"groups_first_event_only\":0,\"multiple_bookings\":0,\"bookings_only\":0,\"tooltip_booking_list\":0,\"tooltip_booking_list_columns\":[],\"status\":[],\"user_id\":[],\"method\":\"calendar\",\"auto_load\":0,\"start\":\"2026-04-08 14:57:47\",\"end\":\"\",\"trim\":1,\"past_events\":0,\"past_events_bookable\":0,\"days_off\":[],\"check_roles\":1,\"picked_events\":[],\"form_id\":5,\"form_action\":\"default\",\"when_perform_form_action\":\"on_submit\",\"redirect_url_by_activity\":[],\"redirect_url_by_group_category\":[],\"display_data\":{\"slotMinTime\":\"09:00\",\"slotMaxTime\":\"17:00\"}};\r\n\t\t<\/script>\r\n\t\t\t\t\r\n\t\t<div class='bookacti-booking-system-inputs'>\r\n\t\t\t\t\t<\/div>\r\n\t\t\r\n\t\t\t\t\r\n\t\t<div id='bookacti-booking-system-form-5-1436253547' class='bookacti-booking-system ' >\r\n\t\t\t\t\t<div class='bookacti-calendar-title bookacti-booking-system-title'>\r\n\t\t\tChoisissez un cr\u00e9neau sur le calendrier\u00a0:\t\t<\/div>\r\n\t\t<div class='bookacti-calendar'><\/div>\r\n\t\t\t<\/div>\r\n\t\t\r\n\t\t\t\t\r\n\t\t<div class='bookacti-picked-events' style='display:none;' >\r\n\t\t\t<div class='bookacti-picked-events-list-title' ><\/div>\r\n\t\t\t<ul class='bookacti-picked-events-list bookacti-custom-scrollbar' >\r\n\t\t\t\t\t\t\t<\/ul>\r\n\t\t<\/div>\r\n\t\t\r\n\t\t<div class='bookacti-notices' style='display:none;' >\r\n\t\t\t\t\t<\/div>\r\n\t\t\r\n\t\t<div class='bookacti-tooltips-container'>\r\n\t\t\t\t\t<\/div>\r\n\t\t\r\n\t\t\t<\/div>\r\n\t<div id='bookacti-booking-system-form-5-1436253547-dialogs' class='bookacti-booking-system-dialogs' >\r\n\t\t\t<!-- Choose a group of events -->\r\n\t<div id='bookacti-booking-system-form-5-1436253547-choose-group-of-events-dialog' \r\n\t\t data-booking-system-id='bookacti-booking-system-form-5-1436253547' \r\n\t\t class='bookacti-backend-dialog bookacti-choose-group-of-events-dialog bookacti-booking-system-dialog' \r\n\t\t title='Cet \u00e9v\u00e8nement est disponible dans plusieurs groupes' \r\n\t\t style='display:none;' >\r\n\t\tQuel groupe d&#039;\u00e9v\u00e8nements voulez-vous s\u00e9lectionner&nbsp;?\t\t<div id='bookacti-booking-system-form-5-1436253547-groups-of-events-list' class='bookacti-groups-of-events-list' ><\/div>\r\n\t<\/div>\r\n\r\n\t\t<\/div>\r\n\t\t\t<\/div>\n\t<\/div>\n\t<div class='bookacti-form-field-container bookacti-form-field-name-login bookacti-form-field-type-login bookacti-form-field-id-31 bookacti-has-login-button bookacti-user-is-not-logged-in' id='bookacti-form-field-login-31-form-5-1436253547' data-field-name=\"login\" data-field-type=\"login\" data-field-id=\"31\">\n\t\t\t\t<div class='bookacti-form-field-login-field-container bookacti-login-field-login-type bookacti-custom-radio-button-container bookacti-login-types-hidden' data-field-name='login_type'>\n\t\t\t\t\t\t<div class='bookacti-login-type-container bookacti-custom-radio-button bookacti-login-type-no_account' data-separator='ou'>\n\t\t\t\t\t<input type='radio' name='login_type' value='no_account' id='bookacti-form-5-1436253547-login-type-no_account' required  checked='checked'\/>\n\t\t\t\t\t<label for='bookacti-form-5-1436253547-login-type-no_account' \n\t\t\t\t\t\t   \n\t\t\t\t\t>\n\t\t\t\t\tR\u00e9server sans compte\t\t\t\t\t<\/label>\n\t\t\t\t<\/div>\n\t\t\t\t\t\t\t<\/div>\n\t\t\t\t<div class='bookacti-user-data-fields'>\n\t\t\t<div class='bookacti-log-in-fields'>\n\t\t\t\t\t\t\t\t<div class='bookacti-form-field-login-field-container bookacti-login-field-email' id='bookacti-form-field-login-31-form-5-1436253547-email-container' data-field-name='email' data-field-type='email'>\n\t\t\t\t\t<div class='bookacti-form-field-label' >\n\t\t\t\t\t\t<label for='bookacti-form-field-login-31-form-5-1436253547-email' >\n\t\t\t\t\t\t\tE-mail\t\t\t\t\t\t\t<span class='bookacti-required-field-indicator' title='Champ obligatoire'><\/span>\n\t\t\t\t\t\t<\/label>\n\t\t\t\t\t\t\t\t\t\t<\/div>\n\t\t\t\t\t<div class='bookacti-form-field-content' >\n\t\t\t\t\t\t\t<input type='text' \r\n\t\t\t\tname='email' \r\n\t\t\t\tvalue='' \r\n\t\t\t\tautocomplete='off'\r\n\t\t\t\tid='bookacti-form-field-login-31-form-5-1436253547-email' \r\n\t\t\t\tclass='bookacti-input bookacti-form-field bookacti-email bookacti-required-field' \r\n\t\t\t\t\t\t\tplaceholder='' \r\n\t\t\t required\t\t\/>\r\n\t\t\t\t\t\t<\/div>\n\t\t\t\t\t\t\t\t\t<\/div>\n\t\t\t\t<div class='bookacti-form-field-login-field-container bookacti-login-field-password ' id='bookacti-form-field-login-31-form-5-1436253547-password-container' data-field-name='password' data-field-type='password'>\n\t\t\t\t\t<div class='bookacti-form-field-label' >\n\t\t\t\t\t\t<label for='bookacti-form-field-login-31-form-5-1436253547-password' >\n\t\t\t\t\t\t\tMot de passe\t\t\t\t\t\t\t<span class='bookacti-required-field-indicator' title='Champ obligatoire'><\/span>\n\t\t\t\t\t\t<\/label>\n\t\t\t\t\t\t\t\t\t\t<\/div>\n\t\t\t\t\t<div class='bookacti-form-field-content' >\n\t\t\t\t\t\t\t<input type='password' \r\n\t\t\t\tname='password' \r\n\t\t\t\tvalue='' \r\n\t\t\t\tautocomplete='off'\r\n\t\t\t\tid='bookacti-form-field-login-31-form-5-1436253547-password' \r\n\t\t\t\tclass='bookacti-input bookacti-form-field bookacti-password bookacti-required-field' \r\n\t\t\t\t\t\t\tplaceholder='' \r\n\t\t\t required\t\t\/>\r\n\t\t\t\t\t\t\t\t<div class='bookacti-password-strength' style='display:none;'>\n\t\t\t\t\t\t\t\t<span class='bookacti-password-strength-meter'><\/span>\n\t\t\t\t\t\t\t\t<input type='hidden' name='password_strength' class='bookacti-password_strength' value='0' min='4' \/>\n\t\t\t\t\t\t\t<\/div>\n\t\t\t\t\t\t\t\t\t\t\t\t\t\t<div class='bookacti-forgotten-password' >\n\t\t\t\t\t\t\t\t<a href='#' class='bookacti-forgotten-password-link' data-field-id='bookacti-form-field-login-31-form-5-1436253547'>Mot de passe oubli\u00e9\u00a0?<\/a>\n\t\t\t\t\t\t\t\t\t\t\t\t\t\t<\/div>\n\t\t\t\t\t\t\t\t\t\t\t\t\t\t<div data-field-id='bookacti-form-field-login-31-form-5-1436253547' class='bookacti-backend-dialog bookacti-forgotten-password-dialog bookacti-form-dialog' title='Mot de passe oubli\u00e9' style='display:none;'>\n\t\t\t\t\t\t\t\t<div class='bookacti-forgotten-password-dialog-description' >\n\t\t\t\t\t\t\t\t\t<p>\n\t\t\t\t\t\t\t\t\tVeuillez saisir votre adresse de messagerie. Vous recevrez un lien pour cr\u00e9er un nouveau mot de passe par e-mail.\t\t\t\t\t\t\t\t\t<\/p>\n\t\t\t\t\t\t\t\t<\/div>\n\t\t\t\t\t\t\t\t<div class='bookacti-forgotten-password-dialog-fields' >\n\t\t\t\t\t\t\t\t\t\t\t<div class='bookacti-field-container ' id='bookacti-forgotten-password-email-bookacti-form-field-login-31-form-5-1436253547-container'>\r\n\t\t\t\t<input type='email' \r\n\t\t\t\tname='forgotten_password_email' \r\n\t\t\t\tvalue='' \r\n\t\t\t\tautocomplete='off'\r\n\t\t\t\tid='bookacti-forgotten-password-email-bookacti-form-field-login-31-form-5-1436253547' \r\n\t\t\t\tclass='bookacti-input bookacti-forgotten-password-email' \r\n\t\t\t\t\t\t\tplaceholder='Votre adresse e-mail' \r\n\t\t\t\t\t\/>\r\n\t\t\t<\/div>\r\n\t\t\t\t\t\t\t\t\t<\/div>\n\t\t\t\t\t\t\t<\/div>\n\t\t\t\t\t\t\t\t\t\t\t<\/div>\n\t\t\t\t\t\t\t\t\t<\/div>\n\t\t\t\t\t\t\t<\/div>\n\t\t\t\t\t\t\t\t<div class='bookacti-register-fields' id='bookacti-form-field-login-31-form-5-1436253547-register-fields' style='display:none;' >\n\t\t\t\t\t\t\t\t\t\t\t\t\t\t<div class='bookacti-form-field-login-field-container bookacti-login-field-first_name' id='bookacti-form-field-login-31-form-5-1436253547-first_name-container' data-field-name='first_name' data-field-type='text'>\n\t\t\t\t\t\t\t\t\t\t\t\t\t\t\t\t\t\t\t<div class='bookacti-form-field-label' >\n\t\t\t\t\t\t\t\t\t\t\t<label for='bookacti-form-field-login-31-form-5-1436253547-first_name' >\n\t\t\t\t\t\t\t\t\t\t\tPr\u00e9nom\t\t\t\t\t\t\t\t\t\t\t<\/label>\n\t\t\t\t\t\t\t\t\t\t\t\t\t\t\t\t\t\t\t\t<\/div>\n\t\t\t\t\t\t\t\t\t\t\t\t\t\t\t\t\t\t<div class='bookacti-form-field-content' >\n\t\t\t\t\t\t\t\t\t\t\t<input type='text' \r\n\t\t\t\tname='first_name' \r\n\t\t\t\tvalue='' \r\n\t\t\t\tautocomplete='off'\r\n\t\t\t\tid='bookacti-form-field-login-31-form-5-1436253547-first_name' \r\n\t\t\t\tclass='bookacti-input bookacti-form-field bookacti-first_name' \r\n\t\t\t\t\t\t\tplaceholder='' \r\n\t\t\t\t\t\/>\r\n\t\t\t\t\t\t\t\t\t\t<\/div>\n\t\t\t\t\t\t\t\t\t\t\t\t\t\t\t\t\t<\/div>\n\t\t\t\t\t\t\t\t\t\t\t\t\t\t\t<div class='bookacti-form-field-login-field-container bookacti-login-field-last_name' id='bookacti-form-field-login-31-form-5-1436253547-last_name-container' data-field-name='last_name' data-field-type='text'>\n\t\t\t\t\t\t\t\t\t\t\t\t\t\t\t\t\t\t\t<div class='bookacti-form-field-label' >\n\t\t\t\t\t\t\t\t\t\t\t<label for='bookacti-form-field-login-31-form-5-1436253547-last_name' >\n\t\t\t\t\t\t\t\t\t\t\tNom\t\t\t\t\t\t\t\t\t\t\t<\/label>\n\t\t\t\t\t\t\t\t\t\t\t\t\t\t\t\t\t\t\t\t<\/div>\n\t\t\t\t\t\t\t\t\t\t\t\t\t\t\t\t\t\t<div class='bookacti-form-field-content' >\n\t\t\t\t\t\t\t\t\t\t\t<input type='text' \r\n\t\t\t\tname='last_name' \r\n\t\t\t\tvalue='' \r\n\t\t\t\tautocomplete='off'\r\n\t\t\t\tid='bookacti-form-field-login-31-form-5-1436253547-last_name' \r\n\t\t\t\tclass='bookacti-input bookacti-form-field bookacti-last_name' \r\n\t\t\t\t\t\t\tplaceholder='' \r\n\t\t\t\t\t\/>\r\n\t\t\t\t\t\t\t\t\t\t<\/div>\n\t\t\t\t\t\t\t\t\t\t\t\t\t\t\t\t\t<\/div>\n\t\t\t\t\t\t\t\t\t\t\t\t\t\t\t<div class='bookacti-form-field-login-field-container bookacti-login-field-phone' id='bookacti-form-field-login-31-form-5-1436253547-phone-container' data-field-name='phone' data-field-type='tel'>\n\t\t\t\t\t\t\t\t\t\t\t\t\t\t\t\t\t\t\t<div class='bookacti-form-field-label' >\n\t\t\t\t\t\t\t\t\t\t\t<label for='bookacti-form-field-login-31-form-5-1436253547-phone' >\n\t\t\t\t\t\t\t\t\t\t\tNum\u00e9ro de t\u00e9l\u00e9phone\t\t\t\t\t\t\t\t\t\t\t<\/label>\n\t\t\t\t\t\t\t\t\t\t\t\t\t\t\t\t\t\t\t\t<\/div>\n\t\t\t\t\t\t\t\t\t\t\t\t\t\t\t\t\t\t<div class='bookacti-form-field-content' >\n\t\t\t\t\t\t\t\t\t\t\t<input type='tel' \r\n\t\t\t\tname='phone' \r\n\t\t\t\tvalue='' \r\n\t\t\t\tautocomplete='off'\r\n\t\t\t\tid='bookacti-form-field-login-31-form-5-1436253547-phone' \r\n\t\t\t\tclass='bookacti-input bookacti-form-field bookacti-phone' \r\n\t\t\t\t\t\t\tplaceholder='' \r\n\t\t\t\t\t\/>\r\n\t\t\t\t\t\t\t\t\t\t<\/div>\n\t\t\t\t\t\t\t\t\t\t\t\t\t\t\t\t\t<\/div>\n\t\t\t\t\t\t\t\t\t\t\t\t<\/div>\n\t\t\t\t\t\t\t<div class='bookacti-form-field-login-field-container bookacti-login-field-submit-button' id='bookacti-form-field-login-31-form-5-1436253547-submit-button' style='display:none;'>\n\t\t\t\t<input type='button' value='Se connecter' class='bookacti-login-button button' data-login-label='Se connecter' data-register-label='Inscription'\/>\n\t\t\t<\/div>\n\t\t\t\t\t<\/div>\n\t<\/div>\n\t\t<div class='bookacti-form-field-container bookacti-form-field-name-quantity bookacti-form-field-type-quantity bookacti-form-field-id-28' id='bookacti-form-field-quantity-28-form-5-1436253547' data-field-name=\"quantity\" data-field-type=\"quantity\" data-field-id=\"28\">\n\t\t\t<div class='bookacti-form-field-label' >\n\t\t\t<label>\n\t\t\tNb de personnes<span class=\"bookacti-required-field-indicator\" title=\"Champ obligatoire\"><\/span>\t\t\t<\/label>\n\t\t\t\t<\/div>\n\t\t\t<div class='bookacti-form-field-content' >\n\t\t\t\t<input type='number' \r\n\t\t\t\tname='quantity' \r\n\t\t\t\tvalue='1' \r\n\t\t\t\tautocomplete='off'\r\n\t\t\t\tid='9c053ca94bf751f5c8a2236aeb66eba9' \r\n\t\t\t\tclass='bookacti-input bookacti-form-field bookacti-quantity' \r\n\t\t\t\t\t\t\tplaceholder='' \r\n\t\t\t\t\t\t\tmin='1' \r\n\t\t\t\tmax=''\r\n\t\t\t\tstep=''\r\n\t\t\t\t\t\/>\r\n\t\t\t<\/div>\n\t<\/div>\n\t<div class='bookacti-form-field-container bookacti-form-field-name-submit bookacti-form-field-type-submit bookacti-form-field-id-29' id='bookacti-form-field-submit-29-form-5-1436253547' data-field-name=\"submit\" data-field-type=\"submit\" data-field-id=\"29\">\n\t\t<input type='submit' class='bookacti-submit-form button' value='R\u00e9server'\/>\n\t\t<input type='button' class='bookacti-new-booking-button button' value='Faire une nouvelle r\u00e9servation' style='display:none;'\/>\n\t<\/div>\n\t\t\t\t<div class='bookacti-notices' style='display:none;'><\/div>\n\t\t\t<\/form>\n\t\n\n\n<div class=\"wp-block-image\">\n<figure class=\"aligncenter size-large\"><a href=\"https:\/\/aikivudao.com\/wp-content\/uploads\/2026\/02\/journee-femme-2026-2-scaled.jpg\"><img decoding=\"async\" loading=\"lazy\" width=\"726\" height=\"1024\" src=\"https:\/\/aikivudao.com\/wp-content\/uploads\/2026\/02\/journee-femme-2026-2-726x1024.jpg\" alt=\"\" class=\"wp-image-3374\" srcset=\"https:\/\/aikivudao.com\/wp-content\/uploads\/2026\/02\/journee-femme-2026-2-726x1024.jpg 726w, https:\/\/aikivudao.com\/wp-content\/uploads\/2026\/02\/journee-femme-2026-2-213x300.jpg 213w, https:\/\/aikivudao.com\/wp-content\/uploads\/2026\/02\/journee-femme-2026-2-768x1083.jpg 768w, https:\/\/aikivudao.com\/wp-content\/uploads\/2026\/02\/journee-femme-2026-2-scaled.jpg 1816w\" sizes=\"(max-width: 726px) 100vw, 726px\" \/><\/a><\/figure><\/div>","protected":false},"excerpt":{"rendered":"<p>Dans le cadre de la journ\u00e9e internationale des droits de la femmes le dimanche 08 mars 2026, l&rsquo;\u00e9cole d&rsquo;arts martiaux A\u00efkivudao vous propose des s\u00e9ances d&rsquo;initiation adapt\u00e9es toute la journ\u00e9e de 10h00 \u00e0 17h00. Ouvert \u00e0 tous les \u00e2ges. Arriv\u00e9e \u00e0 09h30 pour la premi\u00e8re session, caf\u00e9 \u00e0 disposition. Choisissez &hellip;<\/p>\n","protected":false},"author":1,"featured_media":0,"parent":0,"menu_order":0,"comment_status":"closed","ping_status":"closed","template":"","meta":[],"yoast_head":"<!-- This site is optimized with the Yoast SEO plugin v21.1 - https:\/\/yoast.com\/wordpress\/plugins\/seo\/ -->\n<title>Journ\u00e9e internationale des droits de la femme dimanche 08 mars 2026 - AIKI VU DAO<\/title>\n<meta name=\"robots\" content=\"index, follow, max-snippet:-1, max-image-preview:large, max-video-preview:-1\" \/>\n<link rel=\"canonical\" href=\"https:\/\/aikivudao.com\/?page_id=3370\" \/>\n<meta property=\"og:locale\" content=\"fr_FR\" \/>\n<meta property=\"og:type\" content=\"article\" \/>\n<meta property=\"og:title\" content=\"Journ\u00e9e internationale des droits de la femme dimanche 08 mars 2026 - AIKI VU DAO\" \/>\n<meta property=\"og:description\" content=\"Dans le cadre de la journ\u00e9e internationale des droits de la femmes le dimanche 08 mars 2026, l&rsquo;\u00e9cole d&rsquo;arts martiaux A\u00efkivudao vous propose des s\u00e9ances d&rsquo;initiation adapt\u00e9es toute la journ\u00e9e de 10h00 \u00e0 17h00. Ouvert \u00e0 tous les \u00e2ges. Arriv\u00e9e \u00e0 09h30 pour la premi\u00e8re session, caf\u00e9 \u00e0 disposition. Choisissez &hellip;\" \/>\n<meta property=\"og:url\" content=\"https:\/\/aikivudao.com\/?page_id=3370\" \/>\n<meta property=\"og:site_name\" content=\"AIKI VU DAO\" \/>\n<meta property=\"article:modified_time\" content=\"2026-02-21T21:24:34+00:00\" \/>\n<meta property=\"og:image\" content=\"https:\/\/aikivudao.com\/wp-content\/uploads\/2026\/02\/journee-femme-2026-2-726x1024.jpg\" \/>\n<meta name=\"twitter:card\" content=\"summary_large_image\" \/>\n<script type=\"application\/ld+json\" class=\"yoast-schema-graph\">{\"@context\":\"https:\/\/schema.org\",\"@graph\":[{\"@type\":\"WebPage\",\"@id\":\"https:\/\/aikivudao.com\/?page_id=3370\",\"url\":\"https:\/\/aikivudao.com\/?page_id=3370\",\"name\":\"Journ\u00e9e internationale des droits de la femme dimanche 08 mars 2026 - AIKI VU DAO\",\"isPartOf\":{\"@id\":\"https:\/\/aikivudao.com\/#website\"},\"datePublished\":\"2026-02-20T10:03:45+00:00\",\"dateModified\":\"2026-02-21T21:24:34+00:00\",\"breadcrumb\":{\"@id\":\"https:\/\/aikivudao.com\/?page_id=3370#breadcrumb\"},\"inLanguage\":\"fr-FR\",\"potentialAction\":[{\"@type\":\"ReadAction\",\"target\":[\"https:\/\/aikivudao.com\/?page_id=3370\"]}]},{\"@type\":\"BreadcrumbList\",\"@id\":\"https:\/\/aikivudao.com\/?page_id=3370#breadcrumb\",\"itemListElement\":[{\"@type\":\"ListItem\",\"position\":1,\"name\":\"Accueil\",\"item\":\"https:\/\/aikivudao.com\/\"},{\"@type\":\"ListItem\",\"position\":2,\"name\":\"Journ\u00e9e internationale des droits de la femme dimanche 08 mars 2026\"}]},{\"@type\":\"WebSite\",\"@id\":\"https:\/\/aikivudao.com\/#website\",\"url\":\"https:\/\/aikivudao.com\/\",\"name\":\"AIKI VU DAO\",\"description\":\"Ecole d&#039;A\u00efkido - art martial japonais, aikibudoviet\",\"potentialAction\":[{\"@type\":\"SearchAction\",\"target\":{\"@type\":\"EntryPoint\",\"urlTemplate\":\"https:\/\/aikivudao.com\/?s={search_term_string}\"},\"query-input\":\"required name=search_term_string\"}],\"inLanguage\":\"fr-FR\"}]}<\/script>\n<!-- \/ Yoast SEO plugin. -->","yoast_head_json":{"title":"Journ\u00e9e internationale des droits de la femme dimanche 08 mars 2026 - AIKI VU DAO","robots":{"index":"index","follow":"follow","max-snippet":"max-snippet:-1","max-image-preview":"max-image-preview:large","max-video-preview":"max-video-preview:-1"},"canonical":"https:\/\/aikivudao.com\/?page_id=3370","og_locale":"fr_FR","og_type":"article","og_title":"Journ\u00e9e internationale des droits de la femme dimanche 08 mars 2026 - AIKI VU DAO","og_description":"Dans le cadre de la journ\u00e9e internationale des droits de la femmes le dimanche 08 mars 2026, l&rsquo;\u00e9cole d&rsquo;arts martiaux A\u00efkivudao vous propose des s\u00e9ances d&rsquo;initiation adapt\u00e9es toute la journ\u00e9e de 10h00 \u00e0 17h00. Ouvert \u00e0 tous les \u00e2ges. Arriv\u00e9e \u00e0 09h30 pour la premi\u00e8re session, caf\u00e9 \u00e0 disposition. Choisissez &hellip;","og_url":"https:\/\/aikivudao.com\/?page_id=3370","og_site_name":"AIKI VU DAO","article_modified_time":"2026-02-21T21:24:34+00:00","og_image":[{"url":"https:\/\/aikivudao.com\/wp-content\/uploads\/2026\/02\/journee-femme-2026-2-726x1024.jpg"}],"twitter_card":"summary_large_image","schema":{"@context":"https:\/\/schema.org","@graph":[{"@type":"WebPage","@id":"https:\/\/aikivudao.com\/?page_id=3370","url":"https:\/\/aikivudao.com\/?page_id=3370","name":"Journ\u00e9e internationale des droits de la femme dimanche 08 mars 2026 - AIKI VU DAO","isPartOf":{"@id":"https:\/\/aikivudao.com\/#website"},"datePublished":"2026-02-20T10:03:45+00:00","dateModified":"2026-02-21T21:24:34+00:00","breadcrumb":{"@id":"https:\/\/aikivudao.com\/?page_id=3370#breadcrumb"},"inLanguage":"fr-FR","potentialAction":[{"@type":"ReadAction","target":["https:\/\/aikivudao.com\/?page_id=3370"]}]},{"@type":"BreadcrumbList","@id":"https:\/\/aikivudao.com\/?page_id=3370#breadcrumb","itemListElement":[{"@type":"ListItem","position":1,"name":"Accueil","item":"https:\/\/aikivudao.com\/"},{"@type":"ListItem","position":2,"name":"Journ\u00e9e internationale des droits de la femme dimanche 08 mars 2026"}]},{"@type":"WebSite","@id":"https:\/\/aikivudao.com\/#website","url":"https:\/\/aikivudao.com\/","name":"AIKI VU DAO","description":"Ecole d&#039;A\u00efkido - art martial japonais, aikibudoviet","potentialAction":[{"@type":"SearchAction","target":{"@type":"EntryPoint","urlTemplate":"https:\/\/aikivudao.com\/?s={search_term_string}"},"query-input":"required name=search_term_string"}],"inLanguage":"fr-FR"}]}},"_links":{"self":[{"href":"https:\/\/aikivudao.com\/index.php?rest_route=\/wp\/v2\/pages\/3370"}],"collection":[{"href":"https:\/\/aikivudao.com\/index.php?rest_route=\/wp\/v2\/pages"}],"about":[{"href":"https:\/\/aikivudao.com\/index.php?rest_route=\/wp\/v2\/types\/page"}],"author":[{"embeddable":true,"href":"https:\/\/aikivudao.com\/index.php?rest_route=\/wp\/v2\/users\/1"}],"replies":[{"embeddable":true,"href":"https:\/\/aikivudao.com\/index.php?rest_route=%2Fwp%2Fv2%2Fcomments&post=3370"}],"version-history":[{"count":5,"href":"https:\/\/aikivudao.com\/index.php?rest_route=\/wp\/v2\/pages\/3370\/revisions"}],"predecessor-version":[{"id":3385,"href":"https:\/\/aikivudao.com\/index.php?rest_route=\/wp\/v2\/pages\/3370\/revisions\/3385"}],"wp:attachment":[{"href":"https:\/\/aikivudao.com\/index.php?rest_route=%2Fwp%2Fv2%2Fmedia&parent=3370"}],"curies":[{"name":"wp","href":"https:\/\/api.w.org\/{rel}","templated":true}]}}