{"id":3042,"date":"2023-11-05T11:22:28","date_gmt":"2023-11-05T10:22:28","guid":{"rendered":"https:\/\/aikivudao.com\/?page_id=3042"},"modified":"2025-12-01T19:52:48","modified_gmt":"2025-12-01T18:52:48","slug":"calendrier-2023-2024","status":"publish","type":"page","link":"https:\/\/aikivudao.com\/?page_id=3042","title":{"rendered":"Calendrier 2025-2026"},"content":{"rendered":"\n<p>ensemble des activit\u00e9s de la saison sportive<\/p>\n\n\n\n<p>Ce calendrier est r\u00e9guli\u00e8rement mis \u00e0 jour.<\/p>\n\n\n\n<figure class=\"wp-block-image size-full\"><a href=\"https:\/\/aikivudao.com\/wp-content\/uploads\/2025\/12\/calendrier-2025_2026_v3-1.jpg\"><img decoding=\"async\" loading=\"lazy\" width=\"1024\" height=\"1010\" src=\"https:\/\/aikivudao.com\/wp-content\/uploads\/2025\/12\/calendrier-2025_2026_v3-1.jpg\" alt=\"\" class=\"wp-image-3349\" srcset=\"https:\/\/aikivudao.com\/wp-content\/uploads\/2025\/12\/calendrier-2025_2026_v3-1.jpg 1024w, https:\/\/aikivudao.com\/wp-content\/uploads\/2025\/12\/calendrier-2025_2026_v3-1-300x296.jpg 300w, https:\/\/aikivudao.com\/wp-content\/uploads\/2025\/12\/calendrier-2025_2026_v3-1-768x758.jpg 768w, https:\/\/aikivudao.com\/wp-content\/uploads\/2025\/12\/calendrier-2025_2026_v3-1-253x250.jpg 253w, https:\/\/aikivudao.com\/wp-content\/uploads\/2025\/12\/calendrier-2025_2026_v3-1-45x45.jpg 45w\" sizes=\"(max-width: 1024px) 100vw, 1024px\" \/><\/a><\/figure>\n","protected":false},"excerpt":{"rendered":"<p>ensemble des activit\u00e9s de la saison sportive Ce calendrier est r\u00e9guli\u00e8rement mis \u00e0 jour.<\/p>\n","protected":false},"author":1,"featured_media":0,"parent":0,"menu_order":0,"comment_status":"closed","ping_status":"closed","template":"","meta":[],"yoast_head":"<!-- This site is optimized with the Yoast SEO plugin v21.1 - https:\/\/yoast.com\/wordpress\/plugins\/seo\/ -->\n<title>Calendrier 2025-2026 - AIKI VU DAO<\/title>\n<meta name=\"robots\" content=\"index, follow, max-snippet:-1, max-image-preview:large, max-video-preview:-1\" \/>\n<link rel=\"canonical\" href=\"https:\/\/aikivudao.com\/?page_id=3042\" \/>\n<meta property=\"og:locale\" content=\"fr_FR\" \/>\n<meta property=\"og:type\" content=\"article\" \/>\n<meta property=\"og:title\" content=\"Calendrier 2025-2026 - AIKI VU DAO\" \/>\n<meta property=\"og:description\" content=\"ensemble des activit\u00e9s de la saison sportive Ce calendrier est r\u00e9guli\u00e8rement mis \u00e0 jour.\" \/>\n<meta property=\"og:url\" content=\"https:\/\/aikivudao.com\/?page_id=3042\" \/>\n<meta property=\"og:site_name\" content=\"AIKI VU DAO\" \/>\n<meta property=\"article:modified_time\" content=\"2025-12-01T18:52:48+00:00\" \/>\n<meta property=\"og:image\" content=\"https:\/\/aikivudao.com\/wp-content\/uploads\/2025\/12\/calendrier-2025_2026_v3-1.jpg\" \/>\n<meta name=\"twitter:card\" content=\"summary_large_image\" \/>\n<script type=\"application\/ld+json\" class=\"yoast-schema-graph\">{\"@context\":\"https:\/\/schema.org\",\"@graph\":[{\"@type\":\"WebPage\",\"@id\":\"https:\/\/aikivudao.com\/?page_id=3042\",\"url\":\"https:\/\/aikivudao.com\/?page_id=3042\",\"name\":\"Calendrier 2025-2026 - AIKI VU DAO\",\"isPartOf\":{\"@id\":\"https:\/\/aikivudao.com\/#website\"},\"datePublished\":\"2023-11-05T10:22:28+00:00\",\"dateModified\":\"2025-12-01T18:52:48+00:00\",\"breadcrumb\":{\"@id\":\"https:\/\/aikivudao.com\/?page_id=3042#breadcrumb\"},\"inLanguage\":\"fr-FR\",\"potentialAction\":[{\"@type\":\"ReadAction\",\"target\":[\"https:\/\/aikivudao.com\/?page_id=3042\"]}]},{\"@type\":\"BreadcrumbList\",\"@id\":\"https:\/\/aikivudao.com\/?page_id=3042#breadcrumb\",\"itemListElement\":[{\"@type\":\"ListItem\",\"position\":1,\"name\":\"Accueil\",\"item\":\"https:\/\/aikivudao.com\/\"},{\"@type\":\"ListItem\",\"position\":2,\"name\":\"Calendrier 2025-2026\"}]},{\"@type\":\"WebSite\",\"@id\":\"https:\/\/aikivudao.com\/#website\",\"url\":\"https:\/\/aikivudao.com\/\",\"name\":\"AIKI VU DAO\",\"description\":\"Ecole d&#039;A\u00efkido - art martial japonais, aikibudoviet\",\"potentialAction\":[{\"@type\":\"SearchAction\",\"target\":{\"@type\":\"EntryPoint\",\"urlTemplate\":\"https:\/\/aikivudao.com\/?s={search_term_string}\"},\"query-input\":\"required name=search_term_string\"}],\"inLanguage\":\"fr-FR\"}]}<\/script>\n<!-- \/ Yoast SEO plugin. -->","yoast_head_json":{"title":"Calendrier 2025-2026 - AIKI VU DAO","robots":{"index":"index","follow":"follow","max-snippet":"max-snippet:-1","max-image-preview":"max-image-preview:large","max-video-preview":"max-video-preview:-1"},"canonical":"https:\/\/aikivudao.com\/?page_id=3042","og_locale":"fr_FR","og_type":"article","og_title":"Calendrier 2025-2026 - AIKI VU DAO","og_description":"ensemble des activit\u00e9s de la saison sportive Ce calendrier est r\u00e9guli\u00e8rement mis \u00e0 jour.","og_url":"https:\/\/aikivudao.com\/?page_id=3042","og_site_name":"AIKI VU DAO","article_modified_time":"2025-12-01T18:52:48+00:00","og_image":[{"url":"https:\/\/aikivudao.com\/wp-content\/uploads\/2025\/12\/calendrier-2025_2026_v3-1.jpg"}],"twitter_card":"summary_large_image","schema":{"@context":"https:\/\/schema.org","@graph":[{"@type":"WebPage","@id":"https:\/\/aikivudao.com\/?page_id=3042","url":"https:\/\/aikivudao.com\/?page_id=3042","name":"Calendrier 2025-2026 - AIKI VU DAO","isPartOf":{"@id":"https:\/\/aikivudao.com\/#website"},"datePublished":"2023-11-05T10:22:28+00:00","dateModified":"2025-12-01T18:52:48+00:00","breadcrumb":{"@id":"https:\/\/aikivudao.com\/?page_id=3042#breadcrumb"},"inLanguage":"fr-FR","potentialAction":[{"@type":"ReadAction","target":["https:\/\/aikivudao.com\/?page_id=3042"]}]},{"@type":"BreadcrumbList","@id":"https:\/\/aikivudao.com\/?page_id=3042#breadcrumb","itemListElement":[{"@type":"ListItem","position":1,"name":"Accueil","item":"https:\/\/aikivudao.com\/"},{"@type":"ListItem","position":2,"name":"Calendrier 2025-2026"}]},{"@type":"WebSite","@id":"https:\/\/aikivudao.com\/#website","url":"https:\/\/aikivudao.com\/","name":"AIKI VU DAO","description":"Ecole d&#039;A\u00efkido - art martial japonais, aikibudoviet","potentialAction":[{"@type":"SearchAction","target":{"@type":"EntryPoint","urlTemplate":"https:\/\/aikivudao.com\/?s={search_term_string}"},"query-input":"required name=search_term_string"}],"inLanguage":"fr-FR"}]}},"_links":{"self":[{"href":"https:\/\/aikivudao.com\/index.php?rest_route=\/wp\/v2\/pages\/3042"}],"collection":[{"href":"https:\/\/aikivudao.com\/index.php?rest_route=\/wp\/v2\/pages"}],"about":[{"href":"https:\/\/aikivudao.com\/index.php?rest_route=\/wp\/v2\/types\/page"}],"author":[{"embeddable":true,"href":"https:\/\/aikivudao.com\/index.php?rest_route=\/wp\/v2\/users\/1"}],"replies":[{"embeddable":true,"href":"https:\/\/aikivudao.com\/index.php?rest_route=%2Fwp%2Fv2%2Fcomments&post=3042"}],"version-history":[{"count":15,"href":"https:\/\/aikivudao.com\/index.php?rest_route=\/wp\/v2\/pages\/3042\/revisions"}],"predecessor-version":[{"id":3350,"href":"https:\/\/aikivudao.com\/index.php?rest_route=\/wp\/v2\/pages\/3042\/revisions\/3350"}],"wp:attachment":[{"href":"https:\/\/aikivudao.com\/index.php?rest_route=%2Fwp%2Fv2%2Fmedia&parent=3042"}],"curies":[{"name":"wp","href":"https:\/\/api.w.org\/{rel}","templated":true}]}}