{"id":289,"date":"2015-05-14T10:00:53","date_gmt":"2015-05-14T08:00:53","guid":{"rendered":"http:\/\/aikivudao.com\/?page_id=289"},"modified":"2020-05-15T09:37:26","modified_gmt":"2020-05-15T07:37:26","slug":"stages","status":"publish","type":"page","link":"https:\/\/aikivudao.com\/?page_id=289","title":{"rendered":"Stages"},"content":{"rendered":"<p>Les stages sont l&rsquo;occasion de faire rencontrer des pratiquants diff\u00e9rents et d&rsquo;\u00e9changer sur la connaissance des arts martiaux en g\u00e9n\u00e9ral et de l\u2019a\u00efkido en particulier.<\/p>\n<p><a href=\"https:\/\/aikivudao.com\/wp-content\/uploads\/2015\/05\/aikivudao_stage_2016_140.jpg\"><img decoding=\"async\" loading=\"lazy\" class=\"aligncenter size-medium wp-image-789\" src=\"https:\/\/aikivudao.com\/wp-content\/uploads\/2015\/05\/aikivudao_stage_2016_140-300x200.jpg\" alt=\"\" width=\"300\" height=\"200\" srcset=\"https:\/\/aikivudao.com\/wp-content\/uploads\/2015\/05\/aikivudao_stage_2016_140-300x200.jpg 300w, https:\/\/aikivudao.com\/wp-content\/uploads\/2015\/05\/aikivudao_stage_2016_140-768x512.jpg 768w, https:\/\/aikivudao.com\/wp-content\/uploads\/2015\/05\/aikivudao_stage_2016_140.jpg 800w\" sizes=\"(max-width: 300px) 100vw, 300px\" \/><\/a><\/p>\n<blockquote><p><strong>Stages inter-clubs<\/strong><\/p>\n<div id='gallery-1' class='gallery galleryid-289 gallery-columns-3 gallery-size-medium'><figure class='gallery-item'>\n\t\t\t<div class='gallery-icon landscape'>\n\t\t\t\t<a href='https:\/\/aikivudao.com\/?attachment_id=778'><img width=\"300\" height=\"200\" src=\"https:\/\/aikivudao.com\/wp-content\/uploads\/2015\/05\/aikivudao_stage_2016_162-300x200.jpg\" class=\"attachment-medium size-medium\" alt=\"\" decoding=\"async\" loading=\"lazy\" srcset=\"https:\/\/aikivudao.com\/wp-content\/uploads\/2015\/05\/aikivudao_stage_2016_162-300x200.jpg 300w, https:\/\/aikivudao.com\/wp-content\/uploads\/2015\/05\/aikivudao_stage_2016_162-768x512.jpg 768w, https:\/\/aikivudao.com\/wp-content\/uploads\/2015\/05\/aikivudao_stage_2016_162.jpg 800w\" sizes=\"(max-width: 300px) 100vw, 300px\" \/><\/a>\n\t\t\t<\/div><\/figure><figure class='gallery-item'>\n\t\t\t<div class='gallery-icon landscape'>\n\t\t\t\t<a href='https:\/\/aikivudao.com\/?attachment_id=783'><img width=\"300\" height=\"200\" src=\"https:\/\/aikivudao.com\/wp-content\/uploads\/2015\/05\/stage_aikivudao_101216-300x200.jpg\" class=\"attachment-medium size-medium\" alt=\"\" decoding=\"async\" loading=\"lazy\" srcset=\"https:\/\/aikivudao.com\/wp-content\/uploads\/2015\/05\/stage_aikivudao_101216-300x200.jpg 300w, https:\/\/aikivudao.com\/wp-content\/uploads\/2015\/05\/stage_aikivudao_101216-768x512.jpg 768w, https:\/\/aikivudao.com\/wp-content\/uploads\/2015\/05\/stage_aikivudao_101216.jpg 800w\" sizes=\"(max-width: 300px) 100vw, 300px\" \/><\/a>\n\t\t\t<\/div><\/figure><figure class='gallery-item'>\n\t\t\t<div class='gallery-icon landscape'>\n\t\t\t\t<a href='https:\/\/aikivudao.com\/?attachment_id=784'><img width=\"300\" height=\"200\" src=\"https:\/\/aikivudao.com\/wp-content\/uploads\/2015\/05\/aikivudao_stage_2016_064-300x200.jpg\" class=\"attachment-medium size-medium\" alt=\"\" decoding=\"async\" loading=\"lazy\" srcset=\"https:\/\/aikivudao.com\/wp-content\/uploads\/2015\/05\/aikivudao_stage_2016_064-300x200.jpg 300w, https:\/\/aikivudao.com\/wp-content\/uploads\/2015\/05\/aikivudao_stage_2016_064-768x512.jpg 768w, https:\/\/aikivudao.com\/wp-content\/uploads\/2015\/05\/aikivudao_stage_2016_064.jpg 800w\" sizes=\"(max-width: 300px) 100vw, 300px\" \/><\/a>\n\t\t\t<\/div><\/figure><figure class='gallery-item'>\n\t\t\t<div class='gallery-icon landscape'>\n\t\t\t\t<a href='https:\/\/aikivudao.com\/?attachment_id=785'><img width=\"300\" height=\"200\" src=\"https:\/\/aikivudao.com\/wp-content\/uploads\/2015\/05\/aikivudao_stage_2016_067-300x200.jpg\" class=\"attachment-medium size-medium\" alt=\"\" decoding=\"async\" loading=\"lazy\" srcset=\"https:\/\/aikivudao.com\/wp-content\/uploads\/2015\/05\/aikivudao_stage_2016_067-300x200.jpg 300w, https:\/\/aikivudao.com\/wp-content\/uploads\/2015\/05\/aikivudao_stage_2016_067-768x512.jpg 768w, https:\/\/aikivudao.com\/wp-content\/uploads\/2015\/05\/aikivudao_stage_2016_067.jpg 800w\" sizes=\"(max-width: 300px) 100vw, 300px\" \/><\/a>\n\t\t\t<\/div><\/figure><figure class='gallery-item'>\n\t\t\t<div class='gallery-icon landscape'>\n\t\t\t\t<a href='https:\/\/aikivudao.com\/?attachment_id=787'><img width=\"300\" height=\"200\" src=\"https:\/\/aikivudao.com\/wp-content\/uploads\/2015\/05\/aikivudao_stage_2016_069-300x200.jpg\" class=\"attachment-medium size-medium\" alt=\"\" decoding=\"async\" loading=\"lazy\" srcset=\"https:\/\/aikivudao.com\/wp-content\/uploads\/2015\/05\/aikivudao_stage_2016_069-300x200.jpg 300w, https:\/\/aikivudao.com\/wp-content\/uploads\/2015\/05\/aikivudao_stage_2016_069-768x512.jpg 768w, https:\/\/aikivudao.com\/wp-content\/uploads\/2015\/05\/aikivudao_stage_2016_069.jpg 800w\" sizes=\"(max-width: 300px) 100vw, 300px\" \/><\/a>\n\t\t\t<\/div><\/figure><figure class='gallery-item'>\n\t\t\t<div class='gallery-icon landscape'>\n\t\t\t\t<a href='https:\/\/aikivudao.com\/?attachment_id=789'><img width=\"300\" height=\"200\" src=\"https:\/\/aikivudao.com\/wp-content\/uploads\/2015\/05\/aikivudao_stage_2016_140-300x200.jpg\" class=\"attachment-medium size-medium\" alt=\"\" decoding=\"async\" loading=\"lazy\" srcset=\"https:\/\/aikivudao.com\/wp-content\/uploads\/2015\/05\/aikivudao_stage_2016_140-300x200.jpg 300w, https:\/\/aikivudao.com\/wp-content\/uploads\/2015\/05\/aikivudao_stage_2016_140-768x512.jpg 768w, https:\/\/aikivudao.com\/wp-content\/uploads\/2015\/05\/aikivudao_stage_2016_140.jpg 800w\" sizes=\"(max-width: 300px) 100vw, 300px\" \/><\/a>\n\t\t\t<\/div><\/figure><figure class='gallery-item'>\n\t\t\t<div class='gallery-icon landscape'>\n\t\t\t\t<a href='https:\/\/aikivudao.com\/?attachment_id=790'><img width=\"300\" height=\"200\" src=\"https:\/\/aikivudao.com\/wp-content\/uploads\/2015\/05\/aikivudao_stage_2016_127-300x200.jpg\" class=\"attachment-medium size-medium\" alt=\"\" decoding=\"async\" loading=\"lazy\" srcset=\"https:\/\/aikivudao.com\/wp-content\/uploads\/2015\/05\/aikivudao_stage_2016_127-300x200.jpg 300w, https:\/\/aikivudao.com\/wp-content\/uploads\/2015\/05\/aikivudao_stage_2016_127-768x512.jpg 768w, https:\/\/aikivudao.com\/wp-content\/uploads\/2015\/05\/aikivudao_stage_2016_127.jpg 800w\" sizes=\"(max-width: 300px) 100vw, 300px\" \/><\/a>\n\t\t\t<\/div><\/figure><figure class='gallery-item'>\n\t\t\t<div class='gallery-icon landscape'>\n\t\t\t\t<a href='https:\/\/aikivudao.com\/?attachment_id=782'><img width=\"300\" height=\"211\" src=\"https:\/\/aikivudao.com\/wp-content\/uploads\/2015\/05\/aikivudao_stage_2016_168-300x211.jpg\" class=\"attachment-medium size-medium\" alt=\"\" decoding=\"async\" loading=\"lazy\" srcset=\"https:\/\/aikivudao.com\/wp-content\/uploads\/2015\/05\/aikivudao_stage_2016_168-300x211.jpg 300w, https:\/\/aikivudao.com\/wp-content\/uploads\/2015\/05\/aikivudao_stage_2016_168-768x540.jpg 768w, https:\/\/aikivudao.com\/wp-content\/uploads\/2015\/05\/aikivudao_stage_2016_168.jpg 800w\" sizes=\"(max-width: 300px) 100vw, 300px\" \/><\/a>\n\t\t\t<\/div><\/figure><figure class='gallery-item'>\n\t\t\t<div class='gallery-icon landscape'>\n\t\t\t\t<a href='https:\/\/aikivudao.com\/?attachment_id=2137'><img width=\"300\" height=\"225\" src=\"https:\/\/aikivudao.com\/wp-content\/uploads\/2020\/05\/aikivudao_stage1-300x225.jpg\" class=\"attachment-medium size-medium\" alt=\"\" decoding=\"async\" loading=\"lazy\" srcset=\"https:\/\/aikivudao.com\/wp-content\/uploads\/2020\/05\/aikivudao_stage1-300x225.jpg 300w, https:\/\/aikivudao.com\/wp-content\/uploads\/2020\/05\/aikivudao_stage1-768x576.jpg 768w, https:\/\/aikivudao.com\/wp-content\/uploads\/2020\/05\/aikivudao_stage1-267x200.jpg 267w, https:\/\/aikivudao.com\/wp-content\/uploads\/2020\/05\/aikivudao_stage1.jpg 800w\" sizes=\"(max-width: 300px) 100vw, 300px\" \/><\/a>\n\t\t\t<\/div><\/figure>\n\t\t<\/div>\n<\/blockquote>\n<p>Il existe 3 stages annuels (dits \u00ab\u00a0stages de masse\u00a0\u00bb) qui regroupent les clubs d&rsquo;une union des clubs r\u00e9gionale. Dans un m\u00eame dojo sont r\u00e9unis les pratiquants, les enseignants et les hauts grad\u00e9s de l&rsquo;A\u00efkivudao. Lors de ces rencontres, il s&rsquo;agit de travailler avec d&rsquo;autres partenaires que ceux de sont club afin de de tester ses techniques sur d&rsquo;autres personnalit\u00e9s.<\/p>\n<p><a href=\"https:\/\/aikivudao.com\/wp-content\/uploads\/2015\/05\/aikivudao_stage_2016_068.jpg\"><img decoding=\"async\" loading=\"lazy\" class=\"aligncenter size-medium wp-image-788\" src=\"https:\/\/aikivudao.com\/wp-content\/uploads\/2015\/05\/aikivudao_stage_2016_068-300x200.jpg\" alt=\"\" width=\"300\" height=\"200\" srcset=\"https:\/\/aikivudao.com\/wp-content\/uploads\/2015\/05\/aikivudao_stage_2016_068-300x200.jpg 300w, https:\/\/aikivudao.com\/wp-content\/uploads\/2015\/05\/aikivudao_stage_2016_068-768x512.jpg 768w, https:\/\/aikivudao.com\/wp-content\/uploads\/2015\/05\/aikivudao_stage_2016_068.jpg 800w\" sizes=\"(max-width: 300px) 100vw, 300px\" \/><\/a><\/p>\n<p>En effet, il est naturel dans son club de travailler avec les m\u00eames personnes, celles avec qui ont se sent bien. Malheureusement, ce type d&rsquo;attitude n&rsquo;est pas productive. D&rsquo;une part l&rsquo;ouverture vers les autres est une notion humaine importante, et d&rsquo;autre part, une pratique avec toujours les m\u00eames UKE fait de vous un expert &#8230; avec votre UKE.<\/p>\n<p>Il faut se forcer \u00e0 travailler avec toute sorte de physique : des grands, des lourds, des durs, des souples, des puissants, des violents, des gentils, des sensibles, des insensibles. L&rsquo;a\u00efkido est aussi un art martial. On ne choisit pas son adversaire dans la rue, alors entrainons nous \u00e0 toutes les situations, avec tous les partenaires pour \u00eatre encore plus efficaces.<\/p>\n<p>Mais l&rsquo;\u00e9change est \u00e9galement une occasion de se faire de nouveaux amis qui partagent la m\u00eame passion que vous !<\/p>\n<p><em>Il faut noter que les stages trimestriels sont une priorit\u00e9 dans notre f\u00e9d\u00e9ration. Les passages de grades, de dipl\u00f4mes d&rsquo;animateur ou d&rsquo;instructeurs sont soumis \u00e0 l&rsquo;obligation de participer \u00e0 au moins 2 stages sur 3 dans l&rsquo;ann\u00e9e.<\/em><\/p>\n<blockquote><p><strong>Stages de formation<\/strong><\/p><\/blockquote>\n<p>A raison de 2 ou 3 session par an sont organis\u00e9s des stages de formation. Ils s&rsquo;adressent aux ceintures noires et grades sup\u00e9rieurs. Ils ont pour objectif de tester les juges, d&rsquo;\u00e9changer sur les programmes techniques et de tester certaines techniques avanc\u00e9es ou katas.<\/p>\n<blockquote><p><strong>Stages de maitres<\/strong><\/p><\/blockquote>\n<p>R\u00e9guli\u00e8rement sont organis\u00e9s des stages avec des maitres des arts martiaux vietnamiens (Viet Vu Dao, Aikido, Katas, armes). Ils ont pour but de nous ouvrir vers les autres et d&rsquo;enrichir nos connaissances.<\/p>\n<figure id=\"attachment_354\" aria-describedby=\"caption-attachment-354\" style=\"width: 300px\" class=\"wp-caption aligncenter\"><a href=\"https:\/\/aikivudao.com\/wp-content\/uploads\/2015\/06\/DSC04113.jpg\"><img decoding=\"async\" loading=\"lazy\" class=\"size-medium wp-image-354\" src=\"https:\/\/aikivudao.com\/wp-content\/uploads\/2015\/06\/DSC04113-300x201.jpg\" alt=\"stage maitres vietnam 2015\" width=\"300\" height=\"201\" srcset=\"https:\/\/aikivudao.com\/wp-content\/uploads\/2015\/06\/DSC04113-300x201.jpg 300w, https:\/\/aikivudao.com\/wp-content\/uploads\/2015\/06\/DSC04113-1024x685.jpg 1024w, https:\/\/aikivudao.com\/wp-content\/uploads\/2015\/06\/DSC04113.jpg 1500w\" sizes=\"(max-width: 300px) 100vw, 300px\" \/><\/a><figcaption id=\"caption-attachment-354\" class=\"wp-caption-text\">stage maitres vietnam mai 2015<\/figcaption><\/figure>\n<div class=\"mceTemp\"><\/div>\n<blockquote><p><strong>Stages internationaux<\/strong><\/p><\/blockquote>\n<p>L&rsquo;aikivudao s&rsquo;exporte \u00e9galement au travers d&rsquo;\u00e9changes avec d&rsquo;autres pratiquants r\u00e9unis g\u00e9n\u00e9ralement autour des arts martiaux traditionnels vietnamiens.<br \/>\nPratiquer l&rsquo;aikivudao est aussi une ouverture sur la communaut\u00e9 internationale des pratiquants.<\/p>\n<div id='gallery-2' class='gallery galleryid-289 gallery-columns-3 gallery-size-thumbnail'><figure class='gallery-item'>\n\t\t\t<div class='gallery-icon landscape'>\n\t\t\t\t<a href='https:\/\/aikivudao.com\/?attachment_id=515'><img width=\"150\" height=\"150\" src=\"https:\/\/aikivudao.com\/wp-content\/uploads\/2015\/09\/110_2047--150x150.jpg\" class=\"attachment-thumbnail size-thumbnail\" alt=\"\" decoding=\"async\" loading=\"lazy\" aria-describedby=\"gallery-2-515\" \/><\/a>\n\t\t\t<\/div>\n\t\t\t\t<figcaption class='wp-caption-text gallery-caption' id='gallery-2-515'>\n\t\t\t\tAKVD Mali\n\t\t\t\t<\/figcaption><\/figure><figure class='gallery-item'>\n\t\t\t<div class='gallery-icon landscape'>\n\t\t\t\t<a href='https:\/\/aikivudao.com\/?attachment_id=514'><img width=\"150\" height=\"150\" src=\"https:\/\/aikivudao.com\/wp-content\/uploads\/2015\/09\/110_2044--150x150.jpg\" class=\"attachment-thumbnail size-thumbnail\" alt=\"\" decoding=\"async\" loading=\"lazy\" aria-describedby=\"gallery-2-514\" \/><\/a>\n\t\t\t<\/div>\n\t\t\t\t<figcaption class='wp-caption-text gallery-caption' id='gallery-2-514'>\n\t\t\t\tAKVD Mali\n\t\t\t\t<\/figcaption><\/figure><figure class='gallery-item'>\n\t\t\t<div class='gallery-icon landscape'>\n\t\t\t\t<a href='https:\/\/aikivudao.com\/?attachment_id=513'><img width=\"150\" height=\"150\" src=\"https:\/\/aikivudao.com\/wp-content\/uploads\/2015\/09\/110_2032--150x150.jpg\" class=\"attachment-thumbnail size-thumbnail\" alt=\"\" decoding=\"async\" loading=\"lazy\" aria-describedby=\"gallery-2-513\" \/><\/a>\n\t\t\t<\/div>\n\t\t\t\t<figcaption class='wp-caption-text gallery-caption' id='gallery-2-513'>\n\t\t\t\tAKVD Mali\n\t\t\t\t<\/figcaption><\/figure><figure class='gallery-item'>\n\t\t\t<div class='gallery-icon landscape'>\n\t\t\t\t<a href='https:\/\/aikivudao.com\/?attachment_id=512'><img width=\"150\" height=\"150\" src=\"https:\/\/aikivudao.com\/wp-content\/uploads\/2015\/09\/110_2019--150x150.jpg\" class=\"attachment-thumbnail size-thumbnail\" alt=\"\" decoding=\"async\" loading=\"lazy\" aria-describedby=\"gallery-2-512\" \/><\/a>\n\t\t\t<\/div>\n\t\t\t\t<figcaption class='wp-caption-text gallery-caption' id='gallery-2-512'>\n\t\t\t\tAKVD Mali\n\t\t\t\t<\/figcaption><\/figure><figure class='gallery-item'>\n\t\t\t<div class='gallery-icon landscape'>\n\t\t\t\t<a href='https:\/\/aikivudao.com\/?attachment_id=511'><img width=\"150\" height=\"150\" src=\"https:\/\/aikivudao.com\/wp-content\/uploads\/2015\/09\/110_1974--150x150.jpg\" class=\"attachment-thumbnail size-thumbnail\" alt=\"\" decoding=\"async\" loading=\"lazy\" aria-describedby=\"gallery-2-511\" \/><\/a>\n\t\t\t<\/div>\n\t\t\t\t<figcaption class='wp-caption-text gallery-caption' id='gallery-2-511'>\n\t\t\t\tAKVD Mali\n\t\t\t\t<\/figcaption><\/figure><figure class='gallery-item'>\n\t\t\t<div class='gallery-icon landscape'>\n\t\t\t\t<a href='https:\/\/aikivudao.com\/?attachment_id=470'><img width=\"150\" height=\"150\" src=\"https:\/\/aikivudao.com\/wp-content\/uploads\/2015\/08\/P1090698-150x150.jpg\" class=\"attachment-thumbnail size-thumbnail\" alt=\"\" decoding=\"async\" loading=\"lazy\" aria-describedby=\"gallery-2-470\" \/><\/a>\n\t\t\t<\/div>\n\t\t\t\t<figcaption class='wp-caption-text gallery-caption' id='gallery-2-470'>\n\t\t\t\tAKVD Hanoi\n\t\t\t\t<\/figcaption><\/figure>\n\t\t<\/div>\n\n","protected":false},"excerpt":{"rendered":"<p>Les stages sont l&rsquo;occasion de faire rencontrer des pratiquants diff\u00e9rents et d&rsquo;\u00e9changer sur la connaissance des arts martiaux en g\u00e9n\u00e9ral et de l\u2019a\u00efkido en particulier. Stages inter-clubs Il existe 3 stages annuels (dits \u00ab\u00a0stages de masse\u00a0\u00bb) qui regroupent les clubs d&rsquo;une union des clubs r\u00e9gionale. Dans un m\u00eame dojo sont &hellip;<\/p>\n","protected":false},"author":1,"featured_media":0,"parent":90,"menu_order":0,"comment_status":"closed","ping_status":"closed","template":"","meta":[],"yoast_head":"<!-- This site is optimized with the Yoast SEO plugin v21.1 - https:\/\/yoast.com\/wordpress\/plugins\/seo\/ -->\n<title>Stages - AIKI VU DAO<\/title>\n<meta name=\"robots\" content=\"index, follow, max-snippet:-1, max-image-preview:large, max-video-preview:-1\" \/>\n<link rel=\"canonical\" href=\"https:\/\/aikivudao.com\/?page_id=289\" \/>\n<meta property=\"og:locale\" content=\"fr_FR\" \/>\n<meta property=\"og:type\" content=\"article\" \/>\n<meta property=\"og:title\" content=\"Stages - AIKI VU DAO\" \/>\n<meta property=\"og:description\" content=\"Les stages sont l&rsquo;occasion de faire rencontrer des pratiquants diff\u00e9rents et d&rsquo;\u00e9changer sur la connaissance des arts martiaux en g\u00e9n\u00e9ral et de l\u2019a\u00efkido en particulier. Stages inter-clubs Il existe 3 stages annuels (dits \u00ab\u00a0stages de masse\u00a0\u00bb) qui regroupent les clubs d&rsquo;une union des clubs r\u00e9gionale. Dans un m\u00eame dojo sont &hellip;\" \/>\n<meta property=\"og:url\" content=\"https:\/\/aikivudao.com\/?page_id=289\" \/>\n<meta property=\"og:site_name\" content=\"AIKI VU DAO\" \/>\n<meta property=\"article:modified_time\" content=\"2020-05-15T07:37:26+00:00\" \/>\n<meta property=\"og:image\" content=\"https:\/\/aikivudao.com\/wp-content\/uploads\/2015\/05\/aikivudao_stage_2016_162-300x200.jpg\" \/>\n<meta name=\"twitter:card\" content=\"summary_large_image\" \/>\n<script type=\"application\/ld+json\" class=\"yoast-schema-graph\">{\"@context\":\"https:\/\/schema.org\",\"@graph\":[{\"@type\":\"WebPage\",\"@id\":\"https:\/\/aikivudao.com\/?page_id=289\",\"url\":\"https:\/\/aikivudao.com\/?page_id=289\",\"name\":\"Stages - AIKI VU DAO\",\"isPartOf\":{\"@id\":\"https:\/\/aikivudao.com\/#website\"},\"datePublished\":\"2015-05-14T08:00:53+00:00\",\"dateModified\":\"2020-05-15T07:37:26+00:00\",\"breadcrumb\":{\"@id\":\"https:\/\/aikivudao.com\/?page_id=289#breadcrumb\"},\"inLanguage\":\"fr-FR\",\"potentialAction\":[{\"@type\":\"ReadAction\",\"target\":[\"https:\/\/aikivudao.com\/?page_id=289\"]}]},{\"@type\":\"BreadcrumbList\",\"@id\":\"https:\/\/aikivudao.com\/?page_id=289#breadcrumb\",\"itemListElement\":[{\"@type\":\"ListItem\",\"position\":1,\"name\":\"Accueil\",\"item\":\"https:\/\/aikivudao.com\/\"},{\"@type\":\"ListItem\",\"position\":2,\"name\":\"Pr\u00e9sentation Aikivudao (Aikibudoviet)\",\"item\":\"https:\/\/aikivudao.com\/?page_id=90\"},{\"@type\":\"ListItem\",\"position\":3,\"name\":\"Stages\"}]},{\"@type\":\"WebSite\",\"@id\":\"https:\/\/aikivudao.com\/#website\",\"url\":\"https:\/\/aikivudao.com\/\",\"name\":\"AIKI VU DAO\",\"description\":\"Ecole d&#039;A\u00efkido - art martial japonais, aikibudoviet\",\"potentialAction\":[{\"@type\":\"SearchAction\",\"target\":{\"@type\":\"EntryPoint\",\"urlTemplate\":\"https:\/\/aikivudao.com\/?s={search_term_string}\"},\"query-input\":\"required name=search_term_string\"}],\"inLanguage\":\"fr-FR\"}]}<\/script>\n<!-- \/ Yoast SEO plugin. -->","yoast_head_json":{"title":"Stages - AIKI VU DAO","robots":{"index":"index","follow":"follow","max-snippet":"max-snippet:-1","max-image-preview":"max-image-preview:large","max-video-preview":"max-video-preview:-1"},"canonical":"https:\/\/aikivudao.com\/?page_id=289","og_locale":"fr_FR","og_type":"article","og_title":"Stages - AIKI VU DAO","og_description":"Les stages sont l&rsquo;occasion de faire rencontrer des pratiquants diff\u00e9rents et d&rsquo;\u00e9changer sur la connaissance des arts martiaux en g\u00e9n\u00e9ral et de l\u2019a\u00efkido en particulier. Stages inter-clubs Il existe 3 stages annuels (dits \u00ab\u00a0stages de masse\u00a0\u00bb) qui regroupent les clubs d&rsquo;une union des clubs r\u00e9gionale. Dans un m\u00eame dojo sont &hellip;","og_url":"https:\/\/aikivudao.com\/?page_id=289","og_site_name":"AIKI VU DAO","article_modified_time":"2020-05-15T07:37:26+00:00","og_image":[{"url":"https:\/\/aikivudao.com\/wp-content\/uploads\/2015\/05\/aikivudao_stage_2016_162-300x200.jpg"}],"twitter_card":"summary_large_image","schema":{"@context":"https:\/\/schema.org","@graph":[{"@type":"WebPage","@id":"https:\/\/aikivudao.com\/?page_id=289","url":"https:\/\/aikivudao.com\/?page_id=289","name":"Stages - AIKI VU DAO","isPartOf":{"@id":"https:\/\/aikivudao.com\/#website"},"datePublished":"2015-05-14T08:00:53+00:00","dateModified":"2020-05-15T07:37:26+00:00","breadcrumb":{"@id":"https:\/\/aikivudao.com\/?page_id=289#breadcrumb"},"inLanguage":"fr-FR","potentialAction":[{"@type":"ReadAction","target":["https:\/\/aikivudao.com\/?page_id=289"]}]},{"@type":"BreadcrumbList","@id":"https:\/\/aikivudao.com\/?page_id=289#breadcrumb","itemListElement":[{"@type":"ListItem","position":1,"name":"Accueil","item":"https:\/\/aikivudao.com\/"},{"@type":"ListItem","position":2,"name":"Pr\u00e9sentation Aikivudao (Aikibudoviet)","item":"https:\/\/aikivudao.com\/?page_id=90"},{"@type":"ListItem","position":3,"name":"Stages"}]},{"@type":"WebSite","@id":"https:\/\/aikivudao.com\/#website","url":"https:\/\/aikivudao.com\/","name":"AIKI VU DAO","description":"Ecole d&#039;A\u00efkido - art martial japonais, aikibudoviet","potentialAction":[{"@type":"SearchAction","target":{"@type":"EntryPoint","urlTemplate":"https:\/\/aikivudao.com\/?s={search_term_string}"},"query-input":"required name=search_term_string"}],"inLanguage":"fr-FR"}]}},"_links":{"self":[{"href":"https:\/\/aikivudao.com\/index.php?rest_route=\/wp\/v2\/pages\/289"}],"collection":[{"href":"https:\/\/aikivudao.com\/index.php?rest_route=\/wp\/v2\/pages"}],"about":[{"href":"https:\/\/aikivudao.com\/index.php?rest_route=\/wp\/v2\/types\/page"}],"author":[{"embeddable":true,"href":"https:\/\/aikivudao.com\/index.php?rest_route=\/wp\/v2\/users\/1"}],"replies":[{"embeddable":true,"href":"https:\/\/aikivudao.com\/index.php?rest_route=%2Fwp%2Fv2%2Fcomments&post=289"}],"version-history":[{"count":9,"href":"https:\/\/aikivudao.com\/index.php?rest_route=\/wp\/v2\/pages\/289\/revisions"}],"predecessor-version":[{"id":2139,"href":"https:\/\/aikivudao.com\/index.php?rest_route=\/wp\/v2\/pages\/289\/revisions\/2139"}],"up":[{"embeddable":true,"href":"https:\/\/aikivudao.com\/index.php?rest_route=\/wp\/v2\/pages\/90"}],"wp:attachment":[{"href":"https:\/\/aikivudao.com\/index.php?rest_route=%2Fwp%2Fv2%2Fmedia&parent=289"}],"curies":[{"name":"wp","href":"https:\/\/api.w.org\/{rel}","templated":true}]}}