{"id":280,"date":"2015-05-10T14:58:51","date_gmt":"2015-05-10T12:58:51","guid":{"rendered":"http:\/\/aikivudao.com\/?page_id=280"},"modified":"2018-09-25T22:08:08","modified_gmt":"2018-09-25T20:08:08","slug":"ceinture-noire","status":"publish","type":"page","link":"https:\/\/aikivudao.com\/?page_id=280","title":{"rendered":"ceinture noire"},"content":{"rendered":"<h3>Passage de Ceinture Noire<\/h3>\n<p><a href=\"https:\/\/aikivudao.com\/wp-content\/uploads\/2015\/05\/kote_gaeshi_aikivudao.jpg\"><img decoding=\"async\" loading=\"lazy\" class=\"aligncenter size-full wp-image-864\" src=\"https:\/\/aikivudao.com\/wp-content\/uploads\/2015\/05\/kote_gaeshi_aikivudao.jpg\" alt=\"\" width=\"400\" height=\"409\" srcset=\"https:\/\/aikivudao.com\/wp-content\/uploads\/2015\/05\/kote_gaeshi_aikivudao.jpg 400w, https:\/\/aikivudao.com\/wp-content\/uploads\/2015\/05\/kote_gaeshi_aikivudao-293x300.jpg 293w, https:\/\/aikivudao.com\/wp-content\/uploads\/2015\/05\/kote_gaeshi_aikivudao-45x45.jpg 45w\" sizes=\"(max-width: 400px) 100vw, 400px\" \/><\/a><\/p>\n<p>(cinq ans de pratique avec un minimum de un cours par semaine)<\/p>\n<p>La ceinture noire, bien qu&rsquo;entour\u00e9e d&rsquo;un mythe, ne reste qu&rsquo;un grade interm\u00e9diaire. Elle est l&rsquo;\u00e9quivalent d&rsquo;un baccalaur\u00e9at qui donne l&rsquo;entr\u00e9e aux \u00e9tudes universitaires. C&rsquo;est en effet \u00e0 partir de ce niveau que le travail commence.<\/p>\n<p>Apr\u00e8s l&rsquo;acquisition de bases techniques pendant des ann\u00e9es, le pratiquant commence \u00e0 les utiliser pour d\u00e9couvrir la richesse des techniques AI KI. Soit la fluidit\u00e9, l&rsquo;harmonie, l&rsquo;unit\u00e9.<\/p>\n<p><em>t\u00e9l\u00e9chargez la fiche au format PDF :<br \/>\n<a href=\"https:\/\/aikivudao.com\/wp-content\/uploads\/2018\/09\/Prog_CN_Aikivudao_2018.pdf\">Prog_CN_Aikivudao_2018<\/a><\/em><\/p>\n","protected":false},"excerpt":{"rendered":"<p>Passage de Ceinture Noire (cinq ans de pratique avec un minimum de un cours par semaine) La ceinture noire, bien qu&rsquo;entour\u00e9e d&rsquo;un mythe, ne reste qu&rsquo;un grade interm\u00e9diaire. Elle est l&rsquo;\u00e9quivalent d&rsquo;un baccalaur\u00e9at qui donne l&rsquo;entr\u00e9e aux \u00e9tudes universitaires. C&rsquo;est en effet \u00e0 partir de ce niveau que le travail &hellip;<\/p>\n","protected":false},"author":1,"featured_media":0,"parent":29,"menu_order":6,"comment_status":"closed","ping_status":"closed","template":"","meta":[],"yoast_head":"<!-- This site is optimized with the Yoast SEO plugin v21.1 - https:\/\/yoast.com\/wordpress\/plugins\/seo\/ -->\n<title>ceinture noire - AIKI VU DAO<\/title>\n<meta name=\"robots\" content=\"index, follow, max-snippet:-1, max-image-preview:large, max-video-preview:-1\" \/>\n<link rel=\"canonical\" href=\"https:\/\/aikivudao.com\/?page_id=280\" \/>\n<meta property=\"og:locale\" content=\"fr_FR\" \/>\n<meta property=\"og:type\" content=\"article\" \/>\n<meta property=\"og:title\" content=\"ceinture noire - AIKI VU DAO\" \/>\n<meta property=\"og:description\" content=\"Passage de Ceinture Noire (cinq ans de pratique avec un minimum de un cours par semaine) La ceinture noire, bien qu&rsquo;entour\u00e9e d&rsquo;un mythe, ne reste qu&rsquo;un grade interm\u00e9diaire. Elle est l&rsquo;\u00e9quivalent d&rsquo;un baccalaur\u00e9at qui donne l&rsquo;entr\u00e9e aux \u00e9tudes universitaires. C&rsquo;est en effet \u00e0 partir de ce niveau que le travail &hellip;\" \/>\n<meta property=\"og:url\" content=\"https:\/\/aikivudao.com\/?page_id=280\" \/>\n<meta property=\"og:site_name\" content=\"AIKI VU DAO\" \/>\n<meta property=\"article:modified_time\" content=\"2018-09-25T20:08:08+00:00\" \/>\n<meta property=\"og:image\" content=\"http:\/\/aikivudao.com\/wp-content\/uploads\/2015\/05\/kote_gaeshi_aikivudao.jpg\" \/>\n<meta name=\"twitter:card\" content=\"summary_large_image\" \/>\n<script type=\"application\/ld+json\" class=\"yoast-schema-graph\">{\"@context\":\"https:\/\/schema.org\",\"@graph\":[{\"@type\":\"WebPage\",\"@id\":\"https:\/\/aikivudao.com\/?page_id=280\",\"url\":\"https:\/\/aikivudao.com\/?page_id=280\",\"name\":\"ceinture noire - AIKI VU DAO\",\"isPartOf\":{\"@id\":\"https:\/\/aikivudao.com\/#website\"},\"datePublished\":\"2015-05-10T12:58:51+00:00\",\"dateModified\":\"2018-09-25T20:08:08+00:00\",\"breadcrumb\":{\"@id\":\"https:\/\/aikivudao.com\/?page_id=280#breadcrumb\"},\"inLanguage\":\"fr-FR\",\"potentialAction\":[{\"@type\":\"ReadAction\",\"target\":[\"https:\/\/aikivudao.com\/?page_id=280\"]}]},{\"@type\":\"BreadcrumbList\",\"@id\":\"https:\/\/aikivudao.com\/?page_id=280#breadcrumb\",\"itemListElement\":[{\"@type\":\"ListItem\",\"position\":1,\"name\":\"Accueil\",\"item\":\"https:\/\/aikivudao.com\/\"},{\"@type\":\"ListItem\",\"position\":2,\"name\":\"Techniques\",\"item\":\"https:\/\/aikivudao.com\/?page_id=29\"},{\"@type\":\"ListItem\",\"position\":3,\"name\":\"ceinture noire\"}]},{\"@type\":\"WebSite\",\"@id\":\"https:\/\/aikivudao.com\/#website\",\"url\":\"https:\/\/aikivudao.com\/\",\"name\":\"AIKI VU DAO\",\"description\":\"Ecole d&#039;A\u00efkido - art martial japonais, aikibudoviet\",\"potentialAction\":[{\"@type\":\"SearchAction\",\"target\":{\"@type\":\"EntryPoint\",\"urlTemplate\":\"https:\/\/aikivudao.com\/?s={search_term_string}\"},\"query-input\":\"required name=search_term_string\"}],\"inLanguage\":\"fr-FR\"}]}<\/script>\n<!-- \/ Yoast SEO plugin. -->","yoast_head_json":{"title":"ceinture noire - AIKI VU DAO","robots":{"index":"index","follow":"follow","max-snippet":"max-snippet:-1","max-image-preview":"max-image-preview:large","max-video-preview":"max-video-preview:-1"},"canonical":"https:\/\/aikivudao.com\/?page_id=280","og_locale":"fr_FR","og_type":"article","og_title":"ceinture noire - AIKI VU DAO","og_description":"Passage de Ceinture Noire (cinq ans de pratique avec un minimum de un cours par semaine) La ceinture noire, bien qu&rsquo;entour\u00e9e d&rsquo;un mythe, ne reste qu&rsquo;un grade interm\u00e9diaire. Elle est l&rsquo;\u00e9quivalent d&rsquo;un baccalaur\u00e9at qui donne l&rsquo;entr\u00e9e aux \u00e9tudes universitaires. C&rsquo;est en effet \u00e0 partir de ce niveau que le travail &hellip;","og_url":"https:\/\/aikivudao.com\/?page_id=280","og_site_name":"AIKI VU DAO","article_modified_time":"2018-09-25T20:08:08+00:00","og_image":[{"url":"http:\/\/aikivudao.com\/wp-content\/uploads\/2015\/05\/kote_gaeshi_aikivudao.jpg"}],"twitter_card":"summary_large_image","schema":{"@context":"https:\/\/schema.org","@graph":[{"@type":"WebPage","@id":"https:\/\/aikivudao.com\/?page_id=280","url":"https:\/\/aikivudao.com\/?page_id=280","name":"ceinture noire - AIKI VU DAO","isPartOf":{"@id":"https:\/\/aikivudao.com\/#website"},"datePublished":"2015-05-10T12:58:51+00:00","dateModified":"2018-09-25T20:08:08+00:00","breadcrumb":{"@id":"https:\/\/aikivudao.com\/?page_id=280#breadcrumb"},"inLanguage":"fr-FR","potentialAction":[{"@type":"ReadAction","target":["https:\/\/aikivudao.com\/?page_id=280"]}]},{"@type":"BreadcrumbList","@id":"https:\/\/aikivudao.com\/?page_id=280#breadcrumb","itemListElement":[{"@type":"ListItem","position":1,"name":"Accueil","item":"https:\/\/aikivudao.com\/"},{"@type":"ListItem","position":2,"name":"Techniques","item":"https:\/\/aikivudao.com\/?page_id=29"},{"@type":"ListItem","position":3,"name":"ceinture noire"}]},{"@type":"WebSite","@id":"https:\/\/aikivudao.com\/#website","url":"https:\/\/aikivudao.com\/","name":"AIKI VU DAO","description":"Ecole d&#039;A\u00efkido - art martial japonais, aikibudoviet","potentialAction":[{"@type":"SearchAction","target":{"@type":"EntryPoint","urlTemplate":"https:\/\/aikivudao.com\/?s={search_term_string}"},"query-input":"required name=search_term_string"}],"inLanguage":"fr-FR"}]}},"_links":{"self":[{"href":"https:\/\/aikivudao.com\/index.php?rest_route=\/wp\/v2\/pages\/280"}],"collection":[{"href":"https:\/\/aikivudao.com\/index.php?rest_route=\/wp\/v2\/pages"}],"about":[{"href":"https:\/\/aikivudao.com\/index.php?rest_route=\/wp\/v2\/types\/page"}],"author":[{"embeddable":true,"href":"https:\/\/aikivudao.com\/index.php?rest_route=\/wp\/v2\/users\/1"}],"replies":[{"embeddable":true,"href":"https:\/\/aikivudao.com\/index.php?rest_route=%2Fwp%2Fv2%2Fcomments&post=280"}],"version-history":[{"count":7,"href":"https:\/\/aikivudao.com\/index.php?rest_route=\/wp\/v2\/pages\/280\/revisions"}],"predecessor-version":[{"id":1381,"href":"https:\/\/aikivudao.com\/index.php?rest_route=\/wp\/v2\/pages\/280\/revisions\/1381"}],"up":[{"embeddable":true,"href":"https:\/\/aikivudao.com\/index.php?rest_route=\/wp\/v2\/pages\/29"}],"wp:attachment":[{"href":"https:\/\/aikivudao.com\/index.php?rest_route=%2Fwp%2Fv2%2Fmedia&parent=280"}],"curies":[{"name":"wp","href":"https:\/\/api.w.org\/{rel}","templated":true}]}}