{"id":2537,"date":"2021-08-28T14:40:26","date_gmt":"2021-08-28T12:40:26","guid":{"rendered":"http:\/\/aikivudao.com\/?page_id=2537"},"modified":"2025-09-21T09:57:34","modified_gmt":"2025-09-21T07:57:34","slug":"aikido-afar19-64-marseille","status":"publish","type":"page","link":"https:\/\/aikivudao.com\/?page_id=2537","title":{"rendered":"A\u00cfKIDO AFAR19.64 MARSEILLE"},"content":{"rendered":"\n<div class=\"wp-block-media-text alignwide has-media-on-the-right is-stacked-on-mobile\" style=\"grid-template-columns:auto 20%\"><div class=\"wp-block-media-text__content\">\n<h2>AIKIVUDAO AFAR 19.64 CLUB<\/h2>\n<\/div><figure class=\"wp-block-media-text__media\"><img decoding=\"async\" loading=\"lazy\" width=\"200\" height=\"169\" src=\"https:\/\/aikivudao.com\/wp-content\/uploads\/2022\/03\/AFAR19_64_logo.jpg\" alt=\"\" class=\"wp-image-2658 size-full\"\/><\/figure><\/div>\n\n\n\n<hr class=\"wp-block-separator has-text-color has-accent-1-color has-css-opacity has-accent-1-background-color has-background\"\/>\n\n\n<div class=\"wp-block-image\">\n<figure class=\"aligncenter size-large\"><a href=\"https:\/\/aikivudao.com\/wp-content\/uploads\/2020\/05\/old15WEB.jpg\"><img decoding=\"async\" loading=\"lazy\" width=\"719\" height=\"512\" src=\"https:\/\/aikivudao.com\/wp-content\/uploads\/2020\/05\/old15WEB.jpg\" alt=\"\" class=\"wp-image-2087\" srcset=\"https:\/\/aikivudao.com\/wp-content\/uploads\/2020\/05\/old15WEB.jpg 719w, https:\/\/aikivudao.com\/wp-content\/uploads\/2020\/05\/old15WEB-300x214.jpg 300w, https:\/\/aikivudao.com\/wp-content\/uploads\/2020\/05\/old15WEB-281x200.jpg 281w\" sizes=\"(max-width: 719px) 100vw, 719px\" \/><\/a><figcaption class=\"wp-element-caption\">d\u00e9buts de Jean-Pierre Rouvi\u00e8re comme enseignant<\/figcaption><\/figure><\/div>\n\n\n<hr class=\"wp-block-separator has-text-color has-accent-1-color has-css-opacity has-accent-1-background-color has-background\"\/>\n\n\n\n<h3>Pr\u00e9sentation<\/h3>\n\n\n\n<p class=\"has-normal-font-size\">Le club AFAR 19.64 est en charge de la structuration des clubs AKVD, de la progression des \u00e9l\u00e8ves, d&rsquo;\u00e9v\u00e8nements visant \u00e0 conforter la place de l\u2019a\u00efkivudao en France et surtout de p\u00e9renniser l&rsquo;esprit de l&rsquo;\u00e9cole a\u00efkivudao. AFAR 19.64 signifie Association Fran\u00e7aise A\u00efkivudao Rouvi\u00e8re. Du nom de Jean-Pierre Rouvi\u00e8re qui a commenc\u00e9 l&rsquo;a\u00efkido en &#8230; 1964.<\/p>\n\n\n\n<p class=\"has-normal-font-size\">Ses membres se r\u00e9unissent et s&rsquo;entrainent r\u00e9guli\u00e8rement pour \u00e9tudier ensemble les techniques, s\u2019assurer de leur efficacit\u00e9 et am\u00e9liorer les m\u00e9thodes d&rsquo;enseignement.<\/p>\n\n\n\n<p class=\"has-normal-font-size\">L&rsquo;AFAR19.64 m\u00e8ne une politique de d\u00e9veloppement et de reconnaissance aupr\u00e8s de la F\u00e9d\u00e9ration fran\u00e7aise de sport travailliste (FFST)<\/p>\n\n\n\n<p><strong><em>email :<\/em> <\/strong>contact_afar1964@aikivudao.com<\/p>\n\n\n\n<div class=\"wp-block-media-text alignwide is-stacked-on-mobile\" style=\"grid-template-columns:19% auto\"><figure class=\"wp-block-media-text__media\"><img decoding=\"async\" loading=\"lazy\" width=\"616\" height=\"303\" src=\"https:\/\/aikivudao.com\/wp-content\/uploads\/2018\/08\/logo_ffst.jpg\" alt=\"\" class=\"wp-image-1310 size-full\" srcset=\"https:\/\/aikivudao.com\/wp-content\/uploads\/2018\/08\/logo_ffst.jpg 616w, https:\/\/aikivudao.com\/wp-content\/uploads\/2018\/08\/logo_ffst-300x148.jpg 300w, https:\/\/aikivudao.com\/wp-content\/uploads\/2018\/08\/logo_ffst-407x200.jpg 407w\" sizes=\"(max-width: 616px) 100vw, 616px\" \/><\/figure><div class=\"wp-block-media-text__content\">\n<p class=\"has-normal-font-size\">Le club est affili\u00e9 \u00e0 la F\u00e9d\u00e9ration Fran\u00e7aise de sport travailliste F.F.S.T. f\u00e9d\u00e9ration multi-sports, agr\u00e9e jeunesse et sports.<\/p>\n<\/div><\/div>\n\n\n\n<hr class=\"wp-block-separator has-text-color has-accent-1-color has-css-opacity has-accent-1-background-color has-background\"\/>\n\n\n\n<h3>Tarifs<\/h3>\n\n\n\n<ul>\n<li><strong>Adh\u00e9sion 2025-2026 :<\/strong><br>Adh\u00e9sion \u00e9cole A\u00efkivudao \u2013 10\u20ac &#8211; obligatoire<br><em>(participation aux stages, \u00e9v\u00e8nements f\u00e9d\u00e9raux, passages de grades et dipl\u00f4mes), assurance<\/em><\/li>\n\n\n\n<li>Informations assurances, voir le site de la <a href=\"https:\/\/www.ffst-multisports.com\/\">FFST<\/a><br><\/li>\n<\/ul>\n\n\n\n<ul>\n<li><strong>Licence FFST <\/strong><br>24\u20ac Adulte (> 12 ANS)<br>18\u20ac Enfant (&lt;12 ans)<\/li>\n<\/ul>\n\n\n\n<hr class=\"wp-block-separator has-text-color has-accent-1-color has-css-opacity has-accent-1-background-color has-background\"\/>\n\n\n\n<h3>GALERIE<\/h3>\n\n\n\n<figure class=\"is-layout-flex wp-block-gallery-1 wp-block-gallery has-nested-images columns-default is-cropped\">\n<figure class=\"wp-block-image size-large\"><a href=\"https:\/\/aikivudao.com\/wp-content\/uploads\/2020\/05\/aikivudao_harrifou_5.jpg\"><img decoding=\"async\" loading=\"lazy\" width=\"600\" height=\"450\" data-id=\"2143\"  src=\"https:\/\/aikivudao.com\/wp-content\/uploads\/2020\/05\/aikivudao_harrifou_5.jpg\" alt=\"\" class=\"wp-image-2143\" srcset=\"https:\/\/aikivudao.com\/wp-content\/uploads\/2020\/05\/aikivudao_harrifou_5.jpg 600w, https:\/\/aikivudao.com\/wp-content\/uploads\/2020\/05\/aikivudao_harrifou_5-300x225.jpg 300w, https:\/\/aikivudao.com\/wp-content\/uploads\/2020\/05\/aikivudao_harrifou_5-267x200.jpg 267w\" sizes=\"(max-width: 600px) 100vw, 600px\" \/><\/a><figcaption class=\"wp-element-caption\">attente des uke pour passages de grades<\/figcaption><\/figure>\n\n\n\n<figure class=\"wp-block-image size-large\"><a href=\"https:\/\/aikivudao.com\/wp-content\/uploads\/2020\/05\/aikivudao_reflexions2.jpg\"><img decoding=\"async\" loading=\"lazy\" width=\"600\" height=\"347\" data-id=\"2118\"  src=\"https:\/\/aikivudao.com\/wp-content\/uploads\/2020\/05\/aikivudao_reflexions2.jpg\" alt=\"\" class=\"wp-image-2118\" srcset=\"https:\/\/aikivudao.com\/wp-content\/uploads\/2020\/05\/aikivudao_reflexions2.jpg 600w, https:\/\/aikivudao.com\/wp-content\/uploads\/2020\/05\/aikivudao_reflexions2-300x174.jpg 300w, https:\/\/aikivudao.com\/wp-content\/uploads\/2020\/05\/aikivudao_reflexions2-346x200.jpg 346w\" sizes=\"(max-width: 600px) 100vw, 600px\" \/><\/a><\/figure>\n\n\n\n<figure class=\"wp-block-image size-large\"><a href=\"https:\/\/aikivudao.com\/wp-content\/uploads\/2020\/05\/DSCF0052.jpg\"><img decoding=\"async\" loading=\"lazy\" width=\"800\" height=\"601\" data-id=\"2078\"  src=\"https:\/\/aikivudao.com\/wp-content\/uploads\/2020\/05\/DSCF0052.jpg\" alt=\"\" class=\"wp-image-2078\" srcset=\"https:\/\/aikivudao.com\/wp-content\/uploads\/2020\/05\/DSCF0052.jpg 800w, https:\/\/aikivudao.com\/wp-content\/uploads\/2020\/05\/DSCF0052-300x225.jpg 300w, https:\/\/aikivudao.com\/wp-content\/uploads\/2020\/05\/DSCF0052-768x577.jpg 768w, https:\/\/aikivudao.com\/wp-content\/uploads\/2020\/05\/DSCF0052-266x200.jpg 266w\" sizes=\"(max-width: 800px) 100vw, 800px\" \/><\/a><figcaption class=\"wp-element-caption\">stage<\/figcaption><\/figure>\n\n\n\n<figure class=\"wp-block-image size-large\"><a href=\"https:\/\/aikivudao.com\/wp-content\/uploads\/2020\/03\/passageCN_2018_5.jpg\"><img decoding=\"async\" loading=\"lazy\" width=\"1024\" height=\"768\" data-id=\"1991\"  src=\"https:\/\/aikivudao.com\/wp-content\/uploads\/2020\/03\/passageCN_2018_5.jpg\" alt=\"\" class=\"wp-image-1991\" srcset=\"https:\/\/aikivudao.com\/wp-content\/uploads\/2020\/03\/passageCN_2018_5.jpg 1024w, https:\/\/aikivudao.com\/wp-content\/uploads\/2020\/03\/passageCN_2018_5-300x225.jpg 300w, https:\/\/aikivudao.com\/wp-content\/uploads\/2020\/03\/passageCN_2018_5-768x576.jpg 768w, https:\/\/aikivudao.com\/wp-content\/uploads\/2020\/03\/passageCN_2018_5-267x200.jpg 267w\" sizes=\"(max-width: 1024px) 100vw, 1024px\" \/><\/a><figcaption class=\"wp-element-caption\">jury ceintures noires<\/figcaption><\/figure>\n<\/figure>\n\n\n<div class=\"wp-block-image\">\n<figure class=\"aligncenter\"><a href=\"https:\/\/aikivudao.com\/wp-content\/uploads\/2017\/02\/Aikivudao_Centaure2.jpg\"><img decoding=\"async\" loading=\"lazy\" width=\"800\" height=\"450\" src=\"https:\/\/aikivudao.com\/wp-content\/uploads\/2017\/02\/Aikivudao_Centaure2.jpg\" alt=\"\" class=\"wp-image-840\" srcset=\"https:\/\/aikivudao.com\/wp-content\/uploads\/2017\/02\/Aikivudao_Centaure2.jpg 800w, https:\/\/aikivudao.com\/wp-content\/uploads\/2017\/02\/Aikivudao_Centaure2-300x169.jpg 300w, https:\/\/aikivudao.com\/wp-content\/uploads\/2017\/02\/Aikivudao_Centaure2-768x432.jpg 768w\" sizes=\"(max-width: 800px) 100vw, 800px\" \/><\/a><\/figure><\/div>\n\n\n<hr class=\"wp-block-separator has-text-color has-accent-1-color has-css-opacity has-accent-1-background-color has-background\"\/>\n\n\n\n<p class=\"has-sitebg-color has-accent-1-background-color has-text-color has-background\"><strong>en 2024-2025 AFAR19.64 a organis\u00e9 :<\/strong><br>&#8211; <strong>la journ\u00e9e de passage de grades et sp\u00e9ficique A\u00efkivudao devent les repr\u00e9sentants de la FFST le 23\/03\/2025<\/strong><br>&#8211; d<strong>es stages interclubs trimestriels<\/strong><br><strong>&#8211; la pr\u00e9sence des clubs \u00e0 l&rsquo;\u00e9v\u00e8nement JAPAN EXPO SUD 2025 au Parc Chanot \u00e0 Marseille<\/strong><br><strong>&#8211; divers ap\u00e9ritifs et gouters de coh\u00e9sion tout au long de l&rsquo;ann\u00e9e<\/strong><\/p>\n\n\n\n<figure class=\"is-layout-flex wp-block-gallery-3 wp-block-gallery has-nested-images columns-5 is-cropped\">\n<figure class=\"wp-block-image size-large\"><a href=\"https:\/\/aikivudao.com\/wp-content\/uploads\/2023\/07\/20230603_131705-1-scaled.jpg\"><img decoding=\"async\" loading=\"lazy\" width=\"576\" height=\"1024\" data-id=\"2886\"  src=\"https:\/\/aikivudao.com\/wp-content\/uploads\/2023\/07\/20230603_131705-1-576x1024.jpg\" alt=\"\" class=\"wp-image-2886\" srcset=\"https:\/\/aikivudao.com\/wp-content\/uploads\/2023\/07\/20230603_131705-1-576x1024.jpg 576w, https:\/\/aikivudao.com\/wp-content\/uploads\/2023\/07\/20230603_131705-1-169x300.jpg 169w, https:\/\/aikivudao.com\/wp-content\/uploads\/2023\/07\/20230603_131705-1-768x1365.jpg 768w, https:\/\/aikivudao.com\/wp-content\/uploads\/2023\/07\/20230603_131705-1-864x1536.jpg 864w, https:\/\/aikivudao.com\/wp-content\/uploads\/2023\/07\/20230603_131705-1-1152x2048.jpg 1152w, https:\/\/aikivudao.com\/wp-content\/uploads\/2023\/07\/20230603_131705-1-141x250.jpg 141w, https:\/\/aikivudao.com\/wp-content\/uploads\/2023\/07\/20230603_131705-1-1920x3413.jpg 1920w, https:\/\/aikivudao.com\/wp-content\/uploads\/2023\/07\/20230603_131705-1-1320x2347.jpg 1320w, https:\/\/aikivudao.com\/wp-content\/uploads\/2023\/07\/20230603_131705-1-scaled.jpg 1440w\" sizes=\"(max-width: 576px) 100vw, 576px\" \/><\/a><\/figure>\n\n\n\n<figure class=\"wp-block-image size-large\"><a href=\"https:\/\/aikivudao.com\/wp-content\/uploads\/2023\/07\/20230603_112912-scaled.jpg\"><img decoding=\"async\" loading=\"lazy\" width=\"1024\" height=\"576\" data-id=\"2877\"  src=\"https:\/\/aikivudao.com\/wp-content\/uploads\/2023\/07\/20230603_112912-1024x576.jpg\" alt=\"\" class=\"wp-image-2877\" srcset=\"https:\/\/aikivudao.com\/wp-content\/uploads\/2023\/07\/20230603_112912-1024x576.jpg 1024w, https:\/\/aikivudao.com\/wp-content\/uploads\/2023\/07\/20230603_112912-300x169.jpg 300w, https:\/\/aikivudao.com\/wp-content\/uploads\/2023\/07\/20230603_112912-768x432.jpg 768w, https:\/\/aikivudao.com\/wp-content\/uploads\/2023\/07\/20230603_112912-1536x864.jpg 1536w, https:\/\/aikivudao.com\/wp-content\/uploads\/2023\/07\/20230603_112912-2048x1152.jpg 2048w, https:\/\/aikivudao.com\/wp-content\/uploads\/2023\/07\/20230603_112912-444x250.jpg 444w, https:\/\/aikivudao.com\/wp-content\/uploads\/2023\/07\/20230603_112912-1920x1080.jpg 1920w, https:\/\/aikivudao.com\/wp-content\/uploads\/2023\/07\/20230603_112912-1320x743.jpg 1320w\" sizes=\"(max-width: 1024px) 100vw, 1024px\" \/><\/a><\/figure>\n\n\n\n<figure class=\"wp-block-image size-large\"><a href=\"https:\/\/aikivudao.com\/wp-content\/uploads\/2023\/07\/636fc5dc-bb4f-4292-97cb-19adf9566e92.jpg\"><img decoding=\"async\" loading=\"lazy\" width=\"768\" height=\"1024\" data-id=\"2922\"  src=\"https:\/\/aikivudao.com\/wp-content\/uploads\/2023\/07\/636fc5dc-bb4f-4292-97cb-19adf9566e92-768x1024.jpg\" alt=\"\" class=\"wp-image-2922\" srcset=\"https:\/\/aikivudao.com\/wp-content\/uploads\/2023\/07\/636fc5dc-bb4f-4292-97cb-19adf9566e92-768x1024.jpg 768w, https:\/\/aikivudao.com\/wp-content\/uploads\/2023\/07\/636fc5dc-bb4f-4292-97cb-19adf9566e92-225x300.jpg 225w, https:\/\/aikivudao.com\/wp-content\/uploads\/2023\/07\/636fc5dc-bb4f-4292-97cb-19adf9566e92-1152x1536.jpg 1152w, https:\/\/aikivudao.com\/wp-content\/uploads\/2023\/07\/636fc5dc-bb4f-4292-97cb-19adf9566e92-188x250.jpg 188w, https:\/\/aikivudao.com\/wp-content\/uploads\/2023\/07\/636fc5dc-bb4f-4292-97cb-19adf9566e92-1320x1760.jpg 1320w, https:\/\/aikivudao.com\/wp-content\/uploads\/2023\/07\/636fc5dc-bb4f-4292-97cb-19adf9566e92.jpg 1500w\" sizes=\"(max-width: 768px) 100vw, 768px\" \/><\/a><\/figure>\n\n\n\n<figure class=\"wp-block-image size-large\"><a href=\"https:\/\/aikivudao.com\/wp-content\/uploads\/2023\/07\/20230603_105916-scaled.jpg\"><img decoding=\"async\" loading=\"lazy\" width=\"1024\" height=\"576\" data-id=\"2875\"  src=\"https:\/\/aikivudao.com\/wp-content\/uploads\/2023\/07\/20230603_105916-1024x576.jpg\" alt=\"\" class=\"wp-image-2875\" srcset=\"https:\/\/aikivudao.com\/wp-content\/uploads\/2023\/07\/20230603_105916-1024x576.jpg 1024w, https:\/\/aikivudao.com\/wp-content\/uploads\/2023\/07\/20230603_105916-300x169.jpg 300w, https:\/\/aikivudao.com\/wp-content\/uploads\/2023\/07\/20230603_105916-768x432.jpg 768w, https:\/\/aikivudao.com\/wp-content\/uploads\/2023\/07\/20230603_105916-1536x864.jpg 1536w, https:\/\/aikivudao.com\/wp-content\/uploads\/2023\/07\/20230603_105916-2048x1152.jpg 2048w, https:\/\/aikivudao.com\/wp-content\/uploads\/2023\/07\/20230603_105916-444x250.jpg 444w, https:\/\/aikivudao.com\/wp-content\/uploads\/2023\/07\/20230603_105916-1920x1080.jpg 1920w, https:\/\/aikivudao.com\/wp-content\/uploads\/2023\/07\/20230603_105916-1320x743.jpg 1320w\" sizes=\"(max-width: 1024px) 100vw, 1024px\" \/><\/a><\/figure>\n\n\n\n<figure class=\"wp-block-image size-large\"><a href=\"https:\/\/aikivudao.com\/wp-content\/uploads\/2023\/07\/20230603_115511-scaled.jpg\"><img decoding=\"async\" loading=\"lazy\" width=\"1024\" height=\"576\" data-id=\"2871\"  src=\"https:\/\/aikivudao.com\/wp-content\/uploads\/2023\/07\/20230603_115511-1024x576.jpg\" alt=\"\" class=\"wp-image-2871\" srcset=\"https:\/\/aikivudao.com\/wp-content\/uploads\/2023\/07\/20230603_115511-1024x576.jpg 1024w, https:\/\/aikivudao.com\/wp-content\/uploads\/2023\/07\/20230603_115511-300x169.jpg 300w, https:\/\/aikivudao.com\/wp-content\/uploads\/2023\/07\/20230603_115511-768x432.jpg 768w, https:\/\/aikivudao.com\/wp-content\/uploads\/2023\/07\/20230603_115511-1536x864.jpg 1536w, https:\/\/aikivudao.com\/wp-content\/uploads\/2023\/07\/20230603_115511-2048x1152.jpg 2048w, https:\/\/aikivudao.com\/wp-content\/uploads\/2023\/07\/20230603_115511-444x250.jpg 444w, https:\/\/aikivudao.com\/wp-content\/uploads\/2023\/07\/20230603_115511-1920x1080.jpg 1920w, https:\/\/aikivudao.com\/wp-content\/uploads\/2023\/07\/20230603_115511-1320x743.jpg 1320w\" sizes=\"(max-width: 1024px) 100vw, 1024px\" \/><\/a><\/figure>\n\n\n\n<figure class=\"wp-block-image size-large\"><a href=\"https:\/\/aikivudao.com\/wp-content\/uploads\/2023\/07\/0426ccae-4ca6-4d9e-ba8e-a9437adacb20.jpg\"><img decoding=\"async\" loading=\"lazy\" width=\"935\" height=\"1024\" data-id=\"2921\"  src=\"https:\/\/aikivudao.com\/wp-content\/uploads\/2023\/07\/0426ccae-4ca6-4d9e-ba8e-a9437adacb20-935x1024.jpg\" alt=\"\" class=\"wp-image-2921\" srcset=\"https:\/\/aikivudao.com\/wp-content\/uploads\/2023\/07\/0426ccae-4ca6-4d9e-ba8e-a9437adacb20-935x1024.jpg 935w, https:\/\/aikivudao.com\/wp-content\/uploads\/2023\/07\/0426ccae-4ca6-4d9e-ba8e-a9437adacb20-274x300.jpg 274w, https:\/\/aikivudao.com\/wp-content\/uploads\/2023\/07\/0426ccae-4ca6-4d9e-ba8e-a9437adacb20-768x841.jpg 768w, https:\/\/aikivudao.com\/wp-content\/uploads\/2023\/07\/0426ccae-4ca6-4d9e-ba8e-a9437adacb20-1403x1536.jpg 1403w, https:\/\/aikivudao.com\/wp-content\/uploads\/2023\/07\/0426ccae-4ca6-4d9e-ba8e-a9437adacb20-228x250.jpg 228w, https:\/\/aikivudao.com\/wp-content\/uploads\/2023\/07\/0426ccae-4ca6-4d9e-ba8e-a9437adacb20-1320x1446.jpg 1320w, https:\/\/aikivudao.com\/wp-content\/uploads\/2023\/07\/0426ccae-4ca6-4d9e-ba8e-a9437adacb20.jpg 1461w\" sizes=\"(max-width: 935px) 100vw, 935px\" \/><\/a><\/figure>\n\n\n\n<figure class=\"wp-block-image size-large\"><a href=\"https:\/\/aikivudao.com\/wp-content\/uploads\/2023\/07\/20230603_125701-scaled.jpg\"><img decoding=\"async\" loading=\"lazy\" width=\"1024\" height=\"576\" data-id=\"2873\"  src=\"https:\/\/aikivudao.com\/wp-content\/uploads\/2023\/07\/20230603_125701-1024x576.jpg\" alt=\"\" class=\"wp-image-2873\" srcset=\"https:\/\/aikivudao.com\/wp-content\/uploads\/2023\/07\/20230603_125701-1024x576.jpg 1024w, https:\/\/aikivudao.com\/wp-content\/uploads\/2023\/07\/20230603_125701-300x169.jpg 300w, https:\/\/aikivudao.com\/wp-content\/uploads\/2023\/07\/20230603_125701-768x432.jpg 768w, https:\/\/aikivudao.com\/wp-content\/uploads\/2023\/07\/20230603_125701-1536x864.jpg 1536w, https:\/\/aikivudao.com\/wp-content\/uploads\/2023\/07\/20230603_125701-2048x1152.jpg 2048w, https:\/\/aikivudao.com\/wp-content\/uploads\/2023\/07\/20230603_125701-444x250.jpg 444w, https:\/\/aikivudao.com\/wp-content\/uploads\/2023\/07\/20230603_125701-1920x1080.jpg 1920w, https:\/\/aikivudao.com\/wp-content\/uploads\/2023\/07\/20230603_125701-1320x743.jpg 1320w\" sizes=\"(max-width: 1024px) 100vw, 1024px\" \/><\/a><\/figure>\n\n\n\n<figure class=\"wp-block-image size-large\"><a href=\"https:\/\/aikivudao.com\/wp-content\/uploads\/2023\/07\/stage2_2023_1.jpeg\"><img decoding=\"async\" loading=\"lazy\" width=\"1024\" height=\"768\" data-id=\"2923\"  src=\"https:\/\/aikivudao.com\/wp-content\/uploads\/2023\/07\/stage2_2023_1-1024x768.jpeg\" alt=\"\" class=\"wp-image-2923\" srcset=\"https:\/\/aikivudao.com\/wp-content\/uploads\/2023\/07\/stage2_2023_1-1024x768.jpeg 1024w, https:\/\/aikivudao.com\/wp-content\/uploads\/2023\/07\/stage2_2023_1-300x225.jpeg 300w, https:\/\/aikivudao.com\/wp-content\/uploads\/2023\/07\/stage2_2023_1-768x576.jpeg 768w, https:\/\/aikivudao.com\/wp-content\/uploads\/2023\/07\/stage2_2023_1-1536x1152.jpeg 1536w, https:\/\/aikivudao.com\/wp-content\/uploads\/2023\/07\/stage2_2023_1-333x250.jpeg 333w, https:\/\/aikivudao.com\/wp-content\/uploads\/2023\/07\/stage2_2023_1-1320x990.jpeg 1320w, https:\/\/aikivudao.com\/wp-content\/uploads\/2023\/07\/stage2_2023_1.jpeg 1920w\" sizes=\"(max-width: 1024px) 100vw, 1024px\" \/><\/a><\/figure>\n<\/figure>\n\n\n\n<hr class=\"wp-block-separator has-text-color has-accent-1-color has-css-opacity has-accent-1-background-color has-background\"\/>\n\n\n\n<h3>Association<\/h3>\n\n\n\n<p>Le club est sous la direction de Jean-Christophe PEGGI. <\/p>\n\n\n\n<p><\/p>\n","protected":false},"excerpt":{"rendered":"<p>AIKIVUDAO AFAR 19.64 CLUB Pr\u00e9sentation Le club AFAR 19.64 est en charge de la structuration des clubs AKVD, de la progression des \u00e9l\u00e8ves, d&rsquo;\u00e9v\u00e8nements visant \u00e0 conforter la place de l\u2019a\u00efkivudao en France et surtout de p\u00e9renniser l&rsquo;esprit de l&rsquo;\u00e9cole a\u00efkivudao. AFAR 19.64 signifie Association Fran\u00e7aise A\u00efkivudao Rouvi\u00e8re. Du nom &hellip;<\/p>\n","protected":false},"author":1,"featured_media":0,"parent":0,"menu_order":0,"comment_status":"closed","ping_status":"closed","template":"","meta":[],"yoast_head":"<!-- This site is optimized with the Yoast SEO plugin v21.1 - https:\/\/yoast.com\/wordpress\/plugins\/seo\/ -->\n<title>A\u00cfKIDO AFAR19.64 MARSEILLE - AIKI VU DAO<\/title>\n<meta name=\"robots\" content=\"index, follow, max-snippet:-1, max-image-preview:large, max-video-preview:-1\" \/>\n<link rel=\"canonical\" href=\"https:\/\/aikivudao.com\/?page_id=2537\" \/>\n<meta property=\"og:locale\" content=\"fr_FR\" \/>\n<meta property=\"og:type\" content=\"article\" \/>\n<meta property=\"og:title\" content=\"A\u00cfKIDO AFAR19.64 MARSEILLE - AIKI VU DAO\" \/>\n<meta property=\"og:description\" content=\"AIKIVUDAO AFAR 19.64 CLUB Pr\u00e9sentation Le club AFAR 19.64 est en charge de la structuration des clubs AKVD, de la progression des \u00e9l\u00e8ves, d&rsquo;\u00e9v\u00e8nements visant \u00e0 conforter la place de l\u2019a\u00efkivudao en France et surtout de p\u00e9renniser l&rsquo;esprit de l&rsquo;\u00e9cole a\u00efkivudao. AFAR 19.64 signifie Association Fran\u00e7aise A\u00efkivudao Rouvi\u00e8re. Du nom &hellip;\" \/>\n<meta property=\"og:url\" content=\"https:\/\/aikivudao.com\/?page_id=2537\" \/>\n<meta property=\"og:site_name\" content=\"AIKI VU DAO\" \/>\n<meta property=\"article:modified_time\" content=\"2025-09-21T07:57:34+00:00\" \/>\n<meta property=\"og:image\" content=\"http:\/\/aikivudao.com\/wp-content\/uploads\/2022\/03\/AFAR19_64_logo.jpg\" \/>\n<meta name=\"twitter:card\" content=\"summary_large_image\" \/>\n<script type=\"application\/ld+json\" class=\"yoast-schema-graph\">{\"@context\":\"https:\/\/schema.org\",\"@graph\":[{\"@type\":\"WebPage\",\"@id\":\"https:\/\/aikivudao.com\/?page_id=2537\",\"url\":\"https:\/\/aikivudao.com\/?page_id=2537\",\"name\":\"A\u00cfKIDO AFAR19.64 MARSEILLE - AIKI VU DAO\",\"isPartOf\":{\"@id\":\"https:\/\/aikivudao.com\/#website\"},\"datePublished\":\"2021-08-28T12:40:26+00:00\",\"dateModified\":\"2025-09-21T07:57:34+00:00\",\"breadcrumb\":{\"@id\":\"https:\/\/aikivudao.com\/?page_id=2537#breadcrumb\"},\"inLanguage\":\"fr-FR\",\"potentialAction\":[{\"@type\":\"ReadAction\",\"target\":[\"https:\/\/aikivudao.com\/?page_id=2537\"]}]},{\"@type\":\"BreadcrumbList\",\"@id\":\"https:\/\/aikivudao.com\/?page_id=2537#breadcrumb\",\"itemListElement\":[{\"@type\":\"ListItem\",\"position\":1,\"name\":\"Accueil\",\"item\":\"https:\/\/aikivudao.com\/\"},{\"@type\":\"ListItem\",\"position\":2,\"name\":\"A\u00cfKIDO AFAR19.64 MARSEILLE\"}]},{\"@type\":\"WebSite\",\"@id\":\"https:\/\/aikivudao.com\/#website\",\"url\":\"https:\/\/aikivudao.com\/\",\"name\":\"AIKI VU DAO\",\"description\":\"Ecole d&#039;A\u00efkido - art martial japonais, aikibudoviet\",\"potentialAction\":[{\"@type\":\"SearchAction\",\"target\":{\"@type\":\"EntryPoint\",\"urlTemplate\":\"https:\/\/aikivudao.com\/?s={search_term_string}\"},\"query-input\":\"required name=search_term_string\"}],\"inLanguage\":\"fr-FR\"}]}<\/script>\n<!-- \/ Yoast SEO plugin. -->","yoast_head_json":{"title":"A\u00cfKIDO AFAR19.64 MARSEILLE - AIKI VU DAO","robots":{"index":"index","follow":"follow","max-snippet":"max-snippet:-1","max-image-preview":"max-image-preview:large","max-video-preview":"max-video-preview:-1"},"canonical":"https:\/\/aikivudao.com\/?page_id=2537","og_locale":"fr_FR","og_type":"article","og_title":"A\u00cfKIDO AFAR19.64 MARSEILLE - AIKI VU DAO","og_description":"AIKIVUDAO AFAR 19.64 CLUB Pr\u00e9sentation Le club AFAR 19.64 est en charge de la structuration des clubs AKVD, de la progression des \u00e9l\u00e8ves, d&rsquo;\u00e9v\u00e8nements visant \u00e0 conforter la place de l\u2019a\u00efkivudao en France et surtout de p\u00e9renniser l&rsquo;esprit de l&rsquo;\u00e9cole a\u00efkivudao. AFAR 19.64 signifie Association Fran\u00e7aise A\u00efkivudao Rouvi\u00e8re. Du nom &hellip;","og_url":"https:\/\/aikivudao.com\/?page_id=2537","og_site_name":"AIKI VU DAO","article_modified_time":"2025-09-21T07:57:34+00:00","og_image":[{"url":"http:\/\/aikivudao.com\/wp-content\/uploads\/2022\/03\/AFAR19_64_logo.jpg"}],"twitter_card":"summary_large_image","schema":{"@context":"https:\/\/schema.org","@graph":[{"@type":"WebPage","@id":"https:\/\/aikivudao.com\/?page_id=2537","url":"https:\/\/aikivudao.com\/?page_id=2537","name":"A\u00cfKIDO AFAR19.64 MARSEILLE - AIKI VU DAO","isPartOf":{"@id":"https:\/\/aikivudao.com\/#website"},"datePublished":"2021-08-28T12:40:26+00:00","dateModified":"2025-09-21T07:57:34+00:00","breadcrumb":{"@id":"https:\/\/aikivudao.com\/?page_id=2537#breadcrumb"},"inLanguage":"fr-FR","potentialAction":[{"@type":"ReadAction","target":["https:\/\/aikivudao.com\/?page_id=2537"]}]},{"@type":"BreadcrumbList","@id":"https:\/\/aikivudao.com\/?page_id=2537#breadcrumb","itemListElement":[{"@type":"ListItem","position":1,"name":"Accueil","item":"https:\/\/aikivudao.com\/"},{"@type":"ListItem","position":2,"name":"A\u00cfKIDO AFAR19.64 MARSEILLE"}]},{"@type":"WebSite","@id":"https:\/\/aikivudao.com\/#website","url":"https:\/\/aikivudao.com\/","name":"AIKI VU DAO","description":"Ecole d&#039;A\u00efkido - art martial japonais, aikibudoviet","potentialAction":[{"@type":"SearchAction","target":{"@type":"EntryPoint","urlTemplate":"https:\/\/aikivudao.com\/?s={search_term_string}"},"query-input":"required name=search_term_string"}],"inLanguage":"fr-FR"}]}},"_links":{"self":[{"href":"https:\/\/aikivudao.com\/index.php?rest_route=\/wp\/v2\/pages\/2537"}],"collection":[{"href":"https:\/\/aikivudao.com\/index.php?rest_route=\/wp\/v2\/pages"}],"about":[{"href":"https:\/\/aikivudao.com\/index.php?rest_route=\/wp\/v2\/types\/page"}],"author":[{"embeddable":true,"href":"https:\/\/aikivudao.com\/index.php?rest_route=\/wp\/v2\/users\/1"}],"replies":[{"embeddable":true,"href":"https:\/\/aikivudao.com\/index.php?rest_route=%2Fwp%2Fv2%2Fcomments&post=2537"}],"version-history":[{"count":26,"href":"https:\/\/aikivudao.com\/index.php?rest_route=\/wp\/v2\/pages\/2537\/revisions"}],"predecessor-version":[{"id":3317,"href":"https:\/\/aikivudao.com\/index.php?rest_route=\/wp\/v2\/pages\/2537\/revisions\/3317"}],"wp:attachment":[{"href":"https:\/\/aikivudao.com\/index.php?rest_route=%2Fwp%2Fv2%2Fmedia&parent=2537"}],"curies":[{"name":"wp","href":"https:\/\/api.w.org\/{rel}","templated":true}]}}