{"id":239,"date":"2015-05-01T23:40:50","date_gmt":"2015-05-01T21:40:50","guid":{"rendered":"http:\/\/aikivudao.com\/?page_id=239"},"modified":"2019-10-06T10:44:00","modified_gmt":"2019-10-06T08:44:00","slug":"aikido","status":"publish","type":"page","link":"https:\/\/aikivudao.com\/?page_id=239","title":{"rendered":"A\u00efkido"},"content":{"rendered":"<blockquote><p>AIKIVUDAO et AIKIDO<\/p><\/blockquote>\n<p>L&rsquo;Aikivudao reste une \u00e9cole d&rsquo;a\u00efkido.<br \/>\n<strong>Mais qu&rsquo;est ce que l&rsquo;a\u00efkido ?<\/strong><\/p>\n<p><a href=\"https:\/\/aikivudao.com\/wp-content\/uploads\/2015\/05\/aikibudo_ueshiba.jpg\"><img decoding=\"async\" loading=\"lazy\" class=\"aligncenter size-full wp-image-275\" src=\"https:\/\/aikivudao.com\/wp-content\/uploads\/2015\/05\/aikibudo_ueshiba.jpg\" alt=\"aikibudo_ueshiba\" width=\"276\" height=\"200\" \/><\/a><\/p>\n<p>L&rsquo;a\u00efkido (\u5408\u6c17\u9053, aikido) est un art martial japonais (budo), fond\u00e9 par Morihei Ueshiba O sensei entre 1925 et 1969. L&rsquo;a\u00efkido a \u00e9t\u00e9 officiellement reconnu par le gouvernement japonais en 1940 sous le nom d\u2019aikibudo et sous le nom A\u00efkido en 1942. Il a \u00e9t\u00e9 cr\u00e9\u00e9 \u00e0 partir de l&rsquo;exp\u00e9rience que son fondateur avait de l&rsquo;enseignement des koryu (\u00e9coles d&rsquo;arts martiaux anciennes), essentiellement le ju-jitsu de l&rsquo;\u00e9cole dait\u014d ry\u016b, le kenjutsu (art du sabre japonais) et l&rsquo;aikijutsu. L&rsquo;a\u00efkido est n\u00e9 de la rencontre entre ces techniques de combat et une r\u00e9flexion m\u00e9taphysique de Morihei Ueshiba sur le sens de la pratique martiale \u00e0 l&rsquo;\u00e8re moderne.<\/p>\n<p>L&rsquo;a\u00efkido se compose de techniques avec armes et \u00e0 mains nues utilisant la force de l&rsquo;adversaire, ou plut\u00f4t son agressivit\u00e9 et sa volont\u00e9 de nuire. Ces techniques visent non pas \u00e0 vaincre l&rsquo;adversaire, mais \u00e0 r\u00e9duire sa tentative d&rsquo;agression \u00e0 n\u00e9ant. L&rsquo;a\u00efkido peut \u00eatre consid\u00e9r\u00e9 comme la concr\u00e9tisation du concept de l\u00e9gitime d\u00e9fense : une r\u00e9action proportionn\u00e9e et imm\u00e9diate \u00e0 une agression. En fait, dans l&rsquo;esprit de l&rsquo;a\u00efkido, il n&rsquo;y a pas de combat, puisque celui-ci se termine au moment m\u00eame o\u00f9 il commence. Conform\u00e9ment \u00e0 cette logique, il n&rsquo;existe pas de comp\u00e9tition d&rsquo;a\u00efkido except\u00e9 dans le style Shodokan fond\u00e9 par Kenji Tomiki (et de ce fait appel\u00e9 aussi Tomiki ryu, \u00c9cole Tomiki).<\/p>\n<p><strong>L&rsquo;aikido en France :<\/strong><\/p>\n<p>L\u2019A\u00efkido est introduit en France par Minoru Mochizuki en 1951.<\/p>\n<p><a href=\"https:\/\/aikivudao.com\/wp-content\/uploads\/2015\/05\/Minoru_WEB.jpg\"><img decoding=\"async\" loading=\"lazy\" class=\"aligncenter size-medium wp-image-255\" src=\"https:\/\/aikivudao.com\/wp-content\/uploads\/2015\/05\/Minoru_WEB-198x300.jpg\" alt=\"Minoru_WEB\" width=\"198\" height=\"300\" srcset=\"https:\/\/aikivudao.com\/wp-content\/uploads\/2015\/05\/Minoru_WEB-198x300.jpg 198w, https:\/\/aikivudao.com\/wp-content\/uploads\/2015\/05\/Minoru_WEB.jpg 633w\" sizes=\"(max-width: 198px) 100vw, 198px\" \/><\/a><\/p>\n<p>Il pratique d\u2019autres arts martiaux, principalement le Judo, quand il est recommand\u00e9 en 1930 par son professeur Kano Sensei aupr\u00e8s de Ueshiba pour \u00e9tudier les techniques de Ju-Jutsu.<br \/>\nDe retour au Japon, il demande \u00e0 Ueshiba d\u2019envoyer un nouveau disciple en France. C\u2019est Tadashi Abe que O Sensei choisit pour accomplir cette mission.<a href=\"https:\/\/aikivudao.com\/wp-content\/uploads\/2015\/05\/Abe2.jpg\">\u00a0<\/a><a href=\"https:\/\/aikivudao.com\/wp-content\/uploads\/2015\/05\/Tadashi-Abe.jpg\"><img decoding=\"async\" loading=\"lazy\" class=\"aligncenter size-medium wp-image-265\" src=\"https:\/\/aikivudao.com\/wp-content\/uploads\/2015\/05\/Tadashi-Abe-202x300.jpg\" alt=\"Tadashi-Abe\" width=\"202\" height=\"300\" srcset=\"https:\/\/aikivudao.com\/wp-content\/uploads\/2015\/05\/Tadashi-Abe-202x300.jpg 202w, https:\/\/aikivudao.com\/wp-content\/uploads\/2015\/05\/Tadashi-Abe.jpg 278w\" sizes=\"(max-width: 202px) 100vw, 202px\" \/><\/a><\/p>\n<p>Tadashi, alors \u00e2g\u00e9 de 28 ans, ne parle pas un mot de fran\u00e7ais. Il enseigne dans les dojos de Judo d\u00e9j\u00e0 implant\u00e9s \u00e0 cette \u00e9poque. Le ma\u00eetre Kawaishi lui conseille de proc\u00e9der comme il l\u2019a fait pour le Judo \u00e0 son arriv\u00e9e, c\u2019est-\u00e0-dire de codifier les mouvements sous forme de s\u00e9ries, ce qui s\u2019av\u00e8re plus adapt\u00e9 \u00e0 la p\u00e9dagogie des occidentaux. De 1953 \u00e0 1961, Tadashi suit m\u00e9thodiquement ce conseil. Son A\u00efkido est tr\u00e8s ax\u00e9 sur la d\u00e9fense. Tadashi avait comme particularit\u00e9 physique de ne plus avoir de s\u00e9paration entre les phalanges \u00e0 cause de ses frappes r\u00e9p\u00e9t\u00e9es au makiwara, souvenir de ses d\u00e9buts \u00e0 Osaka en 1942, une \u00e9poque o\u00f9 le Japon fabriquait des guerriers. Apr\u00e8s huit ans de travail, il retourne dans son pays consid\u00e9rant accomplie la mission que O Sensei lui avait confi\u00e9e.<\/p>\n<p>Avant de quitter la France, il d\u00e9cerne le quatri\u00e8me dan \u00e0 Andr\u00e9 Nocquet (\u00e9l\u00e8ve de Ueshiba de 1955 \u00e0 1957) qu\u2019il charge d\u2019assumer la rel\u00e8ve.<a href=\"https:\/\/aikivudao.com\/wp-content\/uploads\/2015\/05\/ghaan.jpg\"><img decoding=\"async\" loading=\"lazy\" class=\"aligncenter size-full wp-image-259\" src=\"https:\/\/aikivudao.com\/wp-content\/uploads\/2015\/05\/ghaan.jpg\" alt=\"ghaan\" width=\"150\" height=\"112\" \/><\/a><\/p>\n<p>Il laisse plusieurs milliers de pratiquants en France, avec parmi eux de nombreuses ceintures noires. De retour au Japon, il est choqu\u00e9 par le changement de l\u2019enseignement pendant son absence. Reprochant au Hombo Dojo de pratiquer un sport de femmes, il se s\u00e9pare de l\u2019A\u00efkika\u00ef.<\/p>\n<p>Par la suite, c&rsquo;est Mutsuro Nakazono qui arrive en 1961 \u00e0 Marseille.<\/p>\n<p><a href=\"https:\/\/aikivudao.com\/wp-content\/uploads\/2015\/05\/Nakazono-04.jpg\"><img decoding=\"async\" loading=\"lazy\" class=\"aligncenter size-full wp-image-262\" src=\"https:\/\/aikivudao.com\/wp-content\/uploads\/2015\/05\/Nakazono-04.jpg\" alt=\"Nakazono-04\" width=\"113\" height=\"193\" \/><\/a><br \/>\nLa m\u00eame ann\u00e9e que Nakazono, arrive en France un deuxi\u00e8me disciple, Masamichi Noro, et mandat\u00e9 pour propager l\u2019A\u00efkido en France et en Europe. Entre-temps, plusieurs pratiquants se sont \u00e9tablis depuis le d\u00e9part de Tadashi Abe. Refusant d\u2019accepter Nakazono comme rempla\u00e7ant, ils poursuivent leur propre chemin.<\/p>\n<p><a href=\"https:\/\/aikivudao.com\/wp-content\/uploads\/2015\/05\/Noro-Masamichi-008.jpg\"><img decoding=\"async\" loading=\"lazy\" class=\"aligncenter size-full wp-image-258\" src=\"https:\/\/aikivudao.com\/wp-content\/uploads\/2015\/05\/Noro-Masamichi-008.jpg\" alt=\"Noro-Masamichi-008\" width=\"284\" height=\"400\" srcset=\"https:\/\/aikivudao.com\/wp-content\/uploads\/2015\/05\/Noro-Masamichi-008.jpg 284w, https:\/\/aikivudao.com\/wp-content\/uploads\/2015\/05\/Noro-Masamichi-008-213x300.jpg 213w\" sizes=\"(max-width: 284px) 100vw, 284px\" \/><\/a><\/p>\n<p>L\u2019arriv\u00e9e de Noro est accueillie avec beaucoup de m\u00e9fiance par certains professeurs fran\u00e7ais qui ont peur que soit mis en cause leur prestige naissant. Masamichi Noro, certainement \u00e9branl\u00e9 par cet accueil sans chaleur, poursuit sa mission et cr\u00e9e en 1962 l\u2019Association Culturelle Fran\u00e7aise d\u2019A\u00efkido ( ACFA). Il organise de nombreux stages en France et en Europe et fonde en l\u2019espace de trois ans 250 clubs qu\u2019il dirige dans toute l\u2019Europe. En 1969, Noro est victime d\u2019un tr\u00e8s grave accident de la route qui le laisse, en d\u00e9pit de plusieurs op\u00e9rations, paralys\u00e9 d\u2019un bras. Sans qu\u2019il en soit inform\u00e9, les instances du moment d\u00e9cident de confier la responsabilit\u00e9 de ses clubs \u00e0 ses assistants. Quand il reprend son enseignement, seulement quelques fid\u00e8les sont encore au rendez-vous. Il ouvre alors \u00e0 Paris un dojo appel\u00e9 Institut Noro. C\u2019est l\u2019\u00e9poque de la contestation en France. Les querelles \u00e0 propos de formes, de styles, sont incessantes, chaque groupe \u00e9tant persuad\u00e9 de pratiquer et d\u2019enseigner le \u00ab vrai \u00bb A\u00efkido. Son style \u00e9tant de plus en plus critiqu\u00e9, Noro d\u00e9cide de se s\u00e9parer de toutes attaches et donne un nouveau nom \u00e0 son art, o\u00f9 la notion de combat dispara\u00eet compl\u00e8tement : le Kinomichi.<\/p>\n<p>C\u2019est au cours de cette p\u00e9riode qu\u2019un autre ma\u00eetre japonais arrive en France. En 1964, O Sensei Ueshiba charge Nobuyoshi Tamura, qui a pr\u00e9vu de d\u00e9couvrir l\u2019Europe durant son voyage de noces, d\u2019\u00e9tudier la mani\u00e8re dont fonctionne l\u2019A\u00efkido en France au travers des structures associatives qui le r\u00e9gissent. Il collabore avec Andr\u00e9 Nocquet et Hiroo Mochizuki. Il restera finalement en France jusqu&rsquo;\u00e0 son d\u00e9c\u00e8s en 2010.<\/p>\n<p><a href=\"https:\/\/aikivudao.com\/wp-content\/uploads\/2015\/05\/aikidoTamura15.jpg\"><img decoding=\"async\" loading=\"lazy\" class=\"aligncenter size-medium wp-image-263\" src=\"https:\/\/aikivudao.com\/wp-content\/uploads\/2015\/05\/aikidoTamura15-214x300.jpg\" alt=\"aikidoTamura15\" width=\"214\" height=\"300\" srcset=\"https:\/\/aikivudao.com\/wp-content\/uploads\/2015\/05\/aikidoTamura15-214x300.jpg 214w, https:\/\/aikivudao.com\/wp-content\/uploads\/2015\/05\/aikidoTamura15-729x1024.jpg 729w, https:\/\/aikivudao.com\/wp-content\/uploads\/2015\/05\/aikidoTamura15.jpg 852w\" sizes=\"(max-width: 214px) 100vw, 214px\" \/><\/a><\/p>\n","protected":false},"excerpt":{"rendered":"<p>AIKIVUDAO et AIKIDO L&rsquo;Aikivudao reste une \u00e9cole d&rsquo;a\u00efkido. Mais qu&rsquo;est ce que l&rsquo;a\u00efkido ? L&rsquo;a\u00efkido (\u5408\u6c17\u9053, aikido) est un art martial japonais (budo), fond\u00e9 par Morihei Ueshiba O sensei entre 1925 et 1969. L&rsquo;a\u00efkido a \u00e9t\u00e9 officiellement reconnu par le gouvernement japonais en 1940 sous le nom d\u2019aikibudo et sous &hellip;<\/p>\n","protected":false},"author":1,"featured_media":0,"parent":90,"menu_order":1,"comment_status":"closed","ping_status":"closed","template":"","meta":[],"yoast_head":"<!-- This site is optimized with the Yoast SEO plugin v21.1 - https:\/\/yoast.com\/wordpress\/plugins\/seo\/ -->\n<title>A\u00efkido - AIKI VU DAO<\/title>\n<meta name=\"robots\" content=\"index, follow, max-snippet:-1, max-image-preview:large, max-video-preview:-1\" \/>\n<link rel=\"canonical\" href=\"https:\/\/aikivudao.com\/?page_id=239\" \/>\n<meta property=\"og:locale\" content=\"fr_FR\" \/>\n<meta property=\"og:type\" content=\"article\" \/>\n<meta property=\"og:title\" content=\"A\u00efkido - AIKI VU DAO\" \/>\n<meta property=\"og:description\" content=\"AIKIVUDAO et AIKIDO L&rsquo;Aikivudao reste une \u00e9cole d&rsquo;a\u00efkido. Mais qu&rsquo;est ce que l&rsquo;a\u00efkido ? L&rsquo;a\u00efkido (\u5408\u6c17\u9053, aikido) est un art martial japonais (budo), fond\u00e9 par Morihei Ueshiba O sensei entre 1925 et 1969. L&rsquo;a\u00efkido a \u00e9t\u00e9 officiellement reconnu par le gouvernement japonais en 1940 sous le nom d\u2019aikibudo et sous &hellip;\" \/>\n<meta property=\"og:url\" content=\"https:\/\/aikivudao.com\/?page_id=239\" \/>\n<meta property=\"og:site_name\" content=\"AIKI VU DAO\" \/>\n<meta property=\"article:modified_time\" content=\"2019-10-06T08:44:00+00:00\" \/>\n<meta property=\"og:image\" content=\"http:\/\/aikivudao.com\/wp-content\/uploads\/2015\/05\/aikibudo_ueshiba.jpg\" \/>\n<meta name=\"twitter:card\" content=\"summary_large_image\" \/>\n<script type=\"application\/ld+json\" class=\"yoast-schema-graph\">{\"@context\":\"https:\/\/schema.org\",\"@graph\":[{\"@type\":\"WebPage\",\"@id\":\"https:\/\/aikivudao.com\/?page_id=239\",\"url\":\"https:\/\/aikivudao.com\/?page_id=239\",\"name\":\"A\u00efkido - AIKI VU DAO\",\"isPartOf\":{\"@id\":\"https:\/\/aikivudao.com\/#website\"},\"datePublished\":\"2015-05-01T21:40:50+00:00\",\"dateModified\":\"2019-10-06T08:44:00+00:00\",\"breadcrumb\":{\"@id\":\"https:\/\/aikivudao.com\/?page_id=239#breadcrumb\"},\"inLanguage\":\"fr-FR\",\"potentialAction\":[{\"@type\":\"ReadAction\",\"target\":[\"https:\/\/aikivudao.com\/?page_id=239\"]}]},{\"@type\":\"BreadcrumbList\",\"@id\":\"https:\/\/aikivudao.com\/?page_id=239#breadcrumb\",\"itemListElement\":[{\"@type\":\"ListItem\",\"position\":1,\"name\":\"Accueil\",\"item\":\"https:\/\/aikivudao.com\/\"},{\"@type\":\"ListItem\",\"position\":2,\"name\":\"Pr\u00e9sentation Aikivudao (Aikibudoviet)\",\"item\":\"https:\/\/aikivudao.com\/?page_id=90\"},{\"@type\":\"ListItem\",\"position\":3,\"name\":\"A\u00efkido\"}]},{\"@type\":\"WebSite\",\"@id\":\"https:\/\/aikivudao.com\/#website\",\"url\":\"https:\/\/aikivudao.com\/\",\"name\":\"AIKI VU DAO\",\"description\":\"Ecole d&#039;A\u00efkido - art martial japonais, aikibudoviet\",\"potentialAction\":[{\"@type\":\"SearchAction\",\"target\":{\"@type\":\"EntryPoint\",\"urlTemplate\":\"https:\/\/aikivudao.com\/?s={search_term_string}\"},\"query-input\":\"required name=search_term_string\"}],\"inLanguage\":\"fr-FR\"}]}<\/script>\n<!-- \/ Yoast SEO plugin. -->","yoast_head_json":{"title":"A\u00efkido - AIKI VU DAO","robots":{"index":"index","follow":"follow","max-snippet":"max-snippet:-1","max-image-preview":"max-image-preview:large","max-video-preview":"max-video-preview:-1"},"canonical":"https:\/\/aikivudao.com\/?page_id=239","og_locale":"fr_FR","og_type":"article","og_title":"A\u00efkido - AIKI VU DAO","og_description":"AIKIVUDAO et AIKIDO L&rsquo;Aikivudao reste une \u00e9cole d&rsquo;a\u00efkido. Mais qu&rsquo;est ce que l&rsquo;a\u00efkido ? L&rsquo;a\u00efkido (\u5408\u6c17\u9053, aikido) est un art martial japonais (budo), fond\u00e9 par Morihei Ueshiba O sensei entre 1925 et 1969. L&rsquo;a\u00efkido a \u00e9t\u00e9 officiellement reconnu par le gouvernement japonais en 1940 sous le nom d\u2019aikibudo et sous &hellip;","og_url":"https:\/\/aikivudao.com\/?page_id=239","og_site_name":"AIKI VU DAO","article_modified_time":"2019-10-06T08:44:00+00:00","og_image":[{"url":"http:\/\/aikivudao.com\/wp-content\/uploads\/2015\/05\/aikibudo_ueshiba.jpg"}],"twitter_card":"summary_large_image","schema":{"@context":"https:\/\/schema.org","@graph":[{"@type":"WebPage","@id":"https:\/\/aikivudao.com\/?page_id=239","url":"https:\/\/aikivudao.com\/?page_id=239","name":"A\u00efkido - AIKI VU DAO","isPartOf":{"@id":"https:\/\/aikivudao.com\/#website"},"datePublished":"2015-05-01T21:40:50+00:00","dateModified":"2019-10-06T08:44:00+00:00","breadcrumb":{"@id":"https:\/\/aikivudao.com\/?page_id=239#breadcrumb"},"inLanguage":"fr-FR","potentialAction":[{"@type":"ReadAction","target":["https:\/\/aikivudao.com\/?page_id=239"]}]},{"@type":"BreadcrumbList","@id":"https:\/\/aikivudao.com\/?page_id=239#breadcrumb","itemListElement":[{"@type":"ListItem","position":1,"name":"Accueil","item":"https:\/\/aikivudao.com\/"},{"@type":"ListItem","position":2,"name":"Pr\u00e9sentation Aikivudao (Aikibudoviet)","item":"https:\/\/aikivudao.com\/?page_id=90"},{"@type":"ListItem","position":3,"name":"A\u00efkido"}]},{"@type":"WebSite","@id":"https:\/\/aikivudao.com\/#website","url":"https:\/\/aikivudao.com\/","name":"AIKI VU DAO","description":"Ecole d&#039;A\u00efkido - art martial japonais, aikibudoviet","potentialAction":[{"@type":"SearchAction","target":{"@type":"EntryPoint","urlTemplate":"https:\/\/aikivudao.com\/?s={search_term_string}"},"query-input":"required name=search_term_string"}],"inLanguage":"fr-FR"}]}},"_links":{"self":[{"href":"https:\/\/aikivudao.com\/index.php?rest_route=\/wp\/v2\/pages\/239"}],"collection":[{"href":"https:\/\/aikivudao.com\/index.php?rest_route=\/wp\/v2\/pages"}],"about":[{"href":"https:\/\/aikivudao.com\/index.php?rest_route=\/wp\/v2\/types\/page"}],"author":[{"embeddable":true,"href":"https:\/\/aikivudao.com\/index.php?rest_route=\/wp\/v2\/users\/1"}],"replies":[{"embeddable":true,"href":"https:\/\/aikivudao.com\/index.php?rest_route=%2Fwp%2Fv2%2Fcomments&post=239"}],"version-history":[{"count":10,"href":"https:\/\/aikivudao.com\/index.php?rest_route=\/wp\/v2\/pages\/239\/revisions"}],"predecessor-version":[{"id":1783,"href":"https:\/\/aikivudao.com\/index.php?rest_route=\/wp\/v2\/pages\/239\/revisions\/1783"}],"up":[{"embeddable":true,"href":"https:\/\/aikivudao.com\/index.php?rest_route=\/wp\/v2\/pages\/90"}],"wp:attachment":[{"href":"https:\/\/aikivudao.com\/index.php?rest_route=%2Fwp%2Fv2%2Fmedia&parent=239"}],"curies":[{"name":"wp","href":"https:\/\/api.w.org\/{rel}","templated":true}]}}