{"id":20,"date":"2015-03-02T08:37:37","date_gmt":"2015-03-02T08:37:37","guid":{"rendered":"http:\/\/aikivudao.com\/?page_id=20"},"modified":"2020-04-18T10:47:51","modified_gmt":"2020-04-18T08:47:51","slug":"federation","status":"publish","type":"page","link":"https:\/\/aikivudao.com\/?page_id=20","title":{"rendered":"AKVDF"},"content":{"rendered":"<h3><strong>Aikivudao France (FAKVDF)<\/strong><\/h3>\n<p><strong>Pr\u00e9sentation :<\/strong><\/p>\n<p>L&rsquo;Aikivudao France est une association qui regroupe les clubs d&rsquo;Aikivudao qui r\u00e9pondent \u00e0 la m\u00e9thode d&rsquo;enseignement d\u2019a\u00efkido fond\u00e9e par Jean-Pierre ROUVIERE.<br \/>\nL&rsquo;AIKIVUDAO affiche son ind\u00e9pendance de pratique mais s&rsquo;int\u00e8gre \u00e9galement dans de structures nationales ou internationales afin de proposer des \u00e9changes techniques entre pratiquants.<\/p>\n<p>L&rsquo;AIKIVUDAO vous propose des stages, examens de passages de grades et brevet pour enseigner l&rsquo;a\u00efkivudao, ainsi qu&rsquo;une couverture assurance de base (assurance MAIF).<\/p>\n<p>L&rsquo;adh\u00e9sion aupr\u00e8s de l&rsquo;association est obligatoire pour participer aux cours.<\/p>\n<p><strong>contact :<\/strong><\/p>\n<p>federation.akvd.fr@aikivudao.com<\/p>\n<p><strong>Licence :<\/strong><\/p>\n<p><span style=\"color: #3366ff;\">Co\u00fbt de l&rsquo;adh\u00e9sion pour la saison 2019-2020 : <strong>14\u20ac.<br \/>\n<\/strong><em>A compl\u00e9ter avec une licence aupr\u00e8s d&rsquo;une f\u00e9d\u00e9ration nationale agr\u00e9e. Au choix du club.<\/em><\/span><\/p>\n<p><span style=\"color: #3366ff;\"><strong><br \/>\nA ce jour deux f\u00e9d\u00e9rations possibles :<\/strong><\/span><\/p>\n<ul>\n<li><span style=\"color: #3366ff;\"><strong>WFVV <\/strong>(World Federation of Vietnam Vocotruyen), f\u00e9d\u00e9ration mondiale. Licence 2019-2020 =<strong> 36\u20ac<\/strong><\/span><\/li>\n<li><span style=\"color: #3366ff;\"><span style=\"color: #3366ff;\"><strong>FFST <\/strong>(F\u00e9d\u00e9ration fran\u00e7aise de sport travailliste), reconnue et agr\u00e9e jeunesse et sports. Licence adulte 2019-2020 = 23\u20ac, licence enfant&lt;12 ans = 19\u20ac.<\/span><\/span><br \/>\n<hr \/>\n<p><span style=\"color: #3366ff;\"><strong>\u00a0<\/strong><\/span><\/li>\n<\/ul>\n<p>LA LICENCE FEDERALE EST VOTRE 1\u00e8re GARANTIE !<\/p>\n<p><em>Garantie pour vous et vos enfants pratiquants, la licence f\u00e9d\u00e9rale vous ouvre la participation \u00e0 toutes les activit\u00e9s organis\u00e9es par la f\u00e9d\u00e9ration (stages, d\u00e9monstrations, examens f\u00e9d\u00e9raux, &#8230;) et vous prot\u00e8ge en cas d&rsquo;accident. (assurances responsabilit\u00e9 civile, dommages mat\u00e9riels et corporels).<\/em><br \/>\n<em> Cette garantie ne prend effet qu&rsquo;\u00e0 partir du jour de r\u00e9ception d&rsquo;une licence f\u00e9d\u00e9rale d\u00fbment valid\u00e9e.<\/em><br \/>\n<em> En outre, trois licences cons\u00e9cutives sont exig\u00e9es pour l&rsquo;examen du DAF et de la ceinture noire.<\/em><br \/>\n<em> A d\u00e9faut de pr\u00e9sentation de la licence f\u00e9d\u00e9rale, le pratiquant ne peut participer \u00e0 aucune activit\u00e9 f\u00e9d\u00e9rale, y compris les cours dispens\u00e9s au club, et risque d&rsquo;engager sa seule responsabilit\u00e9 personnelle et individuelle (responsabilit\u00e9 civile, dommages caus\u00e9s aux tiers, &#8230;). Enfin, si vous n&rsquo;avez pas re\u00e7u votre licence dans un d\u00e9lai maximum de 20 jours apr\u00e8s avoir remis votre demande \u00e0 votre club, n&rsquo;h\u00e9sitez pas \u00e0 en faire part \u00e0 votre responsable de club qui fera alors le n\u00e9cessaire aux fins de r\u00e9gularisation.<\/em><\/p>\n<h3><strong>Historique :<\/strong><\/h3>\n<p><em>Le style d\u2019a\u00efkido que nous pratiquons se diff\u00e9rencie des styles d\u2019a\u00efkido repr\u00e9sent\u00e9s \u00e0 l&rsquo;heure actuelle en France. Il s\u2019est construit parall\u00e8lement aux \u00e9coles officielles (<strong>FFAAA<\/strong> et\u00a0<strong>FFAB<\/strong>). Il existe d\u2019autres \u00e9coles, styles ou f\u00e9d\u00e9rations qui se sont d\u00e9velopp\u00e9es pour diffuser une vision de l\u2019a\u00efkido qui ne correspond pas aux deux f\u00e9d\u00e9rations pr\u00e9c\u00e9dentes. Parmi ces \u00abcourants\u00bb, on retrouve notre \u00e9cole, aujourd\u2019hui appel\u00e9e AIKI VU DAO. L\u2019histoire de la f\u00e9d\u00e9ration est pass\u00e9e par plusieurs \u00e9tapes :<\/em><\/p>\n<ul>\n<li>1976 : Rattachement \u00e0 la F\u00e9d\u00e9ration fran\u00e7aise de Kisensei (dirig\u00e9e par Jacques Benhaim \u00e9l\u00e8ve du maitre Nakazono)<\/li>\n<li>Rattachement \u00e0 la FFAMDA dirig\u00e9e par le ma\u00eetre de Viet Vu Dao Fran\u00e7ois Nguyen HUU DUC<\/li>\n<li>rattachement \u00e0 une f\u00e9d\u00e9ration internationale, la FIAMV (f\u00e9d\u00e9ration internationale d\u2019arts martiaux vietnamiens), bas\u00e9e au Vietnam et repr\u00e9sent\u00e9e en France par le grand Maitre de Viet Vu Dao Maurice Nguyen CONG TOT.<\/li>\n<li>Cr\u00e9ation de l&rsquo;association <strong>Aiki Vu Dao France<\/strong> en 2015 (FAKVDF)<\/li>\n<li>Afin de pouvoir d\u00e9velopper notre propre vision de cet art martial, nous avons \u00e9galement d\u00e9pos\u00e9 en 2015 le terme AIKI VU DAO aupr\u00e8s de l&rsquo;INPI.\u00ab\u00a0A\u00efki <span class=\"il\">Vu<\/span> <span class=\"il\">Dao\u00a0\u00bb<\/span> est la combinaison du terme japonais A\u00efki, traduit par \u00ab\u00a0l\u2019union des \u00e9nergies\u00a0\u00bb,\u00a0 et des termes vietnamiens <span class=\"il\">Vu<\/span> <span class=\"il\">Dao<\/span>, traduits par \u00ab\u00a0le mouvement\u00a0\u00bb et \u00ab\u00a0la voie\u00a0\u00bb. Une union de deux cultures, l\u2019une japonaise pour l\u2019a\u00efkido qui est la base de notre discipline, l\u2019autre vietnamienne pour ce qui nous lie \u00e0 la vision vietnamienne des arts martiaux : un respect de l\u2019autre, un respect des anciens, une ouverture d\u2019esprit et un partage de la connaissance. Au Vietnam, chaque \u00e9cole a droit d\u2019existence, qu\u2019elle soit internationale ou ne comporte que quelques \u00e9l\u00e8ves dans un village.<\/li>\n<li>Depuis le mois d&rsquo;aout 2015, la WORLD FEDERATION OF VO CO TRUYEN a pris naissance au Vietnam. Cet \u00e9v\u00e8nement exceptionnel donne une reconnaissance internationale aux arts martiaux vietnamiens et ouvre l&rsquo;aikivudao vers de nouveaux horizons.<\/li>\n<li>D\u00e8s 2018, l&rsquo;association AKVDF a choisi de compl\u00e9ter l&rsquo;adh\u00e9sion \u00e0 l&rsquo;\u00e9cole a\u00efkivudao par une licence aupr\u00e8s d&rsquo;une f\u00e9d\u00e9ration agr\u00e9e. L&rsquo;objectif est de d\u00e9velopper la reconnaissance de la discipline et de l&rsquo;accompagner dans ses d\u00e9marches administratives. L&rsquo;association encourage ses clubs \u00e0 s&rsquo;affilier \u00e0 la FFST (F\u00e9d\u00e9ration fran\u00e7aise de sport travailliste), dont les valeurs sportives semblent en accord avec notre pratique. Chaque pratiquant doit adh\u00e9rer aux r\u00e8gles de l&rsquo;a\u00efkivudao et s&rsquo;affilier \u00e0 l&rsquo;A\u00eekivudao France, mais chaque club peut d\u00e9cider de sa reconnaissance compl\u00e9mentaire dans une f\u00e9d\u00e9ration ext\u00e9rieure.<\/li>\n<\/ul>\n","protected":false},"excerpt":{"rendered":"<p>Aikivudao France (FAKVDF) Pr\u00e9sentation : L&rsquo;Aikivudao France est une association qui regroupe les clubs d&rsquo;Aikivudao qui r\u00e9pondent \u00e0 la m\u00e9thode d&rsquo;enseignement d\u2019a\u00efkido fond\u00e9e par Jean-Pierre ROUVIERE. L&rsquo;AIKIVUDAO affiche son ind\u00e9pendance de pratique mais s&rsquo;int\u00e8gre \u00e9galement dans de structures nationales ou internationales afin de proposer des \u00e9changes techniques entre pratiquants. L&rsquo;AIKIVUDAO &hellip;<\/p>\n","protected":false},"author":1,"featured_media":0,"parent":0,"menu_order":1,"comment_status":"open","ping_status":"open","template":"","meta":[],"yoast_head":"<!-- This site is optimized with the Yoast SEO plugin v21.1 - https:\/\/yoast.com\/wordpress\/plugins\/seo\/ -->\n<title>AKVDF - AIKI VU DAO<\/title>\n<meta name=\"robots\" content=\"index, follow, max-snippet:-1, max-image-preview:large, max-video-preview:-1\" \/>\n<link rel=\"canonical\" href=\"https:\/\/aikivudao.com\/?page_id=20\" \/>\n<meta property=\"og:locale\" content=\"fr_FR\" \/>\n<meta property=\"og:type\" content=\"article\" \/>\n<meta property=\"og:title\" content=\"AKVDF - AIKI VU DAO\" \/>\n<meta property=\"og:description\" content=\"Aikivudao France (FAKVDF) Pr\u00e9sentation : L&rsquo;Aikivudao France est une association qui regroupe les clubs d&rsquo;Aikivudao qui r\u00e9pondent \u00e0 la m\u00e9thode d&rsquo;enseignement d\u2019a\u00efkido fond\u00e9e par Jean-Pierre ROUVIERE. L&rsquo;AIKIVUDAO affiche son ind\u00e9pendance de pratique mais s&rsquo;int\u00e8gre \u00e9galement dans de structures nationales ou internationales afin de proposer des \u00e9changes techniques entre pratiquants. L&rsquo;AIKIVUDAO &hellip;\" \/>\n<meta property=\"og:url\" content=\"https:\/\/aikivudao.com\/?page_id=20\" \/>\n<meta property=\"og:site_name\" content=\"AIKI VU DAO\" \/>\n<meta property=\"article:modified_time\" content=\"2020-04-18T08:47:51+00:00\" \/>\n<meta name=\"twitter:card\" content=\"summary_large_image\" \/>\n<script type=\"application\/ld+json\" class=\"yoast-schema-graph\">{\"@context\":\"https:\/\/schema.org\",\"@graph\":[{\"@type\":\"WebPage\",\"@id\":\"https:\/\/aikivudao.com\/?page_id=20\",\"url\":\"https:\/\/aikivudao.com\/?page_id=20\",\"name\":\"AKVDF - AIKI VU DAO\",\"isPartOf\":{\"@id\":\"https:\/\/aikivudao.com\/#website\"},\"datePublished\":\"2015-03-02T08:37:37+00:00\",\"dateModified\":\"2020-04-18T08:47:51+00:00\",\"breadcrumb\":{\"@id\":\"https:\/\/aikivudao.com\/?page_id=20#breadcrumb\"},\"inLanguage\":\"fr-FR\",\"potentialAction\":[{\"@type\":\"ReadAction\",\"target\":[\"https:\/\/aikivudao.com\/?page_id=20\"]}]},{\"@type\":\"BreadcrumbList\",\"@id\":\"https:\/\/aikivudao.com\/?page_id=20#breadcrumb\",\"itemListElement\":[{\"@type\":\"ListItem\",\"position\":1,\"name\":\"Accueil\",\"item\":\"https:\/\/aikivudao.com\/\"},{\"@type\":\"ListItem\",\"position\":2,\"name\":\"AKVDF\"}]},{\"@type\":\"WebSite\",\"@id\":\"https:\/\/aikivudao.com\/#website\",\"url\":\"https:\/\/aikivudao.com\/\",\"name\":\"AIKI VU DAO\",\"description\":\"Ecole d&#039;A\u00efkido - art martial japonais, aikibudoviet\",\"potentialAction\":[{\"@type\":\"SearchAction\",\"target\":{\"@type\":\"EntryPoint\",\"urlTemplate\":\"https:\/\/aikivudao.com\/?s={search_term_string}\"},\"query-input\":\"required name=search_term_string\"}],\"inLanguage\":\"fr-FR\"}]}<\/script>\n<!-- \/ Yoast SEO plugin. -->","yoast_head_json":{"title":"AKVDF - AIKI VU DAO","robots":{"index":"index","follow":"follow","max-snippet":"max-snippet:-1","max-image-preview":"max-image-preview:large","max-video-preview":"max-video-preview:-1"},"canonical":"https:\/\/aikivudao.com\/?page_id=20","og_locale":"fr_FR","og_type":"article","og_title":"AKVDF - AIKI VU DAO","og_description":"Aikivudao France (FAKVDF) Pr\u00e9sentation : L&rsquo;Aikivudao France est une association qui regroupe les clubs d&rsquo;Aikivudao qui r\u00e9pondent \u00e0 la m\u00e9thode d&rsquo;enseignement d\u2019a\u00efkido fond\u00e9e par Jean-Pierre ROUVIERE. L&rsquo;AIKIVUDAO affiche son ind\u00e9pendance de pratique mais s&rsquo;int\u00e8gre \u00e9galement dans de structures nationales ou internationales afin de proposer des \u00e9changes techniques entre pratiquants. L&rsquo;AIKIVUDAO &hellip;","og_url":"https:\/\/aikivudao.com\/?page_id=20","og_site_name":"AIKI VU DAO","article_modified_time":"2020-04-18T08:47:51+00:00","twitter_card":"summary_large_image","schema":{"@context":"https:\/\/schema.org","@graph":[{"@type":"WebPage","@id":"https:\/\/aikivudao.com\/?page_id=20","url":"https:\/\/aikivudao.com\/?page_id=20","name":"AKVDF - AIKI VU DAO","isPartOf":{"@id":"https:\/\/aikivudao.com\/#website"},"datePublished":"2015-03-02T08:37:37+00:00","dateModified":"2020-04-18T08:47:51+00:00","breadcrumb":{"@id":"https:\/\/aikivudao.com\/?page_id=20#breadcrumb"},"inLanguage":"fr-FR","potentialAction":[{"@type":"ReadAction","target":["https:\/\/aikivudao.com\/?page_id=20"]}]},{"@type":"BreadcrumbList","@id":"https:\/\/aikivudao.com\/?page_id=20#breadcrumb","itemListElement":[{"@type":"ListItem","position":1,"name":"Accueil","item":"https:\/\/aikivudao.com\/"},{"@type":"ListItem","position":2,"name":"AKVDF"}]},{"@type":"WebSite","@id":"https:\/\/aikivudao.com\/#website","url":"https:\/\/aikivudao.com\/","name":"AIKI VU DAO","description":"Ecole d&#039;A\u00efkido - art martial japonais, aikibudoviet","potentialAction":[{"@type":"SearchAction","target":{"@type":"EntryPoint","urlTemplate":"https:\/\/aikivudao.com\/?s={search_term_string}"},"query-input":"required name=search_term_string"}],"inLanguage":"fr-FR"}]}},"_links":{"self":[{"href":"https:\/\/aikivudao.com\/index.php?rest_route=\/wp\/v2\/pages\/20"}],"collection":[{"href":"https:\/\/aikivudao.com\/index.php?rest_route=\/wp\/v2\/pages"}],"about":[{"href":"https:\/\/aikivudao.com\/index.php?rest_route=\/wp\/v2\/types\/page"}],"author":[{"embeddable":true,"href":"https:\/\/aikivudao.com\/index.php?rest_route=\/wp\/v2\/users\/1"}],"replies":[{"embeddable":true,"href":"https:\/\/aikivudao.com\/index.php?rest_route=%2Fwp%2Fv2%2Fcomments&post=20"}],"version-history":[{"count":36,"href":"https:\/\/aikivudao.com\/index.php?rest_route=\/wp\/v2\/pages\/20\/revisions"}],"predecessor-version":[{"id":2033,"href":"https:\/\/aikivudao.com\/index.php?rest_route=\/wp\/v2\/pages\/20\/revisions\/2033"}],"wp:attachment":[{"href":"https:\/\/aikivudao.com\/index.php?rest_route=%2Fwp%2Fv2%2Fmedia&parent=20"}],"curies":[{"name":"wp","href":"https:\/\/api.w.org\/{rel}","templated":true}]}}