{"id":1425,"date":"2018-10-28T10:00:22","date_gmt":"2018-10-28T09:00:22","guid":{"rendered":"http:\/\/aikivudao.com\/?page_id=1425"},"modified":"2026-04-15T09:57:27","modified_gmt":"2026-04-15T07:57:27","slug":"f-f-s-t","status":"publish","type":"page","link":"https:\/\/aikivudao.com\/?page_id=1425","title":{"rendered":"F.F.S.T."},"content":{"rendered":"<p>\u00a0<\/p>\n<p><a href=\"https:\/\/aikivudao.com\/wp-content\/uploads\/2018\/08\/logo_ffst.jpg\"><img decoding=\"async\" loading=\"lazy\" class=\"alignleft wp-image-1310 size-medium\" src=\"https:\/\/aikivudao.com\/wp-content\/uploads\/2018\/08\/logo_ffst-300x148.jpg\" alt=\"\" width=\"300\" height=\"148\" srcset=\"https:\/\/aikivudao.com\/wp-content\/uploads\/2018\/08\/logo_ffst-300x148.jpg 300w, https:\/\/aikivudao.com\/wp-content\/uploads\/2018\/08\/logo_ffst-407x200.jpg 407w, https:\/\/aikivudao.com\/wp-content\/uploads\/2018\/08\/logo_ffst.jpg 616w\" sizes=\"(max-width: 300px) 100vw, 300px\" \/><\/a><\/p>\n<h6>La F\u00e9d\u00e9ration Fran\u00e7aise du Sport Travailliste<\/h6>\n<p>La FFST est une f\u00e9d\u00e9ration affinitaire multisports :<\/p>\n<div>\u00a0 * Agr\u00e9\u00e9e par le Minist\u00e8re de la Jeunesse et des Sports (N\u00b0 d&rsquo;agr\u00e9ment : 13056 du 15 juin 1953)<\/div>\n<div>\u00a0 * Reconnue par le Comit\u00e9 National Olympique et Sportif Fran\u00e7ais (CNOSF)<\/div>\n<div>\u00a0 * Membre de la Conf\u00e9d\u00e9ration Sportive Internationale du Travail (CSIT)<\/div>\n<div>\u00a0<\/div>\n<div><a href=\"https:\/\/www.ffst-multisports.com\/\">http:\/\/www.ffst-multisports.com\/<\/a><\/div>\n<div>\u00a0<\/div>\n<div><a href=\"https:\/\/aikivudao.com\/wp-content\/uploads\/2016\/01\/logo_aikivudao_base2015.jpg\"><img decoding=\"async\" loading=\"lazy\" class=\"alignleft size-thumbnail wp-image-732\" src=\"https:\/\/aikivudao.com\/wp-content\/uploads\/2016\/01\/logo_aikivudao_base2015-150x150.jpg\" alt=\"\" width=\"150\" height=\"150\" \/><\/a><\/div>\n<div>\u00a0<\/div>\n<div>\u00a0<\/div>\n<div>\u00a0<\/div>\n<div>\u00a0<\/div>\n<div>\u00a0<\/div>\n<div>\n<h6>L&rsquo;A\u00efkivudao \u00e0 la FFST<\/h6>\n<p>Pourquoi l&rsquo;a\u00efkivudao n&rsquo;est-il pas int\u00e9gr\u00e9 dans l&rsquo;une des f\u00e9d\u00e9rations fran\u00e7aises d&rsquo;a\u00efkido ? (FFAAA ou FFAB pour les plus importantes) ? Il faut savoir que l&rsquo;a\u00efkido en France n&rsquo;est pas tr\u00e8s uni, et cela date de plusieurs dizaines d&rsquo;ann\u00e9es. Chaque style propose une version un peu diff\u00e9rente et a permis de cr\u00e9er une multitude de f\u00e9d\u00e9rations (FFAA, FFAB, Kishinka\u00ef, IFA, Yoshinkan, &#8230;).<\/p>\n<p>De la m\u00eame mani\u00e8re notre \u00e9cole souhaite d\u00e9velopper sa vision d&rsquo;un art martial proche de l&rsquo;a\u00efkido martial mais partag\u00e9 entre tradition et vision contemporaine et ceci en toute ind\u00e9pendance, tout en donnant \u00e0 ses \u00e9l\u00e8ves la possibilit\u00e9 de faire reconnaitre leur parcours et de d\u00e9velopper des \u00e9changes, stages avec d&rsquo;autres clubs et d&rsquo;autres disciplines martiales. Ce fut une longue r\u00e9flexion qui nous a pouss\u00e9 \u00e0 choisir la FFST.<\/p>\n<p>Le rapprochement avec la F\u00e9d\u00e9ration Fran\u00e7aise de Sport Travailliste, FFST, f\u00e9d\u00e9ration tr\u00e8s orient\u00e9e sur les arts martiaux, permet de d\u00e9livrer des dipl\u00f4mes reconnus jeunesse et sports.<br \/>Parall\u00e8lement, ce rapprochement permet \u00e0 l&rsquo;\u00e9cole de s&rsquo;organiser, de proposer des mises \u00e0 jour r\u00e9guli\u00e8re des programmes techniques, de proposer un accompagnement des enseignants, une assurance, une licence abordable, tout en conservant une ind\u00e9pendance dans la pratique.<\/p>\n<p>Depuis 2023, plusieurs pratiquants se sont vu d\u00e9livrer un Dipl\u00f4me d\u2019Instructeur F\u00e9d\u00e9ral (DIF) ainsi que des grades sup\u00e9rieurs appel\u00e9s NIVEAUX.\u00a0Ces niveaux correspondent aux DAN des autres arts martiaux.<\/p>\n<div>Les responsables de clubs a\u00efkivudao sont encourag\u00e9s \u00e0 affilier leurs club \u00e0 la FFST parall\u00e8lement \u00e0 leur engagement aux programmes techniques et de passage de grade de l&rsquo;a\u00efkivudao.<\/div>\n<div>\u00a0<\/div>\n<\/div>\n\n\n<p><a href=\"https:\/\/www.ffst-multisports.com\/laikivudao\/\" target=\"_blank\" rel=\"noreferrer noopener\">Page aikivudao sur le site de la F.F.S.T.<\/a><\/p>\n\n\n\n<h2> R\u00e8gles de s\u00e9curit\u00e9 et \u00e9quipement d&rsquo;une salle, dojo <\/h2>\n\n\n\n<div class=\"wp-block-file\"><a id=\"wp-block-file--media-b97fd7be-b077-4d6d-a913-7d846bf8cfd7\" href=\"https:\/\/aikivudao.com\/wp-content\/uploads\/2019\/03\/7110-courriers-clubs-r\u00e8gles-de-s\u00e9curit\u00e9-et-daffichage.pdf\">7110 courriers clubs &#8211; r\u00e8gles de s\u00e9curit\u00e9 et d&rsquo;affichage<\/a><a href=\"https:\/\/aikivudao.com\/wp-content\/uploads\/2019\/03\/7110-courriers-clubs-r\u00e8gles-de-s\u00e9curit\u00e9-et-daffichage.pdf\" class=\"wp-block-file__button wp-element-button\" download aria-describedby=\"wp-block-file--media-b97fd7be-b077-4d6d-a913-7d846bf8cfd7\">T\u00e9l\u00e9charger<\/a><\/div>\n","protected":false},"excerpt":{"rendered":"<p>\u00a0 La F\u00e9d\u00e9ration Fran\u00e7aise du Sport Travailliste La FFST est une f\u00e9d\u00e9ration affinitaire multisports : \u00a0 * Agr\u00e9\u00e9e par le Minist\u00e8re de la Jeunesse et des Sports (N\u00b0 d&rsquo;agr\u00e9ment : 13056 du 15 juin 1953) \u00a0 * Reconnue par le Comit\u00e9 National Olympique et Sportif Fran\u00e7ais (CNOSF) \u00a0 * Membre &hellip;<\/p>\n","protected":false},"author":1,"featured_media":0,"parent":0,"menu_order":0,"comment_status":"closed","ping_status":"closed","template":"","meta":[],"yoast_head":"<!-- This site is optimized with the Yoast SEO plugin v21.1 - https:\/\/yoast.com\/wordpress\/plugins\/seo\/ -->\n<title>F.F.S.T. - AIKI VU DAO<\/title>\n<meta name=\"description\" content=\"L&#039;a\u00efkivudao est regroup\u00e9 autour de la F\u00e9d\u00e9ration Fran\u00e7aise de Sport Travailliste FFST qui lui permet de d\u00e9livrer des dipl\u00f4mes d&#039;enseignement et des grades reconnus, une assurance pour les clubs et un vrai encadrement et accompagnement dans son d\u00e9veloppement administratif. Tout en conservant l&#039;ind\u00e9pendance de sa pratique martiale.\" \/>\n<meta name=\"robots\" content=\"index, follow, max-snippet:-1, max-image-preview:large, max-video-preview:-1\" \/>\n<link rel=\"canonical\" href=\"https:\/\/aikivudao.com\/?page_id=1425\" \/>\n<meta property=\"og:locale\" content=\"fr_FR\" \/>\n<meta property=\"og:type\" content=\"article\" \/>\n<meta property=\"og:title\" content=\"F.F.S.T. - AIKI VU DAO\" \/>\n<meta property=\"og:description\" content=\"L&#039;a\u00efkivudao est regroup\u00e9 autour de la F\u00e9d\u00e9ration Fran\u00e7aise de Sport Travailliste FFST qui lui permet de d\u00e9livrer des dipl\u00f4mes d&#039;enseignement et des grades reconnus, une assurance pour les clubs et un vrai encadrement et accompagnement dans son d\u00e9veloppement administratif. Tout en conservant l&#039;ind\u00e9pendance de sa pratique martiale.\" \/>\n<meta property=\"og:url\" content=\"https:\/\/aikivudao.com\/?page_id=1425\" \/>\n<meta property=\"og:site_name\" content=\"AIKI VU DAO\" \/>\n<meta property=\"article:modified_time\" content=\"2026-04-15T07:57:27+00:00\" \/>\n<meta property=\"og:image\" content=\"http:\/\/aikivudao.com\/wp-content\/uploads\/2018\/08\/logo_ffst-300x148.jpg\" \/>\n<meta name=\"twitter:card\" content=\"summary_large_image\" \/>\n<script type=\"application\/ld+json\" class=\"yoast-schema-graph\">{\"@context\":\"https:\/\/schema.org\",\"@graph\":[{\"@type\":\"WebPage\",\"@id\":\"https:\/\/aikivudao.com\/?page_id=1425\",\"url\":\"https:\/\/aikivudao.com\/?page_id=1425\",\"name\":\"F.F.S.T. - AIKI VU DAO\",\"isPartOf\":{\"@id\":\"https:\/\/aikivudao.com\/#website\"},\"datePublished\":\"2018-10-28T09:00:22+00:00\",\"dateModified\":\"2026-04-15T07:57:27+00:00\",\"description\":\"L'a\u00efkivudao est regroup\u00e9 autour de la F\u00e9d\u00e9ration Fran\u00e7aise de Sport Travailliste FFST qui lui permet de d\u00e9livrer des dipl\u00f4mes d'enseignement et des grades reconnus, une assurance pour les clubs et un vrai encadrement et accompagnement dans son d\u00e9veloppement administratif. Tout en conservant l'ind\u00e9pendance de sa pratique martiale.\",\"breadcrumb\":{\"@id\":\"https:\/\/aikivudao.com\/?page_id=1425#breadcrumb\"},\"inLanguage\":\"fr-FR\",\"potentialAction\":[{\"@type\":\"ReadAction\",\"target\":[\"https:\/\/aikivudao.com\/?page_id=1425\"]}]},{\"@type\":\"BreadcrumbList\",\"@id\":\"https:\/\/aikivudao.com\/?page_id=1425#breadcrumb\",\"itemListElement\":[{\"@type\":\"ListItem\",\"position\":1,\"name\":\"Accueil\",\"item\":\"https:\/\/aikivudao.com\/\"},{\"@type\":\"ListItem\",\"position\":2,\"name\":\"F.F.S.T.\"}]},{\"@type\":\"WebSite\",\"@id\":\"https:\/\/aikivudao.com\/#website\",\"url\":\"https:\/\/aikivudao.com\/\",\"name\":\"AIKI VU DAO\",\"description\":\"Ecole d&#039;A\u00efkido - art martial japonais, aikibudoviet\",\"potentialAction\":[{\"@type\":\"SearchAction\",\"target\":{\"@type\":\"EntryPoint\",\"urlTemplate\":\"https:\/\/aikivudao.com\/?s={search_term_string}\"},\"query-input\":\"required name=search_term_string\"}],\"inLanguage\":\"fr-FR\"}]}<\/script>\n<!-- \/ Yoast SEO plugin. -->","yoast_head_json":{"title":"F.F.S.T. - AIKI VU DAO","description":"L'a\u00efkivudao est regroup\u00e9 autour de la F\u00e9d\u00e9ration Fran\u00e7aise de Sport Travailliste FFST qui lui permet de d\u00e9livrer des dipl\u00f4mes d'enseignement et des grades reconnus, une assurance pour les clubs et un vrai encadrement et accompagnement dans son d\u00e9veloppement administratif. Tout en conservant l'ind\u00e9pendance de sa pratique martiale.","robots":{"index":"index","follow":"follow","max-snippet":"max-snippet:-1","max-image-preview":"max-image-preview:large","max-video-preview":"max-video-preview:-1"},"canonical":"https:\/\/aikivudao.com\/?page_id=1425","og_locale":"fr_FR","og_type":"article","og_title":"F.F.S.T. - AIKI VU DAO","og_description":"L'a\u00efkivudao est regroup\u00e9 autour de la F\u00e9d\u00e9ration Fran\u00e7aise de Sport Travailliste FFST qui lui permet de d\u00e9livrer des dipl\u00f4mes d'enseignement et des grades reconnus, une assurance pour les clubs et un vrai encadrement et accompagnement dans son d\u00e9veloppement administratif. Tout en conservant l'ind\u00e9pendance de sa pratique martiale.","og_url":"https:\/\/aikivudao.com\/?page_id=1425","og_site_name":"AIKI VU DAO","article_modified_time":"2026-04-15T07:57:27+00:00","og_image":[{"url":"http:\/\/aikivudao.com\/wp-content\/uploads\/2018\/08\/logo_ffst-300x148.jpg"}],"twitter_card":"summary_large_image","schema":{"@context":"https:\/\/schema.org","@graph":[{"@type":"WebPage","@id":"https:\/\/aikivudao.com\/?page_id=1425","url":"https:\/\/aikivudao.com\/?page_id=1425","name":"F.F.S.T. - AIKI VU DAO","isPartOf":{"@id":"https:\/\/aikivudao.com\/#website"},"datePublished":"2018-10-28T09:00:22+00:00","dateModified":"2026-04-15T07:57:27+00:00","description":"L'a\u00efkivudao est regroup\u00e9 autour de la F\u00e9d\u00e9ration Fran\u00e7aise de Sport Travailliste FFST qui lui permet de d\u00e9livrer des dipl\u00f4mes d'enseignement et des grades reconnus, une assurance pour les clubs et un vrai encadrement et accompagnement dans son d\u00e9veloppement administratif. Tout en conservant l'ind\u00e9pendance de sa pratique martiale.","breadcrumb":{"@id":"https:\/\/aikivudao.com\/?page_id=1425#breadcrumb"},"inLanguage":"fr-FR","potentialAction":[{"@type":"ReadAction","target":["https:\/\/aikivudao.com\/?page_id=1425"]}]},{"@type":"BreadcrumbList","@id":"https:\/\/aikivudao.com\/?page_id=1425#breadcrumb","itemListElement":[{"@type":"ListItem","position":1,"name":"Accueil","item":"https:\/\/aikivudao.com\/"},{"@type":"ListItem","position":2,"name":"F.F.S.T."}]},{"@type":"WebSite","@id":"https:\/\/aikivudao.com\/#website","url":"https:\/\/aikivudao.com\/","name":"AIKI VU DAO","description":"Ecole d&#039;A\u00efkido - art martial japonais, aikibudoviet","potentialAction":[{"@type":"SearchAction","target":{"@type":"EntryPoint","urlTemplate":"https:\/\/aikivudao.com\/?s={search_term_string}"},"query-input":"required name=search_term_string"}],"inLanguage":"fr-FR"}]}},"_links":{"self":[{"href":"https:\/\/aikivudao.com\/index.php?rest_route=\/wp\/v2\/pages\/1425"}],"collection":[{"href":"https:\/\/aikivudao.com\/index.php?rest_route=\/wp\/v2\/pages"}],"about":[{"href":"https:\/\/aikivudao.com\/index.php?rest_route=\/wp\/v2\/types\/page"}],"author":[{"embeddable":true,"href":"https:\/\/aikivudao.com\/index.php?rest_route=\/wp\/v2\/users\/1"}],"replies":[{"embeddable":true,"href":"https:\/\/aikivudao.com\/index.php?rest_route=%2Fwp%2Fv2%2Fcomments&post=1425"}],"version-history":[{"count":11,"href":"https:\/\/aikivudao.com\/index.php?rest_route=\/wp\/v2\/pages\/1425\/revisions"}],"predecessor-version":[{"id":3441,"href":"https:\/\/aikivudao.com\/index.php?rest_route=\/wp\/v2\/pages\/1425\/revisions\/3441"}],"wp:attachment":[{"href":"https:\/\/aikivudao.com\/index.php?rest_route=%2Fwp%2Fv2%2Fmedia&parent=1425"}],"curies":[{"name":"wp","href":"https:\/\/api.w.org\/{rel}","templated":true}]}}