{"id":141,"date":"2015-04-18T08:59:27","date_gmt":"2015-04-18T06:59:27","guid":{"rendered":"http:\/\/aikivudao.com\/?page_id=141"},"modified":"2020-03-25T19:24:15","modified_gmt":"2020-03-25T18:24:15","slug":"videos","status":"publish","type":"page","link":"https:\/\/aikivudao.com\/?page_id=141","title":{"rendered":"VIDEOS"},"content":{"rendered":"\n<p>Les vid\u00e9os pr\u00e9sentes dans ce menu d\u00e9roulant, sont r\u00e9alis\u00e9es avec l&rsquo;accord des participants, et ont pour seul but de pr\u00e9senter notre discipline et d&rsquo;apporter un support technique aux pratiquants. <\/p>\n\n\n\n<p>Elle ne se veulent pas des v\u00e9rit\u00e9s absolues, car en a\u00efkivudao nous tenons compte des particularit\u00e9s de chacun. Une technique ne va pas forc\u00e9ment passer sur tous les UKE, sauf si ceux-ci sont complaisants. Certains sont \u00e9lanc\u00e9s, rapides, trapus ou lourd. Certains peuvent \u00eatre tr\u00e8s muscl\u00e9s ou aguerris aux arts martiaux de saisies (ju-jitsu, judo), de frappes (karat\u00e9, boxes).<br>Il serait donc pr\u00e9tentieux de proposer des techniques dites \u00ab\u00a0imparables\u00a0\u00bb&#8230;<br><\/p>\n\n\n\n<p><em>Bien entendu une vid\u00e9o ne peut remplacer un cours en salle.<\/em><\/p>\n","protected":false},"excerpt":{"rendered":"<p>Les vid\u00e9os pr\u00e9sentes dans ce menu d\u00e9roulant, sont r\u00e9alis\u00e9es avec l&rsquo;accord des participants, et ont pour seul but de pr\u00e9senter notre discipline et d&rsquo;apporter un support technique aux pratiquants. Elle ne se veulent pas des v\u00e9rit\u00e9s absolues, car en a\u00efkivudao nous tenons compte des particularit\u00e9s de chacun. Une technique ne &hellip;<\/p>\n","protected":false},"author":1,"featured_media":0,"parent":29,"menu_order":0,"comment_status":"closed","ping_status":"closed","template":"","meta":[],"yoast_head":"<!-- This site is optimized with the Yoast SEO plugin v21.1 - https:\/\/yoast.com\/wordpress\/plugins\/seo\/ -->\n<title>VIDEOS - AIKI VU DAO<\/title>\n<meta name=\"robots\" content=\"index, follow, max-snippet:-1, max-image-preview:large, max-video-preview:-1\" \/>\n<link rel=\"canonical\" href=\"https:\/\/aikivudao.com\/?page_id=141\" \/>\n<meta property=\"og:locale\" content=\"fr_FR\" \/>\n<meta property=\"og:type\" content=\"article\" \/>\n<meta property=\"og:title\" content=\"VIDEOS - AIKI VU DAO\" \/>\n<meta property=\"og:description\" content=\"Les vid\u00e9os pr\u00e9sentes dans ce menu d\u00e9roulant, sont r\u00e9alis\u00e9es avec l&rsquo;accord des participants, et ont pour seul but de pr\u00e9senter notre discipline et d&rsquo;apporter un support technique aux pratiquants. Elle ne se veulent pas des v\u00e9rit\u00e9s absolues, car en a\u00efkivudao nous tenons compte des particularit\u00e9s de chacun. Une technique ne &hellip;\" \/>\n<meta property=\"og:url\" content=\"https:\/\/aikivudao.com\/?page_id=141\" \/>\n<meta property=\"og:site_name\" content=\"AIKI VU DAO\" \/>\n<meta property=\"article:modified_time\" content=\"2020-03-25T18:24:15+00:00\" \/>\n<meta name=\"twitter:card\" content=\"summary_large_image\" \/>\n<script type=\"application\/ld+json\" class=\"yoast-schema-graph\">{\"@context\":\"https:\/\/schema.org\",\"@graph\":[{\"@type\":\"WebPage\",\"@id\":\"https:\/\/aikivudao.com\/?page_id=141\",\"url\":\"https:\/\/aikivudao.com\/?page_id=141\",\"name\":\"VIDEOS - AIKI VU DAO\",\"isPartOf\":{\"@id\":\"https:\/\/aikivudao.com\/#website\"},\"datePublished\":\"2015-04-18T06:59:27+00:00\",\"dateModified\":\"2020-03-25T18:24:15+00:00\",\"breadcrumb\":{\"@id\":\"https:\/\/aikivudao.com\/?page_id=141#breadcrumb\"},\"inLanguage\":\"fr-FR\",\"potentialAction\":[{\"@type\":\"ReadAction\",\"target\":[\"https:\/\/aikivudao.com\/?page_id=141\"]}]},{\"@type\":\"BreadcrumbList\",\"@id\":\"https:\/\/aikivudao.com\/?page_id=141#breadcrumb\",\"itemListElement\":[{\"@type\":\"ListItem\",\"position\":1,\"name\":\"Accueil\",\"item\":\"https:\/\/aikivudao.com\/\"},{\"@type\":\"ListItem\",\"position\":2,\"name\":\"Techniques\",\"item\":\"https:\/\/aikivudao.com\/?page_id=29\"},{\"@type\":\"ListItem\",\"position\":3,\"name\":\"VIDEOS\"}]},{\"@type\":\"WebSite\",\"@id\":\"https:\/\/aikivudao.com\/#website\",\"url\":\"https:\/\/aikivudao.com\/\",\"name\":\"AIKI VU DAO\",\"description\":\"Ecole d&#039;A\u00efkido - art martial japonais, aikibudoviet\",\"potentialAction\":[{\"@type\":\"SearchAction\",\"target\":{\"@type\":\"EntryPoint\",\"urlTemplate\":\"https:\/\/aikivudao.com\/?s={search_term_string}\"},\"query-input\":\"required name=search_term_string\"}],\"inLanguage\":\"fr-FR\"}]}<\/script>\n<!-- \/ Yoast SEO plugin. -->","yoast_head_json":{"title":"VIDEOS - AIKI VU DAO","robots":{"index":"index","follow":"follow","max-snippet":"max-snippet:-1","max-image-preview":"max-image-preview:large","max-video-preview":"max-video-preview:-1"},"canonical":"https:\/\/aikivudao.com\/?page_id=141","og_locale":"fr_FR","og_type":"article","og_title":"VIDEOS - AIKI VU DAO","og_description":"Les vid\u00e9os pr\u00e9sentes dans ce menu d\u00e9roulant, sont r\u00e9alis\u00e9es avec l&rsquo;accord des participants, et ont pour seul but de pr\u00e9senter notre discipline et d&rsquo;apporter un support technique aux pratiquants. Elle ne se veulent pas des v\u00e9rit\u00e9s absolues, car en a\u00efkivudao nous tenons compte des particularit\u00e9s de chacun. Une technique ne &hellip;","og_url":"https:\/\/aikivudao.com\/?page_id=141","og_site_name":"AIKI VU DAO","article_modified_time":"2020-03-25T18:24:15+00:00","twitter_card":"summary_large_image","schema":{"@context":"https:\/\/schema.org","@graph":[{"@type":"WebPage","@id":"https:\/\/aikivudao.com\/?page_id=141","url":"https:\/\/aikivudao.com\/?page_id=141","name":"VIDEOS - AIKI VU DAO","isPartOf":{"@id":"https:\/\/aikivudao.com\/#website"},"datePublished":"2015-04-18T06:59:27+00:00","dateModified":"2020-03-25T18:24:15+00:00","breadcrumb":{"@id":"https:\/\/aikivudao.com\/?page_id=141#breadcrumb"},"inLanguage":"fr-FR","potentialAction":[{"@type":"ReadAction","target":["https:\/\/aikivudao.com\/?page_id=141"]}]},{"@type":"BreadcrumbList","@id":"https:\/\/aikivudao.com\/?page_id=141#breadcrumb","itemListElement":[{"@type":"ListItem","position":1,"name":"Accueil","item":"https:\/\/aikivudao.com\/"},{"@type":"ListItem","position":2,"name":"Techniques","item":"https:\/\/aikivudao.com\/?page_id=29"},{"@type":"ListItem","position":3,"name":"VIDEOS"}]},{"@type":"WebSite","@id":"https:\/\/aikivudao.com\/#website","url":"https:\/\/aikivudao.com\/","name":"AIKI VU DAO","description":"Ecole d&#039;A\u00efkido - art martial japonais, aikibudoviet","potentialAction":[{"@type":"SearchAction","target":{"@type":"EntryPoint","urlTemplate":"https:\/\/aikivudao.com\/?s={search_term_string}"},"query-input":"required name=search_term_string"}],"inLanguage":"fr-FR"}]}},"_links":{"self":[{"href":"https:\/\/aikivudao.com\/index.php?rest_route=\/wp\/v2\/pages\/141"}],"collection":[{"href":"https:\/\/aikivudao.com\/index.php?rest_route=\/wp\/v2\/pages"}],"about":[{"href":"https:\/\/aikivudao.com\/index.php?rest_route=\/wp\/v2\/types\/page"}],"author":[{"embeddable":true,"href":"https:\/\/aikivudao.com\/index.php?rest_route=\/wp\/v2\/users\/1"}],"replies":[{"embeddable":true,"href":"https:\/\/aikivudao.com\/index.php?rest_route=%2Fwp%2Fv2%2Fcomments&post=141"}],"version-history":[{"count":17,"href":"https:\/\/aikivudao.com\/index.php?rest_route=\/wp\/v2\/pages\/141\/revisions"}],"predecessor-version":[{"id":1966,"href":"https:\/\/aikivudao.com\/index.php?rest_route=\/wp\/v2\/pages\/141\/revisions\/1966"}],"up":[{"embeddable":true,"href":"https:\/\/aikivudao.com\/index.php?rest_route=\/wp\/v2\/pages\/29"}],"wp:attachment":[{"href":"https:\/\/aikivudao.com\/index.php?rest_route=%2Fwp%2Fv2%2Fmedia&parent=141"}],"curies":[{"name":"wp","href":"https:\/\/api.w.org\/{rel}","templated":true}]}}