{"id":1384,"date":"2018-09-25T22:12:18","date_gmt":"2018-09-25T20:12:18","guid":{"rendered":"http:\/\/aikivudao.com\/?page_id=1384"},"modified":"2018-09-25T22:17:41","modified_gmt":"2018-09-25T20:17:41","slug":"ceinture-noire-3eme-dang","status":"publish","type":"page","link":"https:\/\/aikivudao.com\/?page_id=1384","title":{"rendered":"CEINTURE 3EME DANG"},"content":{"rendered":"<h3>Ceinture Noire 3\u00e8me Dang<\/h3>\n<p>Le passage de 3\u00e8me DANG peut intervenir trois ans apr\u00e8s l&rsquo;attribution du dipl\u00f4me de 2\u00e8me Dang.<br \/>\nL&rsquo;\u00e2ge minimum requis est de 25 ans dans l&rsquo;ann\u00e9e du passage.<\/p>\n<p>t\u00e9l\u00e9chargez la fiche au format PDF<\/p>\n<p><a href=\"https:\/\/aikivudao.com\/wp-content\/uploads\/2018\/09\/Prog_CN3_Aikivudao_2018.pdf\">Prog_CN3_Aikivudao_2018<\/a><\/p>\n","protected":false},"excerpt":{"rendered":"<p>Ceinture Noire 3\u00e8me Dang Le passage de 3\u00e8me DANG peut intervenir trois ans apr\u00e8s l&rsquo;attribution du dipl\u00f4me de 2\u00e8me Dang. L&rsquo;\u00e2ge minimum requis est de 25 ans dans l&rsquo;ann\u00e9e du passage. t\u00e9l\u00e9chargez la fiche au format PDF Prog_CN3_Aikivudao_2018<\/p>\n","protected":false},"author":1,"featured_media":0,"parent":29,"menu_order":0,"comment_status":"closed","ping_status":"closed","template":"","meta":[],"yoast_head":"<!-- This site is optimized with the Yoast SEO plugin v21.1 - https:\/\/yoast.com\/wordpress\/plugins\/seo\/ -->\n<title>CEINTURE 3EME DANG - AIKI VU DAO<\/title>\n<meta name=\"robots\" content=\"index, follow, max-snippet:-1, max-image-preview:large, max-video-preview:-1\" \/>\n<link rel=\"canonical\" href=\"https:\/\/aikivudao.com\/?page_id=1384\" \/>\n<meta property=\"og:locale\" content=\"fr_FR\" \/>\n<meta property=\"og:type\" content=\"article\" \/>\n<meta property=\"og:title\" content=\"CEINTURE 3EME DANG - AIKI VU DAO\" \/>\n<meta property=\"og:description\" content=\"Ceinture Noire 3\u00e8me Dang Le passage de 3\u00e8me DANG peut intervenir trois ans apr\u00e8s l&rsquo;attribution du dipl\u00f4me de 2\u00e8me Dang. L&rsquo;\u00e2ge minimum requis est de 25 ans dans l&rsquo;ann\u00e9e du passage. t\u00e9l\u00e9chargez la fiche au format PDF Prog_CN3_Aikivudao_2018\" \/>\n<meta property=\"og:url\" content=\"https:\/\/aikivudao.com\/?page_id=1384\" \/>\n<meta property=\"og:site_name\" content=\"AIKI VU DAO\" \/>\n<meta property=\"article:modified_time\" content=\"2018-09-25T20:17:41+00:00\" \/>\n<meta name=\"twitter:card\" content=\"summary_large_image\" \/>\n<script type=\"application\/ld+json\" class=\"yoast-schema-graph\">{\"@context\":\"https:\/\/schema.org\",\"@graph\":[{\"@type\":\"WebPage\",\"@id\":\"https:\/\/aikivudao.com\/?page_id=1384\",\"url\":\"https:\/\/aikivudao.com\/?page_id=1384\",\"name\":\"CEINTURE 3EME DANG - AIKI VU DAO\",\"isPartOf\":{\"@id\":\"https:\/\/aikivudao.com\/#website\"},\"datePublished\":\"2018-09-25T20:12:18+00:00\",\"dateModified\":\"2018-09-25T20:17:41+00:00\",\"breadcrumb\":{\"@id\":\"https:\/\/aikivudao.com\/?page_id=1384#breadcrumb\"},\"inLanguage\":\"fr-FR\",\"potentialAction\":[{\"@type\":\"ReadAction\",\"target\":[\"https:\/\/aikivudao.com\/?page_id=1384\"]}]},{\"@type\":\"BreadcrumbList\",\"@id\":\"https:\/\/aikivudao.com\/?page_id=1384#breadcrumb\",\"itemListElement\":[{\"@type\":\"ListItem\",\"position\":1,\"name\":\"Accueil\",\"item\":\"https:\/\/aikivudao.com\/\"},{\"@type\":\"ListItem\",\"position\":2,\"name\":\"Techniques\",\"item\":\"https:\/\/aikivudao.com\/?page_id=29\"},{\"@type\":\"ListItem\",\"position\":3,\"name\":\"CEINTURE 3EME DANG\"}]},{\"@type\":\"WebSite\",\"@id\":\"https:\/\/aikivudao.com\/#website\",\"url\":\"https:\/\/aikivudao.com\/\",\"name\":\"AIKI VU DAO\",\"description\":\"Ecole d&#039;A\u00efkido - art martial japonais, aikibudoviet\",\"potentialAction\":[{\"@type\":\"SearchAction\",\"target\":{\"@type\":\"EntryPoint\",\"urlTemplate\":\"https:\/\/aikivudao.com\/?s={search_term_string}\"},\"query-input\":\"required name=search_term_string\"}],\"inLanguage\":\"fr-FR\"}]}<\/script>\n<!-- \/ Yoast SEO plugin. -->","yoast_head_json":{"title":"CEINTURE 3EME DANG - AIKI VU DAO","robots":{"index":"index","follow":"follow","max-snippet":"max-snippet:-1","max-image-preview":"max-image-preview:large","max-video-preview":"max-video-preview:-1"},"canonical":"https:\/\/aikivudao.com\/?page_id=1384","og_locale":"fr_FR","og_type":"article","og_title":"CEINTURE 3EME DANG - AIKI VU DAO","og_description":"Ceinture Noire 3\u00e8me Dang Le passage de 3\u00e8me DANG peut intervenir trois ans apr\u00e8s l&rsquo;attribution du dipl\u00f4me de 2\u00e8me Dang. L&rsquo;\u00e2ge minimum requis est de 25 ans dans l&rsquo;ann\u00e9e du passage. t\u00e9l\u00e9chargez la fiche au format PDF Prog_CN3_Aikivudao_2018","og_url":"https:\/\/aikivudao.com\/?page_id=1384","og_site_name":"AIKI VU DAO","article_modified_time":"2018-09-25T20:17:41+00:00","twitter_card":"summary_large_image","schema":{"@context":"https:\/\/schema.org","@graph":[{"@type":"WebPage","@id":"https:\/\/aikivudao.com\/?page_id=1384","url":"https:\/\/aikivudao.com\/?page_id=1384","name":"CEINTURE 3EME DANG - AIKI VU DAO","isPartOf":{"@id":"https:\/\/aikivudao.com\/#website"},"datePublished":"2018-09-25T20:12:18+00:00","dateModified":"2018-09-25T20:17:41+00:00","breadcrumb":{"@id":"https:\/\/aikivudao.com\/?page_id=1384#breadcrumb"},"inLanguage":"fr-FR","potentialAction":[{"@type":"ReadAction","target":["https:\/\/aikivudao.com\/?page_id=1384"]}]},{"@type":"BreadcrumbList","@id":"https:\/\/aikivudao.com\/?page_id=1384#breadcrumb","itemListElement":[{"@type":"ListItem","position":1,"name":"Accueil","item":"https:\/\/aikivudao.com\/"},{"@type":"ListItem","position":2,"name":"Techniques","item":"https:\/\/aikivudao.com\/?page_id=29"},{"@type":"ListItem","position":3,"name":"CEINTURE 3EME DANG"}]},{"@type":"WebSite","@id":"https:\/\/aikivudao.com\/#website","url":"https:\/\/aikivudao.com\/","name":"AIKI VU DAO","description":"Ecole d&#039;A\u00efkido - art martial japonais, aikibudoviet","potentialAction":[{"@type":"SearchAction","target":{"@type":"EntryPoint","urlTemplate":"https:\/\/aikivudao.com\/?s={search_term_string}"},"query-input":"required name=search_term_string"}],"inLanguage":"fr-FR"}]}},"_links":{"self":[{"href":"https:\/\/aikivudao.com\/index.php?rest_route=\/wp\/v2\/pages\/1384"}],"collection":[{"href":"https:\/\/aikivudao.com\/index.php?rest_route=\/wp\/v2\/pages"}],"about":[{"href":"https:\/\/aikivudao.com\/index.php?rest_route=\/wp\/v2\/types\/page"}],"author":[{"embeddable":true,"href":"https:\/\/aikivudao.com\/index.php?rest_route=\/wp\/v2\/users\/1"}],"replies":[{"embeddable":true,"href":"https:\/\/aikivudao.com\/index.php?rest_route=%2Fwp%2Fv2%2Fcomments&post=1384"}],"version-history":[{"count":2,"href":"https:\/\/aikivudao.com\/index.php?rest_route=\/wp\/v2\/pages\/1384\/revisions"}],"predecessor-version":[{"id":1387,"href":"https:\/\/aikivudao.com\/index.php?rest_route=\/wp\/v2\/pages\/1384\/revisions\/1387"}],"up":[{"embeddable":true,"href":"https:\/\/aikivudao.com\/index.php?rest_route=\/wp\/v2\/pages\/29"}],"wp:attachment":[{"href":"https:\/\/aikivudao.com\/index.php?rest_route=%2Fwp%2Fv2%2Fmedia&parent=1384"}],"curies":[{"name":"wp","href":"https:\/\/api.w.org\/{rel}","templated":true}]}}