{"id":1290,"date":"2018-08-04T18:56:12","date_gmt":"2018-08-04T16:56:12","guid":{"rendered":"http:\/\/aikivudao.com\/?page_id=1290"},"modified":"2025-08-09T16:41:17","modified_gmt":"2025-08-09T14:41:17","slug":"presentation-aikivudao-aikibudoviet","status":"publish","type":"page","link":"https:\/\/aikivudao.com\/","title":{"rendered":"Pr\u00e9sentation Aikivudao &#8211; Aikibudoviet"},"content":{"rendered":"<div class=\"wp-block-image\">\n<figure class=\"aligncenter is-resized\"><img decoding=\"async\" loading=\"lazy\" src=\"https:\/\/aikivudao.com\/wp-content\/uploads\/2018\/12\/DSC_0518-1024x680.jpg\" alt=\"Jean-Pierre ROUVIERE fondateur du courant a\u00efkivudao\" class=\"wp-image-1503\" width=\"652\" height=\"433\" srcset=\"https:\/\/aikivudao.com\/wp-content\/uploads\/2018\/12\/DSC_0518.jpg 1024w, https:\/\/aikivudao.com\/wp-content\/uploads\/2018\/12\/DSC_0518-300x199.jpg 300w, https:\/\/aikivudao.com\/wp-content\/uploads\/2018\/12\/DSC_0518-768x510.jpg 768w, https:\/\/aikivudao.com\/wp-content\/uploads\/2018\/12\/DSC_0518-301x200.jpg 301w\" sizes=\"(max-width: 652px) 100vw, 652px\" \/><\/figure><\/div>\n\n\n<div class=\"wp-block-media-text alignwide is-stacked-on-mobile\" style=\"grid-template-columns:45% auto\"><figure class=\"wp-block-media-text__media\"><img decoding=\"async\" loading=\"lazy\" width=\"1024\" height=\"680\" src=\"https:\/\/aikivudao.com\/wp-content\/uploads\/2018\/12\/DSC_0562-1024x680.jpg\" alt=\"\" class=\"wp-image-1509 size-full\" srcset=\"https:\/\/aikivudao.com\/wp-content\/uploads\/2018\/12\/DSC_0562.jpg 1024w, https:\/\/aikivudao.com\/wp-content\/uploads\/2018\/12\/DSC_0562-300x199.jpg 300w, https:\/\/aikivudao.com\/wp-content\/uploads\/2018\/12\/DSC_0562-768x510.jpg 768w, https:\/\/aikivudao.com\/wp-content\/uploads\/2018\/12\/DSC_0562-301x200.jpg 301w\" sizes=\"(max-width: 1024px) 100vw, 1024px\" \/><\/figure><div class=\"wp-block-media-text__content\">\n<p class=\"has-sitebg-color has-accent-1-background-color has-text-color has-background has-regular-font-size\">Qu&rsquo;est ce que l&rsquo;A\u00efkivudao ?<\/p>\n\n\n\n<p style=\"font-size:12px\">Il s&rsquo;agit d&rsquo;une \u00e9cole de budo (art martial japonais) cr\u00e9e par Jean-Pierre Rouvi\u00e8re.&nbsp; Elle propose une forme d&rsquo;a\u00efkido technique, rude, d\u00e9fensif, parfois sportif, tel qu&rsquo;il \u00e9tait enseign\u00e9 en France dans les ann\u00e9es 60, et tel que l&rsquo;a d\u00e9couvert et appris Jean-Pierre Rouvi\u00e8re d\u00e8s 1964 dans les cours des maitres&nbsp; Andr\u00e9 Noquet,&nbsp; Masamichi Noro,  Mutsuro  Nakazono, Nobuyoshi Tamura.<\/p>\n<\/div><\/div>\n\n\n\n<figure class=\"is-layout-flex wp-block-gallery-1 wp-block-gallery has-nested-images columns-6\">\n<figure class=\"wp-block-image\"><img decoding=\"async\" loading=\"lazy\" width=\"276\" height=\"200\" data-id=\"275\"  src=\"https:\/\/aikivudao.com\/wp-content\/uploads\/2015\/05\/aikibudo_ueshiba.jpg\" alt=\"\" class=\"wp-image-275\"\/><\/figure>\n\n\n\n<figure class=\"wp-block-image\"><img decoding=\"async\" loading=\"lazy\" width=\"113\" height=\"193\" data-id=\"262\"  src=\"https:\/\/aikivudao.com\/wp-content\/uploads\/2015\/05\/Nakazono-04.jpg\" alt=\"\" class=\"wp-image-262\"\/><\/figure>\n\n\n\n<figure class=\"wp-block-image\"><img decoding=\"async\" loading=\"lazy\" width=\"284\" height=\"400\" data-id=\"258\"  src=\"https:\/\/aikivudao.com\/wp-content\/uploads\/2015\/05\/Noro-Masamichi-008.jpg\" alt=\"\" class=\"wp-image-258\" srcset=\"https:\/\/aikivudao.com\/wp-content\/uploads\/2015\/05\/Noro-Masamichi-008.jpg 284w, https:\/\/aikivudao.com\/wp-content\/uploads\/2015\/05\/Noro-Masamichi-008-213x300.jpg 213w\" sizes=\"(max-width: 284px) 100vw, 284px\" \/><figcaption class=\"wp-element-caption\">M. Noro<\/figcaption><\/figure>\n\n\n\n<figure class=\"wp-block-image\"><img decoding=\"async\" loading=\"lazy\" width=\"278\" height=\"413\" data-id=\"265\"  src=\"https:\/\/aikivudao.com\/wp-content\/uploads\/2015\/05\/Tadashi-Abe.jpg\" alt=\"\" class=\"wp-image-265\" srcset=\"https:\/\/aikivudao.com\/wp-content\/uploads\/2015\/05\/Tadashi-Abe.jpg 278w, https:\/\/aikivudao.com\/wp-content\/uploads\/2015\/05\/Tadashi-Abe-202x300.jpg 202w\" sizes=\"(max-width: 278px) 100vw, 278px\" \/><figcaption class=\"wp-element-caption\">T.Abe<\/figcaption><\/figure>\n\n\n\n<figure class=\"wp-block-image\"><img decoding=\"async\" loading=\"lazy\" width=\"150\" height=\"221\" data-id=\"250\"  src=\"https:\/\/aikivudao.com\/wp-content\/uploads\/2015\/05\/aikido001.jpg\" alt=\"\" class=\"wp-image-250\"\/><\/figure>\n\n\n\n<figure class=\"wp-block-image\"><img decoding=\"async\" loading=\"lazy\" width=\"169\" height=\"153\" data-id=\"53\"  src=\"https:\/\/aikivudao.com\/wp-content\/uploads\/2015\/03\/Rouviere_2.jpg\" alt=\"\" class=\"wp-image-53\"\/><figcaption class=\"wp-element-caption\">Jean-Pierre Rouviere<\/figcaption><\/figure>\n<\/figure>\n\n\n\n<p style=\"font-size:14px\">Fond\u00e9e en marge des f\u00e9d\u00e9rations FFAB et FFAAA,l&rsquo;aikivudao s&rsquo;\u00e9loigne en cela du style A\u00efkido\/A\u00efkika\u00ef, le plus d\u00e9velopp\u00e9 aujourd&rsquo;hui et initi\u00e9 par <strong>Kisshomaru Ueshiba<\/strong>, fils du fondateur de l&rsquo;aikido, Morihei Ueshiba. <\/p>\n\n\n\n<div class=\"wp-block-media-text alignwide is-stacked-on-mobile\" style=\"grid-template-columns:42% auto\"><figure class=\"wp-block-media-text__media\"><img decoding=\"async\" loading=\"lazy\" width=\"1024\" height=\"682\" src=\"https:\/\/aikivudao.com\/wp-content\/uploads\/2015\/03\/IMG_2799-1024x682.jpg\" alt=\"\" class=\"wp-image-21 size-full\" srcset=\"https:\/\/aikivudao.com\/wp-content\/uploads\/2015\/03\/IMG_2799-1024x682.jpg 1024w, https:\/\/aikivudao.com\/wp-content\/uploads\/2015\/03\/IMG_2799-300x200.jpg 300w\" sizes=\"(max-width: 1024px) 100vw, 1024px\" \/><\/figure><div class=\"wp-block-media-text__content\">\n<p class=\"has-sitebg-color has-headings-background-color has-text-color has-background has-regular-font-size\">\nJean-Pierre Rouvi\u00e8re a commenc\u00e9 l&rsquo;enseignement d\u00e8s son 1er Dan (shodan) en 1968. Il a commenc\u00e9 \u00e0 structurer son enseignement avec l&rsquo;aide du ma\u00eetre vietnamien <strong>Nguy\u1ec5n C\u00f4ng T\u00f4t<\/strong> en 1976 \u00e0 Marseille. C&rsquo;est en hommage \u00e0 cette association amicale que l&rsquo;art martial s&rsquo;est appel\u00e9 tour \u00e0 tour aikibudoviet puis aikivudao.\n\n<\/p>\n<\/div><\/div>\n\n\n\n<figure class=\"is-layout-flex wp-block-gallery-3 wp-block-gallery has-nested-images columns-3 is-cropped\">\n<figure class=\"wp-block-image\"><img decoding=\"async\" loading=\"lazy\" width=\"1024\" height=\"768\" data-id=\"1480\"  src=\"https:\/\/aikivudao.com\/wp-content\/uploads\/2018\/11\/IMG_2002-1024x768.jpg\" alt=\"\" class=\"wp-image-1480\" srcset=\"https:\/\/aikivudao.com\/wp-content\/uploads\/2018\/11\/IMG_2002-1024x768.jpg 1024w, https:\/\/aikivudao.com\/wp-content\/uploads\/2018\/11\/IMG_2002-300x225.jpg 300w, https:\/\/aikivudao.com\/wp-content\/uploads\/2018\/11\/IMG_2002-768x576.jpg 768w, https:\/\/aikivudao.com\/wp-content\/uploads\/2018\/11\/IMG_2002-267x200.jpg 267w\" sizes=\"(max-width: 1024px) 100vw, 1024px\" \/><\/figure>\n\n\n\n<figure class=\"wp-block-image\"><img decoding=\"async\" loading=\"lazy\" width=\"683\" height=\"1024\" data-id=\"1472\"  src=\"https:\/\/aikivudao.com\/wp-content\/uploads\/2018\/11\/IMG_8583-e1543100642472-683x1024.jpg\" alt=\"\" class=\"wp-image-1472\" srcset=\"https:\/\/aikivudao.com\/wp-content\/uploads\/2018\/11\/IMG_8583-e1543100642472-683x1024.jpg 683w, https:\/\/aikivudao.com\/wp-content\/uploads\/2018\/11\/IMG_8583-e1543100642472-200x300.jpg 200w, https:\/\/aikivudao.com\/wp-content\/uploads\/2018\/11\/IMG_8583-e1543100642472-768x1152.jpg 768w, https:\/\/aikivudao.com\/wp-content\/uploads\/2018\/11\/IMG_8583-e1543100642472-133x200.jpg 133w\" sizes=\"(max-width: 683px) 100vw, 683px\" \/><\/figure>\n\n\n\n<figure class=\"wp-block-image\"><img decoding=\"async\" loading=\"lazy\" width=\"1024\" height=\"368\" data-id=\"1333\"  src=\"https:\/\/aikivudao.com\/wp-content\/uploads\/2018\/08\/slider_7-1024x368.jpg\" alt=\"\" class=\"wp-image-1333\" srcset=\"https:\/\/aikivudao.com\/wp-content\/uploads\/2018\/08\/slider_7-1024x368.jpg 1024w, https:\/\/aikivudao.com\/wp-content\/uploads\/2018\/08\/slider_7-300x108.jpg 300w, https:\/\/aikivudao.com\/wp-content\/uploads\/2018\/08\/slider_7-768x276.jpg 768w, https:\/\/aikivudao.com\/wp-content\/uploads\/2018\/08\/slider_7-557x200.jpg 557w, https:\/\/aikivudao.com\/wp-content\/uploads\/2018\/08\/slider_7-960x345.jpg 960w, https:\/\/aikivudao.com\/wp-content\/uploads\/2018\/08\/slider_7-620x223.jpg 620w, https:\/\/aikivudao.com\/wp-content\/uploads\/2018\/08\/slider_7-400x144.jpg 400w, https:\/\/aikivudao.com\/wp-content\/uploads\/2018\/08\/slider_7.jpg 2048w\" sizes=\"(max-width: 1024px) 100vw, 1024px\" \/><\/figure>\n\n\n\n<figure class=\"wp-block-image\"><img decoding=\"async\" loading=\"lazy\" width=\"1024\" height=\"368\" data-id=\"1321\"  src=\"https:\/\/aikivudao.com\/wp-content\/uploads\/2018\/08\/slider_1-1024x368.jpg\" alt=\"\" class=\"wp-image-1321\" srcset=\"https:\/\/aikivudao.com\/wp-content\/uploads\/2018\/08\/slider_1-1024x368.jpg 1024w, https:\/\/aikivudao.com\/wp-content\/uploads\/2018\/08\/slider_1-300x108.jpg 300w, https:\/\/aikivudao.com\/wp-content\/uploads\/2018\/08\/slider_1-768x276.jpg 768w, https:\/\/aikivudao.com\/wp-content\/uploads\/2018\/08\/slider_1-557x200.jpg 557w, https:\/\/aikivudao.com\/wp-content\/uploads\/2018\/08\/slider_1-960x345.jpg 960w, https:\/\/aikivudao.com\/wp-content\/uploads\/2018\/08\/slider_1-620x223.jpg 620w, https:\/\/aikivudao.com\/wp-content\/uploads\/2018\/08\/slider_1-400x144.jpg 400w\" sizes=\"(max-width: 1024px) 100vw, 1024px\" \/><\/figure>\n\n\n\n<figure class=\"wp-block-image\"><img decoding=\"async\" loading=\"lazy\" width=\"1024\" height=\"768\" data-id=\"155\"  src=\"https:\/\/aikivudao.com\/wp-content\/uploads\/2015\/04\/P1020100-bis-1024x768.jpg\" alt=\"\" class=\"wp-image-155\" srcset=\"https:\/\/aikivudao.com\/wp-content\/uploads\/2015\/04\/P1020100-bis-1024x768.jpg 1024w, https:\/\/aikivudao.com\/wp-content\/uploads\/2015\/04\/P1020100-bis-300x225.jpg 300w\" sizes=\"(max-width: 1024px) 100vw, 1024px\" \/><\/figure>\n\n\n\n<figure class=\"wp-block-image\"><img decoding=\"async\" loading=\"lazy\" width=\"734\" height=\"494\" data-id=\"10\"  src=\"https:\/\/aikivudao.com\/wp-content\/uploads\/2015\/03\/old8WEB.jpg\" alt=\"\" class=\"wp-image-10\" srcset=\"https:\/\/aikivudao.com\/wp-content\/uploads\/2015\/03\/old8WEB.jpg 734w, https:\/\/aikivudao.com\/wp-content\/uploads\/2015\/03\/old8WEB-300x201.jpg 300w\" sizes=\"(max-width: 734px) 100vw, 734px\" \/><figcaption class=\"wp-element-caption\">Cours<\/figcaption><\/figure>\n<\/figure>\n\n\n\n<p style=\"font-size:14px\">En pratique, les techniques sont celles de l\u2019a\u00efkido mais g\u00e9n\u00e9ralement appliqu\u00e9es \u00e0 des situations r\u00e9elles. Les attaques sont apprises progressivement et sont ensuite port\u00e9es sinc\u00e8rement ou \u00e0 pleine puissance. Dans ce but, les cours sont construits autour d&rsquo;un travail rigoureux sur les attaques et d&rsquo;un entrainement physique qui se retrouve dans les budo japonais actuels (karat\u00e9 ou judo), ou dans l\u2019a\u00efkido originel des maitres Shioda ou Abe dans les ann\u00e9es 50-60. <\/p>\n\n\n\n<figure class=\"is-layout-flex wp-block-gallery-5 wp-block-gallery has-nested-images columns-6 is-cropped\">\n<figure class=\"wp-block-image\"><img decoding=\"async\" loading=\"lazy\" width=\"150\" height=\"246\" data-id=\"251\"  src=\"https:\/\/aikivudao.com\/wp-content\/uploads\/2015\/05\/aikido002.jpg\" alt=\"\" class=\"wp-image-251\"\/><\/figure>\n\n\n\n<figure class=\"wp-block-image\"><img decoding=\"async\" loading=\"lazy\" width=\"295\" height=\"438\" data-id=\"241\"  src=\"https:\/\/aikivudao.com\/wp-content\/uploads\/2015\/05\/sensei_shioda1.gif\" alt=\"\" class=\"wp-image-241\"\/><\/figure>\n\n\n\n<figure class=\"wp-block-image\"><img decoding=\"async\" loading=\"lazy\" width=\"614\" height=\"1024\" data-id=\"1312\"  src=\"https:\/\/aikivudao.com\/wp-content\/uploads\/2018\/08\/shioda_app1-614x1024.jpg\" alt=\"\" class=\"wp-image-1312\" srcset=\"https:\/\/aikivudao.com\/wp-content\/uploads\/2018\/08\/shioda_app1-614x1024.jpg 614w, https:\/\/aikivudao.com\/wp-content\/uploads\/2018\/08\/shioda_app1-180x300.jpg 180w, https:\/\/aikivudao.com\/wp-content\/uploads\/2018\/08\/shioda_app1-120x200.jpg 120w, https:\/\/aikivudao.com\/wp-content\/uploads\/2018\/08\/shioda_app1.jpg 657w\" sizes=\"(max-width: 614px) 100vw, 614px\" \/><\/figure>\n\n\n\n<figure class=\"wp-block-image\"><img decoding=\"async\" loading=\"lazy\" width=\"719\" height=\"510\" data-id=\"16\"  src=\"https:\/\/aikivudao.com\/wp-content\/uploads\/2015\/03\/old13WEB.jpg\" alt=\"\" class=\"wp-image-16\" srcset=\"https:\/\/aikivudao.com\/wp-content\/uploads\/2015\/03\/old13WEB.jpg 719w, https:\/\/aikivudao.com\/wp-content\/uploads\/2015\/03\/old13WEB-300x212.jpg 300w\" sizes=\"(max-width: 719px) 100vw, 719px\" \/><\/figure>\n\n\n\n<figure class=\"wp-block-image\"><img decoding=\"async\" loading=\"lazy\" width=\"854\" height=\"574\" data-id=\"11\"  src=\"https:\/\/aikivudao.com\/wp-content\/uploads\/2015\/03\/old16WEB.jpg\" alt=\"\" class=\"wp-image-11\" srcset=\"https:\/\/aikivudao.com\/wp-content\/uploads\/2015\/03\/old16WEB.jpg 854w, https:\/\/aikivudao.com\/wp-content\/uploads\/2015\/03\/old16WEB-300x201.jpg 300w\" sizes=\"(max-width: 854px) 100vw, 854px\" \/><figcaption class=\"wp-element-caption\">d\u00e9monstration<\/figcaption><\/figure>\n\n\n\n<figure class=\"wp-block-image\"><img decoding=\"async\" loading=\"lazy\" width=\"800\" height=\"601\" data-id=\"17\"  src=\"https:\/\/aikivudao.com\/wp-content\/uploads\/2015\/03\/DSCF0049.jpg\" alt=\"\" class=\"wp-image-17\" srcset=\"https:\/\/aikivudao.com\/wp-content\/uploads\/2015\/03\/DSCF0049.jpg 800w, https:\/\/aikivudao.com\/wp-content\/uploads\/2015\/03\/DSCF0049-300x225.jpg 300w\" sizes=\"(max-width: 800px) 100vw, 800px\" \/><\/figure>\n<\/figure>\n\n\n\n<div class=\"wp-block-media-text alignwide is-stacked-on-mobile\" style=\"grid-template-columns:10% auto\"><figure class=\"wp-block-media-text__media\"><img decoding=\"async\" loading=\"lazy\" width=\"724\" height=\"1024\" src=\"https:\/\/aikivudao.com\/wp-content\/uploads\/2016\/01\/logo_aikivudao_base2015-724x1024.jpg\" alt=\"\" class=\"wp-image-732 size-full\" srcset=\"https:\/\/aikivudao.com\/wp-content\/uploads\/2016\/01\/logo_aikivudao_base2015-724x1024.jpg 724w, https:\/\/aikivudao.com\/wp-content\/uploads\/2016\/01\/logo_aikivudao_base2015-212x300.jpg 212w, https:\/\/aikivudao.com\/wp-content\/uploads\/2016\/01\/logo_aikivudao_base2015-768x1086.jpg 768w, https:\/\/aikivudao.com\/wp-content\/uploads\/2016\/01\/logo_aikivudao_base2015.jpg 1024w\" sizes=\"(max-width: 724px) 100vw, 724px\" \/><\/figure><div class=\"wp-block-media-text__content\">\n<p style=\"font-size:12px\">L&rsquo;\u00e9cole A\u00efkivudao est regroup\u00e9e sous l&rsquo;association F.A.K.V.D.F, qui regroupe les clubs qui suivent le m\u00eame enseignement. Fond\u00e9e par les plus anciens pratiquants de l&rsquo;\u00e9cole, d\u00e9sireux de voir perdurer l&rsquo;enseignement de Jean-Pierre Rouvi\u00e8re. Elle a \u00e9t\u00e9 d\u00e9clar\u00e9e \u00e0 la Pr\u00e9fecture des Bouches du Rh\u00f4ne le 13 septembre 2015 sous le N\u00b0 W133023755.  <em>Afin de garantir une possibilit\u00e9 d&rsquo;expansion et une reconnaissance des grades et dipl\u00f4mes, les clubs peuvent d\u00e9sormais s&rsquo;affilier \u00e0 la FAMTV (f\u00e9d\u00e9ration des arts martiaux traditionnels vietnamiens) ou \u00e0 la F.F.S.T. (f\u00e9d\u00e9ration fran\u00e7aise du sport travailliste).<\/em> L&rsquo;adh\u00e9sion \u00e0 l&rsquo;association F.A.K.V.D.F. reste obligatoire pour tous.<\/p>\n<\/div><\/div>\n\n\n\n<h2>Le Kamiza<\/h2>\n\n\n\n<p>En a\u00efkivudao, nous avons choisi une symbolique particuli\u00e8re pour identifier un art martial brut, moins affin\u00e9 que les styles d&rsquo;a\u00efkido courants, plus basique. M\u00eame si nous nous reconnaissons dans le travail de O Sensei, Morihei Ueshiba, c&rsquo;est sa pratique de l&rsquo;a\u00efki jutsu, aiki budo (\u00e0 ne pas confondre avec l&rsquo;aikibudo \u00e9cole Floquet) qui nous int\u00e9resse. <\/p>\n\n\n\n<p>Dans ce but nous saluons le pratiquant jeune et encore en d\u00e9veloppement du M. Ueshiba de 1920. Histoire de nous rappeler que nous sommes encore en d\u00e9veloppement, loin d&rsquo;\u00eatre parfaits, et en recherche permanente d&rsquo;efficacit\u00e9.<\/p>\n\n\n\n<figure class=\"wp-block-image\"><img decoding=\"async\" loading=\"lazy\" width=\"400\" height=\"580\" src=\"https:\/\/aikivudao.com\/wp-content\/uploads\/2019\/12\/morihei_ueshiba_39_ans_1922.jpg\" alt=\"\" class=\"wp-image-1816\" srcset=\"https:\/\/aikivudao.com\/wp-content\/uploads\/2019\/12\/morihei_ueshiba_39_ans_1922.jpg 400w, https:\/\/aikivudao.com\/wp-content\/uploads\/2019\/12\/morihei_ueshiba_39_ans_1922-207x300.jpg 207w, https:\/\/aikivudao.com\/wp-content\/uploads\/2019\/12\/morihei_ueshiba_39_ans_1922-138x200.jpg 138w\" sizes=\"(max-width: 400px) 100vw, 400px\" \/><\/figure>\n","protected":false},"excerpt":{"rendered":"<p>Qu&rsquo;est ce que l&rsquo;A\u00efkivudao ? Il s&rsquo;agit d&rsquo;une \u00e9cole de budo (art martial japonais) cr\u00e9e par Jean-Pierre Rouvi\u00e8re.&nbsp; Elle propose une forme d&rsquo;a\u00efkido technique, rude, d\u00e9fensif, parfois sportif, tel qu&rsquo;il \u00e9tait enseign\u00e9 en France dans les ann\u00e9es 60, et tel que l&rsquo;a d\u00e9couvert et appris Jean-Pierre Rouvi\u00e8re d\u00e8s 1964 dans &hellip;<\/p>\n","protected":false},"author":1,"featured_media":7,"parent":0,"menu_order":0,"comment_status":"closed","ping_status":"closed","template":"","meta":[],"yoast_head":"<!-- This site is optimized with the Yoast SEO plugin v21.1 - https:\/\/yoast.com\/wordpress\/plugins\/seo\/ -->\n<title>Pr\u00e9sentation Aikivudao - Aikibudoviet - AIKI VU DAO<\/title>\n<meta name=\"robots\" content=\"index, follow, max-snippet:-1, max-image-preview:large, max-video-preview:-1\" \/>\n<link rel=\"canonical\" href=\"https:\/\/aikivudao.com\/\" \/>\n<meta property=\"og:locale\" content=\"fr_FR\" \/>\n<meta property=\"og:type\" content=\"article\" \/>\n<meta property=\"og:title\" content=\"Pr\u00e9sentation Aikivudao - Aikibudoviet - AIKI VU DAO\" \/>\n<meta property=\"og:description\" content=\"Qu&rsquo;est ce que l&rsquo;A\u00efkivudao ? Il s&rsquo;agit d&rsquo;une \u00e9cole de budo (art martial japonais) cr\u00e9e par Jean-Pierre Rouvi\u00e8re.&nbsp; Elle propose une forme d&rsquo;a\u00efkido technique, rude, d\u00e9fensif, parfois sportif, tel qu&rsquo;il \u00e9tait enseign\u00e9 en France dans les ann\u00e9es 60, et tel que l&rsquo;a d\u00e9couvert et appris Jean-Pierre Rouvi\u00e8re d\u00e8s 1964 dans &hellip;\" \/>\n<meta property=\"og:url\" content=\"https:\/\/aikivudao.com\/\" \/>\n<meta property=\"og:site_name\" content=\"AIKI VU DAO\" \/>\n<meta property=\"article:modified_time\" content=\"2025-08-09T14:41:17+00:00\" \/>\n<meta property=\"og:image\" content=\"https:\/\/aikivudao.com\/wp-content\/uploads\/2015\/03\/DSCF0052.jpg\" \/>\n\t<meta property=\"og:image:width\" content=\"800\" \/>\n\t<meta property=\"og:image:height\" content=\"601\" \/>\n\t<meta property=\"og:image:type\" content=\"image\/jpeg\" \/>\n<meta name=\"twitter:card\" content=\"summary_large_image\" \/>\n<script type=\"application\/ld+json\" class=\"yoast-schema-graph\">{\"@context\":\"https:\/\/schema.org\",\"@graph\":[{\"@type\":\"WebPage\",\"@id\":\"https:\/\/aikivudao.com\/\",\"url\":\"https:\/\/aikivudao.com\/\",\"name\":\"Pr\u00e9sentation Aikivudao - Aikibudoviet - AIKI VU DAO\",\"isPartOf\":{\"@id\":\"https:\/\/aikivudao.com\/#website\"},\"datePublished\":\"2018-08-04T16:56:12+00:00\",\"dateModified\":\"2025-08-09T14:41:17+00:00\",\"breadcrumb\":{\"@id\":\"https:\/\/aikivudao.com\/#breadcrumb\"},\"inLanguage\":\"fr-FR\",\"potentialAction\":[{\"@type\":\"ReadAction\",\"target\":[\"https:\/\/aikivudao.com\/\"]}]},{\"@type\":\"BreadcrumbList\",\"@id\":\"https:\/\/aikivudao.com\/#breadcrumb\",\"itemListElement\":[{\"@type\":\"ListItem\",\"position\":1,\"name\":\"Accueil\",\"item\":\"https:\/\/aikivudao.com\/\"},{\"@type\":\"ListItem\",\"position\":2,\"name\":\"Pr\u00e9sentation Aikivudao &#8211; Aikibudoviet\"}]},{\"@type\":\"WebSite\",\"@id\":\"https:\/\/aikivudao.com\/#website\",\"url\":\"https:\/\/aikivudao.com\/\",\"name\":\"AIKI VU DAO\",\"description\":\"Ecole d&#039;A\u00efkido - art martial japonais, aikibudoviet\",\"potentialAction\":[{\"@type\":\"SearchAction\",\"target\":{\"@type\":\"EntryPoint\",\"urlTemplate\":\"https:\/\/aikivudao.com\/?s={search_term_string}\"},\"query-input\":\"required name=search_term_string\"}],\"inLanguage\":\"fr-FR\"}]}<\/script>\n<!-- \/ Yoast SEO plugin. -->","yoast_head_json":{"title":"Pr\u00e9sentation Aikivudao - Aikibudoviet - AIKI VU DAO","robots":{"index":"index","follow":"follow","max-snippet":"max-snippet:-1","max-image-preview":"max-image-preview:large","max-video-preview":"max-video-preview:-1"},"canonical":"https:\/\/aikivudao.com\/","og_locale":"fr_FR","og_type":"article","og_title":"Pr\u00e9sentation Aikivudao - Aikibudoviet - AIKI VU DAO","og_description":"Qu&rsquo;est ce que l&rsquo;A\u00efkivudao ? Il s&rsquo;agit d&rsquo;une \u00e9cole de budo (art martial japonais) cr\u00e9e par Jean-Pierre Rouvi\u00e8re.&nbsp; Elle propose une forme d&rsquo;a\u00efkido technique, rude, d\u00e9fensif, parfois sportif, tel qu&rsquo;il \u00e9tait enseign\u00e9 en France dans les ann\u00e9es 60, et tel que l&rsquo;a d\u00e9couvert et appris Jean-Pierre Rouvi\u00e8re d\u00e8s 1964 dans &hellip;","og_url":"https:\/\/aikivudao.com\/","og_site_name":"AIKI VU DAO","article_modified_time":"2025-08-09T14:41:17+00:00","og_image":[{"width":800,"height":601,"url":"https:\/\/aikivudao.com\/wp-content\/uploads\/2015\/03\/DSCF0052.jpg","type":"image\/jpeg"}],"twitter_card":"summary_large_image","schema":{"@context":"https:\/\/schema.org","@graph":[{"@type":"WebPage","@id":"https:\/\/aikivudao.com\/","url":"https:\/\/aikivudao.com\/","name":"Pr\u00e9sentation Aikivudao - Aikibudoviet - AIKI VU DAO","isPartOf":{"@id":"https:\/\/aikivudao.com\/#website"},"datePublished":"2018-08-04T16:56:12+00:00","dateModified":"2025-08-09T14:41:17+00:00","breadcrumb":{"@id":"https:\/\/aikivudao.com\/#breadcrumb"},"inLanguage":"fr-FR","potentialAction":[{"@type":"ReadAction","target":["https:\/\/aikivudao.com\/"]}]},{"@type":"BreadcrumbList","@id":"https:\/\/aikivudao.com\/#breadcrumb","itemListElement":[{"@type":"ListItem","position":1,"name":"Accueil","item":"https:\/\/aikivudao.com\/"},{"@type":"ListItem","position":2,"name":"Pr\u00e9sentation Aikivudao &#8211; Aikibudoviet"}]},{"@type":"WebSite","@id":"https:\/\/aikivudao.com\/#website","url":"https:\/\/aikivudao.com\/","name":"AIKI VU DAO","description":"Ecole d&#039;A\u00efkido - art martial japonais, aikibudoviet","potentialAction":[{"@type":"SearchAction","target":{"@type":"EntryPoint","urlTemplate":"https:\/\/aikivudao.com\/?s={search_term_string}"},"query-input":"required name=search_term_string"}],"inLanguage":"fr-FR"}]}},"_links":{"self":[{"href":"https:\/\/aikivudao.com\/index.php?rest_route=\/wp\/v2\/pages\/1290"}],"collection":[{"href":"https:\/\/aikivudao.com\/index.php?rest_route=\/wp\/v2\/pages"}],"about":[{"href":"https:\/\/aikivudao.com\/index.php?rest_route=\/wp\/v2\/types\/page"}],"author":[{"embeddable":true,"href":"https:\/\/aikivudao.com\/index.php?rest_route=\/wp\/v2\/users\/1"}],"replies":[{"embeddable":true,"href":"https:\/\/aikivudao.com\/index.php?rest_route=%2Fwp%2Fv2%2Fcomments&post=1290"}],"version-history":[{"count":17,"href":"https:\/\/aikivudao.com\/index.php?rest_route=\/wp\/v2\/pages\/1290\/revisions"}],"predecessor-version":[{"id":3300,"href":"https:\/\/aikivudao.com\/index.php?rest_route=\/wp\/v2\/pages\/1290\/revisions\/3300"}],"wp:featuredmedia":[{"embeddable":true,"href":"https:\/\/aikivudao.com\/index.php?rest_route=\/wp\/v2\/media\/7"}],"wp:attachment":[{"href":"https:\/\/aikivudao.com\/index.php?rest_route=%2Fwp%2Fv2%2Fmedia&parent=1290"}],"curies":[{"name":"wp","href":"https:\/\/api.w.org\/{rel}","templated":true}]}}